{"id":13721,"date":"2022-06-08T13:08:09","date_gmt":"2022-06-08T10:08:09","guid":{"rendered":"https:\/\/pegasrestaurant.md\/product\/ciorba-de-pui-de-casa\/"},"modified":"2023-05-26T12:09:58","modified_gmt":"2023-05-26T09:09:58","slug":"ciorba-de-pui-de-casa","status":"publish","type":"product","link":"https:\/\/pegasrestaurant.md\/ro\/produs\/ciorba-de-pui-de-casa\/","title":{"rendered":"Ciorba cu pui de cas\u0103"},"content":{"rendered":"<p>Sup\u0103 cu pui de cas\u0103: bulion de pui aromat de cas\u0103, t\u0103i\u021bei de cas\u0103, ou\u0103 de prepeli\u021b\u0103, carne de pui, morcovi, ceap\u0103 \u0219i ierburi proaspete. Op\u021biune grozav\u0103 pentru pr\u00e2nz. Simte-te ca acas\u0103!<\/p>\n","protected":false},"excerpt":{"rendered":"<p><span style=\"color: #c9ab81;\"><strong>Greutate:<\/strong><\/span> 350 g<\/p>\n<p>&nbsp;<\/p>\n<p><span style=\"color: #c9ab81;\"><strong>Ingrediente:<\/strong><\/span> <span data-sheets-formula-bar-text-style=\"font-size:15px;color:#000000;font-weight:normal;text-decoration:none;font-family:'Arial';font-style:normal;text-decoration-skip-ink:none;\">T\u0103i\u021bei, carne de pui, ou\u0103 de prepeli\u021b\u0103, ceap\u0103, morcov, ardei gras, leu\u0219tean, p\u0103trunjel<\/span><\/p>\n","protected":false},"featured_media":0,"template":"","meta":{"inline_featured_image":false},"product_cat":[98],"product_tag":[],"class_list":["post-13721","product","type-product","status-publish","hentry","product_cat-feluri-intai"],"yoast_head":"<!-- This site is optimized with the Yoast SEO plugin v19.6.1 - https:\/\/yoast.com\/wordpress\/plugins\/seo\/ -->\n<title>Supa copioas\u0103 de pui preparat\u0103 ca acas\u0103 de la Pegas Terrace &amp; Restaurant<\/title>\n<meta name=\"description\" content=\"Bucatele preparate ca acas\u0103 - cele mai bune bucate. Supa preferat\u0103 de pui de cas\u0103 de la buc\u0103tarul nostru - ce ar putea fi mai gustos \u0219i mai s\u0103n\u0103tos? Te a\u0219tept\u0103m la pr\u00e2nz!\" \/>\n<meta name=\"robots\" content=\"index, follow, max-snippet:-1, max-image-preview:large, max-video-preview:-1\" \/>\n<link rel=\"canonical\" href=\"https:\/\/pegasrestaurant.md\/ro\/produs\/ciorba-de-pui-de-casa\/\" \/>\n<meta property=\"og:locale\" content=\"ro_RO\" \/>\n<meta property=\"og:type\" content=\"article\" \/>\n<meta property=\"og:title\" content=\"Supa copioas\u0103 de pui preparat\u0103 ca acas\u0103 de la Pegas Terrace &amp; Restaurant\" \/>\n<meta property=\"og:description\" content=\"Bucatele preparate ca acas\u0103 - cele mai bune bucate. Supa preferat\u0103 de pui de cas\u0103 de la buc\u0103tarul nostru - ce ar putea fi mai gustos \u0219i mai s\u0103n\u0103tos? Te a\u0219tept\u0103m la pr\u00e2nz!\" \/>\n<meta property=\"og:url\" content=\"https:\/\/pegasrestaurant.md\/ro\/produs\/ciorba-de-pui-de-casa\/\" \/>\n<meta property=\"og:site_name\" content=\"Pegas Terrace &amp; Restaurant\" \/>\n<meta property=\"article:modified_time\" content=\"2023-05-26T09:09:58+00:00\" \/>\n<meta name=\"twitter:card\" content=\"summary_large_image\" \/>\n<script type=\"application\/ld+json\" class=\"yoast-schema-graph\">{\"@context\":\"https:\/\/schema.org\",\"@graph\":[{\"@type\":\"WebPage\",\"@id\":\"https:\/\/pegasrestaurant.md\/ro\/produs\/ciorba-de-pui-de-casa\/\",\"url\":\"https:\/\/pegasrestaurant.md\/ro\/produs\/ciorba-de-pui-de-casa\/\",\"name\":\"Supa copioas\u0103 de pui preparat\u0103 ca acas\u0103 de la Pegas Terrace & Restaurant\",\"isPartOf\":{\"@id\":\"https:\/\/pegasrestaurant.md\/en\/#website\"},\"datePublished\":\"2022-06-08T10:08:09+00:00\",\"dateModified\":\"2023-05-26T09:09:58+00:00\",\"description\":\"Bucatele preparate ca acas\u0103 - cele mai bune bucate. Supa preferat\u0103 de pui de cas\u0103 de la buc\u0103tarul nostru - ce ar putea fi mai gustos \u0219i mai s\u0103n\u0103tos? Te a\u0219tept\u0103m la pr\u00e2nz!\",\"breadcrumb\":{\"@id\":\"https:\/\/pegasrestaurant.md\/ro\/produs\/ciorba-de-pui-de-casa\/#breadcrumb\"},\"inLanguage\":\"ro-RO\",\"potentialAction\":[{\"@type\":\"ReadAction\",\"target\":[\"https:\/\/pegasrestaurant.md\/ro\/produs\/ciorba-de-pui-de-casa\/\"]}]},{\"@type\":\"BreadcrumbList\",\"@id\":\"https:\/\/pegasrestaurant.md\/ro\/produs\/ciorba-de-pui-de-casa\/#breadcrumb\",\"itemListElement\":[{\"@type\":\"ListItem\",\"position\":1,\"name\":\"\u0413\u043b\u0430\u0432\u043d\u0430\u044f \u0441\u0442\u0440\u0430\u043d\u0438\u0446\u0430\",\"item\":\"https:\/\/pegasrestaurant.md\/ro\/\"},{\"@type\":\"ListItem\",\"position\":2,\"name\":\"Comand\u0103 online\",\"item\":\"https:\/\/pegasrestaurant.md\/ro\/comanda-online\/\"},{\"@type\":\"ListItem\",\"position\":3,\"name\":\"Ciorba cu pui de cas\u0103\"}]},{\"@type\":\"WebSite\",\"@id\":\"https:\/\/pegasrestaurant.md\/en\/#website\",\"url\":\"https:\/\/pegasrestaurant.md\/en\/\",\"name\":\"Pegas Terrace &amp; Restaurant\",\"description\":\"\",\"potentialAction\":[{\"@type\":\"SearchAction\",\"target\":{\"@type\":\"EntryPoint\",\"urlTemplate\":\"https:\/\/pegasrestaurant.md\/en\/?s={search_term_string}\"},\"query-input\":\"required name=search_term_string\"}],\"inLanguage\":\"ro-RO\"}]}<\/script>\n<!-- \/ Yoast SEO plugin. -->","yoast_head_json":{"title":"Supa copioas\u0103 de pui preparat\u0103 ca acas\u0103 de la Pegas Terrace & Restaurant","description":"Bucatele preparate ca acas\u0103 - cele mai bune bucate. Supa preferat\u0103 de pui de cas\u0103 de la buc\u0103tarul nostru - ce ar putea fi mai gustos \u0219i mai s\u0103n\u0103tos? Te a\u0219tept\u0103m la pr\u00e2nz!","robots":{"index":"index","follow":"follow","max-snippet":"max-snippet:-1","max-image-preview":"max-image-preview:large","max-video-preview":"max-video-preview:-1"},"canonical":"https:\/\/pegasrestaurant.md\/ro\/produs\/ciorba-de-pui-de-casa\/","og_locale":"ro_RO","og_type":"article","og_title":"Supa copioas\u0103 de pui preparat\u0103 ca acas\u0103 de la Pegas Terrace & Restaurant","og_description":"Bucatele preparate ca acas\u0103 - cele mai bune bucate. Supa preferat\u0103 de pui de cas\u0103 de la buc\u0103tarul nostru - ce ar putea fi mai gustos \u0219i mai s\u0103n\u0103tos? Te a\u0219tept\u0103m la pr\u00e2nz!","og_url":"https:\/\/pegasrestaurant.md\/ro\/produs\/ciorba-de-pui-de-casa\/","og_site_name":"Pegas Terrace &amp; Restaurant","article_modified_time":"2023-05-26T09:09:58+00:00","twitter_card":"summary_large_image","schema":{"@context":"https:\/\/schema.org","@graph":[{"@type":"WebPage","@id":"https:\/\/pegasrestaurant.md\/ro\/produs\/ciorba-de-pui-de-casa\/","url":"https:\/\/pegasrestaurant.md\/ro\/produs\/ciorba-de-pui-de-casa\/","name":"Supa copioas\u0103 de pui preparat\u0103 ca acas\u0103 de la Pegas Terrace & Restaurant","isPartOf":{"@id":"https:\/\/pegasrestaurant.md\/en\/#website"},"datePublished":"2022-06-08T10:08:09+00:00","dateModified":"2023-05-26T09:09:58+00:00","description":"Bucatele preparate ca acas\u0103 - cele mai bune bucate. Supa preferat\u0103 de pui de cas\u0103 de la buc\u0103tarul nostru - ce ar putea fi mai gustos \u0219i mai s\u0103n\u0103tos? Te a\u0219tept\u0103m la pr\u00e2nz!","breadcrumb":{"@id":"https:\/\/pegasrestaurant.md\/ro\/produs\/ciorba-de-pui-de-casa\/#breadcrumb"},"inLanguage":"ro-RO","potentialAction":[{"@type":"ReadAction","target":["https:\/\/pegasrestaurant.md\/ro\/produs\/ciorba-de-pui-de-casa\/"]}]},{"@type":"BreadcrumbList","@id":"https:\/\/pegasrestaurant.md\/ro\/produs\/ciorba-de-pui-de-casa\/#breadcrumb","itemListElement":[{"@type":"ListItem","position":1,"name":"\u0413\u043b\u0430\u0432\u043d\u0430\u044f \u0441\u0442\u0440\u0430\u043d\u0438\u0446\u0430","item":"https:\/\/pegasrestaurant.md\/ro\/"},{"@type":"ListItem","position":2,"name":"Comand\u0103 online","item":"https:\/\/pegasrestaurant.md\/ro\/comanda-online\/"},{"@type":"ListItem","position":3,"name":"Ciorba cu pui de cas\u0103"}]},{"@type":"WebSite","@id":"https:\/\/pegasrestaurant.md\/en\/#website","url":"https:\/\/pegasrestaurant.md\/en\/","name":"Pegas Terrace &amp; Restaurant","description":"","potentialAction":[{"@type":"SearchAction","target":{"@type":"EntryPoint","urlTemplate":"https:\/\/pegasrestaurant.md\/en\/?s={search_term_string}"},"query-input":"required name=search_term_string"}],"inLanguage":"ro-RO"}]}},"_links":{"self":[{"href":"https:\/\/pegasrestaurant.md\/ro\/wp-json\/wp\/v2\/product\/13721","targetHints":{"allow":["GET"]}}],"collection":[{"href":"https:\/\/pegasrestaurant.md\/ro\/wp-json\/wp\/v2\/product"}],"about":[{"href":"https:\/\/pegasrestaurant.md\/ro\/wp-json\/wp\/v2\/types\/product"}],"version-history":[{"count":0,"href":"https:\/\/pegasrestaurant.md\/ro\/wp-json\/wp\/v2\/product\/13721\/revisions"}],"wp:attachment":[{"href":"https:\/\/pegasrestaurant.md\/ro\/wp-json\/wp\/v2\/media?parent=13721"}],"wp:term":[{"taxonomy":"product_cat","embeddable":true,"href":"https:\/\/pegasrestaurant.md\/ro\/wp-json\/wp\/v2\/product_cat?post=13721"},{"taxonomy":"product_tag","embeddable":true,"href":"https:\/\/pegasrestaurant.md\/ro\/wp-json\/wp\/v2\/product_tag?post=13721"}],"curies":[{"name":"wp","href":"https:\/\/api.w.org\/{rel}","templated":true}]}}