{"id":12352,"date":"2021-10-13T17:29:46","date_gmt":"2021-10-13T14:29:46","guid":{"rendered":"https:\/\/pegasrestaurant.md\/product\/frigarui-de-pui-cu-salata-cole-slow\/"},"modified":"2022-01-28T12:45:36","modified_gmt":"2022-01-28T09:45:36","slug":"frigarui-de-pui-cu-salata-cole-slow","status":"publish","type":"product","link":"https:\/\/pegasrestaurant.md\/ro\/produs\/frigarui-de-pui-cu-salata-cole-slow\/","title":{"rendered":"Frigarui de pui cu salata Cole Slow"},"content":{"rendered":"<p>Frig\u0103rui de pui fraged si suculent se potrive\u0219te ideal cu salata Cole Slow, p\u00e2ine pita proaspat\u0103 si sos delicios de gr\u0103tar. La Pegas Terrace &#038; Restaurant suntem me\u0219teri \u00een g\u0103tirea gustoas\u0103 a c\u0103rnii. Convinge\u021bi-v\u0103 personal de aceasta, gust\u00e2nd acest fel de m\u00e2ncare copios. V\u0103 a\u0219tept\u0103m cu pl\u0103cere!<\/p>\n","protected":false},"excerpt":{"rendered":"<p><span style=\"color: #c9ab81;\"><strong>Greutate:<\/strong><\/span> 1\/480 g<\/p>\n<p>&nbsp;<\/p>\n<p><span style=\"color: #c9ab81;\"><strong>Ingrediente:<\/strong><\/span> Frigarui de pui, salata Cole Slow, p\u00e2ine pita, ardei cop\u021bi, coriandru, sos BBQ<\/p>\n","protected":false},"featured_media":0,"template":"","meta":{"inline_featured_image":false},"product_cat":[94],"product_tag":[],"class_list":["post-12352","product","type-product","status-publish","hentry","product_cat-carne-de-pasare"],"yoast_head":"<!-- This site is optimized with the Yoast SEO plugin v19.6.1 - https:\/\/yoast.com\/wordpress\/plugins\/seo\/ -->\n<title>Dac\u0103 frig\u0103rui de pui, atunci doar la Pegas Terrace &amp; Restaurant<\/title>\n<meta name=\"description\" content=\"Frigarui excelent de pui cu salata potrivit\u0103 - \u00een fiecare zi la restaurant sau la pachet. Poft\u0103 bun\u0103 si o bun\u0103 dispozitie!\" \/>\n<meta name=\"robots\" content=\"index, follow, max-snippet:-1, max-image-preview:large, max-video-preview:-1\" \/>\n<link rel=\"canonical\" href=\"https:\/\/pegasrestaurant.md\/ro\/produs\/frigarui-de-pui-cu-salata-cole-slow\/\" \/>\n<meta property=\"og:locale\" content=\"ro_RO\" \/>\n<meta property=\"og:type\" content=\"article\" \/>\n<meta property=\"og:title\" content=\"Dac\u0103 frig\u0103rui de pui, atunci doar la Pegas Terrace &amp; Restaurant\" \/>\n<meta property=\"og:description\" content=\"Frigarui excelent de pui cu salata potrivit\u0103 - \u00een fiecare zi la restaurant sau la pachet. Poft\u0103 bun\u0103 si o bun\u0103 dispozitie!\" \/>\n<meta property=\"og:url\" content=\"https:\/\/pegasrestaurant.md\/ro\/produs\/frigarui-de-pui-cu-salata-cole-slow\/\" \/>\n<meta property=\"og:site_name\" content=\"Pegas Terrace &amp; Restaurant\" \/>\n<meta property=\"article:modified_time\" content=\"2022-01-28T09:45:36+00:00\" \/>\n<meta name=\"twitter:card\" content=\"summary_large_image\" \/>\n<script type=\"application\/ld+json\" class=\"yoast-schema-graph\">{\"@context\":\"https:\/\/schema.org\",\"@graph\":[{\"@type\":\"WebPage\",\"@id\":\"https:\/\/pegasrestaurant.md\/ro\/produs\/frigarui-de-pui-cu-salata-cole-slow\/\",\"url\":\"https:\/\/pegasrestaurant.md\/ro\/produs\/frigarui-de-pui-cu-salata-cole-slow\/\",\"name\":\"Dac\u0103 frig\u0103rui de pui, atunci doar la Pegas Terrace & Restaurant\",\"isPartOf\":{\"@id\":\"https:\/\/pegasrestaurant.md\/en\/#website\"},\"datePublished\":\"2021-10-13T14:29:46+00:00\",\"dateModified\":\"2022-01-28T09:45:36+00:00\",\"description\":\"Frigarui excelent de pui cu salata potrivit\u0103 - \u00een fiecare zi la restaurant sau la pachet. Poft\u0103 bun\u0103 si o bun\u0103 dispozitie!\",\"breadcrumb\":{\"@id\":\"https:\/\/pegasrestaurant.md\/ro\/produs\/frigarui-de-pui-cu-salata-cole-slow\/#breadcrumb\"},\"inLanguage\":\"ro-RO\",\"potentialAction\":[{\"@type\":\"ReadAction\",\"target\":[\"https:\/\/pegasrestaurant.md\/ro\/produs\/frigarui-de-pui-cu-salata-cole-slow\/\"]}]},{\"@type\":\"BreadcrumbList\",\"@id\":\"https:\/\/pegasrestaurant.md\/ro\/produs\/frigarui-de-pui-cu-salata-cole-slow\/#breadcrumb\",\"itemListElement\":[{\"@type\":\"ListItem\",\"position\":1,\"name\":\"\u0413\u043b\u0430\u0432\u043d\u0430\u044f \u0441\u0442\u0440\u0430\u043d\u0438\u0446\u0430\",\"item\":\"https:\/\/pegasrestaurant.md\/ro\/\"},{\"@type\":\"ListItem\",\"position\":2,\"name\":\"Comand\u0103 online\",\"item\":\"https:\/\/pegasrestaurant.md\/ro\/comanda-online\/\"},{\"@type\":\"ListItem\",\"position\":3,\"name\":\"Frigarui de pui cu salata Cole Slow\"}]},{\"@type\":\"WebSite\",\"@id\":\"https:\/\/pegasrestaurant.md\/en\/#website\",\"url\":\"https:\/\/pegasrestaurant.md\/en\/\",\"name\":\"Pegas Terrace &amp; Restaurant\",\"description\":\"\",\"potentialAction\":[{\"@type\":\"SearchAction\",\"target\":{\"@type\":\"EntryPoint\",\"urlTemplate\":\"https:\/\/pegasrestaurant.md\/en\/?s={search_term_string}\"},\"query-input\":\"required name=search_term_string\"}],\"inLanguage\":\"ro-RO\"}]}<\/script>\n<!-- \/ Yoast SEO plugin. -->","yoast_head_json":{"title":"Dac\u0103 frig\u0103rui de pui, atunci doar la Pegas Terrace & Restaurant","description":"Frigarui excelent de pui cu salata potrivit\u0103 - \u00een fiecare zi la restaurant sau la pachet. Poft\u0103 bun\u0103 si o bun\u0103 dispozitie!","robots":{"index":"index","follow":"follow","max-snippet":"max-snippet:-1","max-image-preview":"max-image-preview:large","max-video-preview":"max-video-preview:-1"},"canonical":"https:\/\/pegasrestaurant.md\/ro\/produs\/frigarui-de-pui-cu-salata-cole-slow\/","og_locale":"ro_RO","og_type":"article","og_title":"Dac\u0103 frig\u0103rui de pui, atunci doar la Pegas Terrace & Restaurant","og_description":"Frigarui excelent de pui cu salata potrivit\u0103 - \u00een fiecare zi la restaurant sau la pachet. Poft\u0103 bun\u0103 si o bun\u0103 dispozitie!","og_url":"https:\/\/pegasrestaurant.md\/ro\/produs\/frigarui-de-pui-cu-salata-cole-slow\/","og_site_name":"Pegas Terrace &amp; Restaurant","article_modified_time":"2022-01-28T09:45:36+00:00","twitter_card":"summary_large_image","schema":{"@context":"https:\/\/schema.org","@graph":[{"@type":"WebPage","@id":"https:\/\/pegasrestaurant.md\/ro\/produs\/frigarui-de-pui-cu-salata-cole-slow\/","url":"https:\/\/pegasrestaurant.md\/ro\/produs\/frigarui-de-pui-cu-salata-cole-slow\/","name":"Dac\u0103 frig\u0103rui de pui, atunci doar la Pegas Terrace & Restaurant","isPartOf":{"@id":"https:\/\/pegasrestaurant.md\/en\/#website"},"datePublished":"2021-10-13T14:29:46+00:00","dateModified":"2022-01-28T09:45:36+00:00","description":"Frigarui excelent de pui cu salata potrivit\u0103 - \u00een fiecare zi la restaurant sau la pachet. Poft\u0103 bun\u0103 si o bun\u0103 dispozitie!","breadcrumb":{"@id":"https:\/\/pegasrestaurant.md\/ro\/produs\/frigarui-de-pui-cu-salata-cole-slow\/#breadcrumb"},"inLanguage":"ro-RO","potentialAction":[{"@type":"ReadAction","target":["https:\/\/pegasrestaurant.md\/ro\/produs\/frigarui-de-pui-cu-salata-cole-slow\/"]}]},{"@type":"BreadcrumbList","@id":"https:\/\/pegasrestaurant.md\/ro\/produs\/frigarui-de-pui-cu-salata-cole-slow\/#breadcrumb","itemListElement":[{"@type":"ListItem","position":1,"name":"\u0413\u043b\u0430\u0432\u043d\u0430\u044f \u0441\u0442\u0440\u0430\u043d\u0438\u0446\u0430","item":"https:\/\/pegasrestaurant.md\/ro\/"},{"@type":"ListItem","position":2,"name":"Comand\u0103 online","item":"https:\/\/pegasrestaurant.md\/ro\/comanda-online\/"},{"@type":"ListItem","position":3,"name":"Frigarui de pui cu salata Cole Slow"}]},{"@type":"WebSite","@id":"https:\/\/pegasrestaurant.md\/en\/#website","url":"https:\/\/pegasrestaurant.md\/en\/","name":"Pegas Terrace &amp; Restaurant","description":"","potentialAction":[{"@type":"SearchAction","target":{"@type":"EntryPoint","urlTemplate":"https:\/\/pegasrestaurant.md\/en\/?s={search_term_string}"},"query-input":"required name=search_term_string"}],"inLanguage":"ro-RO"}]}},"_links":{"self":[{"href":"https:\/\/pegasrestaurant.md\/ro\/wp-json\/wp\/v2\/product\/12352","targetHints":{"allow":["GET"]}}],"collection":[{"href":"https:\/\/pegasrestaurant.md\/ro\/wp-json\/wp\/v2\/product"}],"about":[{"href":"https:\/\/pegasrestaurant.md\/ro\/wp-json\/wp\/v2\/types\/product"}],"version-history":[{"count":0,"href":"https:\/\/pegasrestaurant.md\/ro\/wp-json\/wp\/v2\/product\/12352\/revisions"}],"wp:attachment":[{"href":"https:\/\/pegasrestaurant.md\/ro\/wp-json\/wp\/v2\/media?parent=12352"}],"wp:term":[{"taxonomy":"product_cat","embeddable":true,"href":"https:\/\/pegasrestaurant.md\/ro\/wp-json\/wp\/v2\/product_cat?post=12352"},{"taxonomy":"product_tag","embeddable":true,"href":"https:\/\/pegasrestaurant.md\/ro\/wp-json\/wp\/v2\/product_tag?post=12352"}],"curies":[{"name":"wp","href":"https:\/\/api.w.org\/{rel}","templated":true}]}}