{"id":12351,"date":"2021-10-13T17:26:07","date_gmt":"2021-10-13T14:26:07","guid":{"rendered":"https:\/\/pegasrestaurant.md\/product\/frigarui-de-porc-cu-salata-cole-slow\/"},"modified":"2023-11-30T14:45:30","modified_gmt":"2023-11-30T11:45:30","slug":"frigarui-de-porc-cu-salata-cole-slow","status":"publish","type":"product","link":"https:\/\/pegasrestaurant.md\/ro\/produs\/frigarui-de-porc-cu-salata-cole-slow\/","title":{"rendered":"Frigarui de porc cu salata Cole Slow"},"content":{"rendered":"\t\t<div data-elementor-type=\"product-post\" data-elementor-id=\"12351\" class=\"elementor elementor-12351 elementor-12185\">\n\t\t\t\t\t\t<div class=\"elementor-inner\">\n\t\t\t\t<div class=\"elementor-section-wrap\">\n\t\t\t\t\t\t\t\t\t<section class=\"elementor-section elementor-top-section elementor-element elementor-element-6c3511ef elementor-section-boxed elementor-section-height-default elementor-section-height-default eltdf-parallax-row-no eltdf-content-aligment-left eltdf-elementor-row-grid-no eltdf-disabled-bg-image-bellow-no\" data-id=\"6c3511ef\" data-element_type=\"section\">\n\t\t\t\t\t\t<div class=\"elementor-container elementor-column-gap-default\">\n\t\t\t\t\t\t\t<div class=\"elementor-row\">\n\t\t\t\t\t<div class=\"elementor-column elementor-col-100 elementor-top-column elementor-element elementor-element-357bef39\" data-id=\"357bef39\" data-element_type=\"column\">\n\t\t\t<div class=\"elementor-column-wrap elementor-element-populated\">\n\t\t\t\t\t\t\t<div class=\"elementor-widget-wrap\">\n\t\t\t\t\t\t<div class=\"elementor-element elementor-element-2ae2409d elementor-widget elementor-widget-text-editor\" data-id=\"2ae2409d\" data-element_type=\"widget\" data-widget_type=\"text-editor.default\">\n\t\t\t\t<div class=\"elementor-widget-container\">\n\t\t\t\t\t\t\t\t<div class=\"elementor-text-editor elementor-clearfix\">\n\t\t\t\t<p>Frig\u0103rui de porc suculent \u0219i aromat din cea mai proasp\u0103t\u0103 carne de porc de la ferma noastr\u0103 este o adev\u0103rat\u0103 capodoper\u0103 culinar\u0103! Salata Cole Slow, p\u00e2inea pita \u0219i sosul BBQ sunt un adaos perfect pentru carnea g\u0103tit\u0103 corect. Primi\u021bi pl\u0103cere de la oricice vizit\u0103 la Pegas Terrace &#038; Restaurant!<\/p>\n\t\t\t\t\t<\/div>\n\t\t\t\t\t\t<\/div>\n\t\t\t\t<\/div>\n\t\t\t\t\t\t<\/div>\n\t\t\t\t\t<\/div>\n\t\t<\/div>\n\t\t\t\t\t\t\t\t<\/div>\n\t\t\t\t\t<\/div>\n\t\t<\/section>\n\t\t\t\t\t\t\t\t\t<\/div>\n\t\t\t<\/div>\n\t\t\t\t\t<\/div>\n\t\t","protected":false},"excerpt":{"rendered":"<p><span style=\"color: #c9ab81;\"><strong>Greutate:<\/strong><\/span> 1\/480 g<\/p>\n<p>&nbsp;<\/p>\n<p><span style=\"color: #c9ab81;\"><strong>Ingrediente:<\/strong><\/span> Frigarui de porc, salata Cole Slow, p\u00e2ine pita, ardei cop\u021bi, coriandru, sos BBQ<\/p>\n","protected":false},"featured_media":0,"template":"","meta":{"inline_featured_image":false},"product_cat":[123],"product_tag":[],"class_list":["post-12351","product","type-product","status-publish","hentry","product_cat-carne-de-porc"],"yoast_head":"<!-- This site is optimized with the Yoast SEO plugin v19.6.1 - https:\/\/yoast.com\/wordpress\/plugins\/seo\/ -->\n<title>Frigarui de porc moale \u0219i suculent \u00eentotdeauna g\u0103tit perfect la Pegas Terrace &amp; Restaurant<\/title>\n<meta name=\"description\" content=\"Frig\u0103rui de porc g\u0103tit corespunz\u0103tor nu va l\u0103sa pe nimeni indiferent. Buc\u0103tarul nostru v\u0103 invit\u0103 s\u0103 savura\u021bi carnea suculent\u0103 servit\u0103 cu o salat\u0103 proasp\u0103t\u0103\" \/>\n<meta name=\"robots\" content=\"index, follow, max-snippet:-1, max-image-preview:large, max-video-preview:-1\" \/>\n<link rel=\"canonical\" href=\"https:\/\/pegasrestaurant.md\/ro\/produs\/frigarui-de-porc-cu-salata-cole-slow\/\" \/>\n<meta property=\"og:locale\" content=\"ro_RO\" \/>\n<meta property=\"og:type\" content=\"article\" \/>\n<meta property=\"og:title\" content=\"Frigarui de porc moale \u0219i suculent \u00eentotdeauna g\u0103tit perfect la Pegas Terrace &amp; Restaurant\" \/>\n<meta property=\"og:description\" content=\"Frig\u0103rui de porc g\u0103tit corespunz\u0103tor nu va l\u0103sa pe nimeni indiferent. Buc\u0103tarul nostru v\u0103 invit\u0103 s\u0103 savura\u021bi carnea suculent\u0103 servit\u0103 cu o salat\u0103 proasp\u0103t\u0103\" \/>\n<meta property=\"og:url\" content=\"https:\/\/pegasrestaurant.md\/ro\/produs\/frigarui-de-porc-cu-salata-cole-slow\/\" \/>\n<meta property=\"og:site_name\" content=\"Pegas Terrace &amp; Restaurant\" \/>\n<meta property=\"article:modified_time\" content=\"2023-11-30T11:45:30+00:00\" \/>\n<meta name=\"twitter:card\" content=\"summary_large_image\" \/>\n<script type=\"application\/ld+json\" class=\"yoast-schema-graph\">{\"@context\":\"https:\/\/schema.org\",\"@graph\":[{\"@type\":\"WebPage\",\"@id\":\"https:\/\/pegasrestaurant.md\/ro\/produs\/frigarui-de-porc-cu-salata-cole-slow\/\",\"url\":\"https:\/\/pegasrestaurant.md\/ro\/produs\/frigarui-de-porc-cu-salata-cole-slow\/\",\"name\":\"Frigarui de porc moale \u0219i suculent \u00eentotdeauna g\u0103tit perfect la Pegas Terrace & Restaurant\",\"isPartOf\":{\"@id\":\"https:\/\/pegasrestaurant.md\/en\/#website\"},\"datePublished\":\"2021-10-13T14:26:07+00:00\",\"dateModified\":\"2023-11-30T11:45:30+00:00\",\"description\":\"Frig\u0103rui de porc g\u0103tit corespunz\u0103tor nu va l\u0103sa pe nimeni indiferent. Buc\u0103tarul nostru v\u0103 invit\u0103 s\u0103 savura\u021bi carnea suculent\u0103 servit\u0103 cu o salat\u0103 proasp\u0103t\u0103\",\"breadcrumb\":{\"@id\":\"https:\/\/pegasrestaurant.md\/ro\/produs\/frigarui-de-porc-cu-salata-cole-slow\/#breadcrumb\"},\"inLanguage\":\"ro-RO\",\"potentialAction\":[{\"@type\":\"ReadAction\",\"target\":[\"https:\/\/pegasrestaurant.md\/ro\/produs\/frigarui-de-porc-cu-salata-cole-slow\/\"]}]},{\"@type\":\"BreadcrumbList\",\"@id\":\"https:\/\/pegasrestaurant.md\/ro\/produs\/frigarui-de-porc-cu-salata-cole-slow\/#breadcrumb\",\"itemListElement\":[{\"@type\":\"ListItem\",\"position\":1,\"name\":\"\u0413\u043b\u0430\u0432\u043d\u0430\u044f \u0441\u0442\u0440\u0430\u043d\u0438\u0446\u0430\",\"item\":\"https:\/\/pegasrestaurant.md\/ro\/\"},{\"@type\":\"ListItem\",\"position\":2,\"name\":\"Comand\u0103 online\",\"item\":\"https:\/\/pegasrestaurant.md\/ro\/comanda-online\/\"},{\"@type\":\"ListItem\",\"position\":3,\"name\":\"Frigarui de porc cu salata Cole Slow\"}]},{\"@type\":\"WebSite\",\"@id\":\"https:\/\/pegasrestaurant.md\/en\/#website\",\"url\":\"https:\/\/pegasrestaurant.md\/en\/\",\"name\":\"Pegas Terrace &amp; Restaurant\",\"description\":\"\",\"potentialAction\":[{\"@type\":\"SearchAction\",\"target\":{\"@type\":\"EntryPoint\",\"urlTemplate\":\"https:\/\/pegasrestaurant.md\/en\/?s={search_term_string}\"},\"query-input\":\"required name=search_term_string\"}],\"inLanguage\":\"ro-RO\"}]}<\/script>\n<!-- \/ Yoast SEO plugin. -->","yoast_head_json":{"title":"Frigarui de porc moale \u0219i suculent \u00eentotdeauna g\u0103tit perfect la Pegas Terrace & Restaurant","description":"Frig\u0103rui de porc g\u0103tit corespunz\u0103tor nu va l\u0103sa pe nimeni indiferent. Buc\u0103tarul nostru v\u0103 invit\u0103 s\u0103 savura\u021bi carnea suculent\u0103 servit\u0103 cu o salat\u0103 proasp\u0103t\u0103","robots":{"index":"index","follow":"follow","max-snippet":"max-snippet:-1","max-image-preview":"max-image-preview:large","max-video-preview":"max-video-preview:-1"},"canonical":"https:\/\/pegasrestaurant.md\/ro\/produs\/frigarui-de-porc-cu-salata-cole-slow\/","og_locale":"ro_RO","og_type":"article","og_title":"Frigarui de porc moale \u0219i suculent \u00eentotdeauna g\u0103tit perfect la Pegas Terrace & Restaurant","og_description":"Frig\u0103rui de porc g\u0103tit corespunz\u0103tor nu va l\u0103sa pe nimeni indiferent. Buc\u0103tarul nostru v\u0103 invit\u0103 s\u0103 savura\u021bi carnea suculent\u0103 servit\u0103 cu o salat\u0103 proasp\u0103t\u0103","og_url":"https:\/\/pegasrestaurant.md\/ro\/produs\/frigarui-de-porc-cu-salata-cole-slow\/","og_site_name":"Pegas Terrace &amp; Restaurant","article_modified_time":"2023-11-30T11:45:30+00:00","twitter_card":"summary_large_image","schema":{"@context":"https:\/\/schema.org","@graph":[{"@type":"WebPage","@id":"https:\/\/pegasrestaurant.md\/ro\/produs\/frigarui-de-porc-cu-salata-cole-slow\/","url":"https:\/\/pegasrestaurant.md\/ro\/produs\/frigarui-de-porc-cu-salata-cole-slow\/","name":"Frigarui de porc moale \u0219i suculent \u00eentotdeauna g\u0103tit perfect la Pegas Terrace & Restaurant","isPartOf":{"@id":"https:\/\/pegasrestaurant.md\/en\/#website"},"datePublished":"2021-10-13T14:26:07+00:00","dateModified":"2023-11-30T11:45:30+00:00","description":"Frig\u0103rui de porc g\u0103tit corespunz\u0103tor nu va l\u0103sa pe nimeni indiferent. Buc\u0103tarul nostru v\u0103 invit\u0103 s\u0103 savura\u021bi carnea suculent\u0103 servit\u0103 cu o salat\u0103 proasp\u0103t\u0103","breadcrumb":{"@id":"https:\/\/pegasrestaurant.md\/ro\/produs\/frigarui-de-porc-cu-salata-cole-slow\/#breadcrumb"},"inLanguage":"ro-RO","potentialAction":[{"@type":"ReadAction","target":["https:\/\/pegasrestaurant.md\/ro\/produs\/frigarui-de-porc-cu-salata-cole-slow\/"]}]},{"@type":"BreadcrumbList","@id":"https:\/\/pegasrestaurant.md\/ro\/produs\/frigarui-de-porc-cu-salata-cole-slow\/#breadcrumb","itemListElement":[{"@type":"ListItem","position":1,"name":"\u0413\u043b\u0430\u0432\u043d\u0430\u044f \u0441\u0442\u0440\u0430\u043d\u0438\u0446\u0430","item":"https:\/\/pegasrestaurant.md\/ro\/"},{"@type":"ListItem","position":2,"name":"Comand\u0103 online","item":"https:\/\/pegasrestaurant.md\/ro\/comanda-online\/"},{"@type":"ListItem","position":3,"name":"Frigarui de porc cu salata Cole Slow"}]},{"@type":"WebSite","@id":"https:\/\/pegasrestaurant.md\/en\/#website","url":"https:\/\/pegasrestaurant.md\/en\/","name":"Pegas Terrace &amp; Restaurant","description":"","potentialAction":[{"@type":"SearchAction","target":{"@type":"EntryPoint","urlTemplate":"https:\/\/pegasrestaurant.md\/en\/?s={search_term_string}"},"query-input":"required name=search_term_string"}],"inLanguage":"ro-RO"}]}},"_links":{"self":[{"href":"https:\/\/pegasrestaurant.md\/ro\/wp-json\/wp\/v2\/product\/12351","targetHints":{"allow":["GET"]}}],"collection":[{"href":"https:\/\/pegasrestaurant.md\/ro\/wp-json\/wp\/v2\/product"}],"about":[{"href":"https:\/\/pegasrestaurant.md\/ro\/wp-json\/wp\/v2\/types\/product"}],"version-history":[{"count":0,"href":"https:\/\/pegasrestaurant.md\/ro\/wp-json\/wp\/v2\/product\/12351\/revisions"}],"wp:attachment":[{"href":"https:\/\/pegasrestaurant.md\/ro\/wp-json\/wp\/v2\/media?parent=12351"}],"wp:term":[{"taxonomy":"product_cat","embeddable":true,"href":"https:\/\/pegasrestaurant.md\/ro\/wp-json\/wp\/v2\/product_cat?post=12351"},{"taxonomy":"product_tag","embeddable":true,"href":"https:\/\/pegasrestaurant.md\/ro\/wp-json\/wp\/v2\/product_tag?post=12351"}],"curies":[{"name":"wp","href":"https:\/\/api.w.org\/{rel}","templated":true}]}}