{"id":12120,"date":"2021-10-13T16:10:15","date_gmt":"2021-10-13T13:10:15","guid":{"rendered":"https:\/\/pegasrestaurant.md\/product\/fulgi-de-ovaz-pe-lapte-de-cocos-cu-fructe-de-padure-nuci-si-miere-de-trufe\/"},"modified":"2023-08-30T14:56:07","modified_gmt":"2023-08-30T11:56:07","slug":"fulgi-de-ovaz-pe-lapte-de-cocos-cu-fructe-de-padure-nuci-si-miere-de-trufe","status":"publish","type":"product","link":"https:\/\/pegasrestaurant.md\/ro\/produs\/fulgi-de-ovaz-pe-lapte-de-cocos-cu-fructe-de-padure-nuci-si-miere-de-trufe\/","title":{"rendered":"Fulgi de ov\u0103z pe lapte de cocos cu semin\u021bele de chia, nuci \u0219i miere de trufe"},"content":{"rendered":"<p>Fulgi de ov\u0103z &#8211; un mic dejun s\u0103n\u0103tos \u0219i energizant!\u00a0 Semin\u021bele de chia \u0219i alunele sunt ingredientele delicioase, iar mierea fin\u0103 \u0219i delicioas\u0103 cu trufe face ca acest mic dejun copios cunoscut de to\u021bi s\u0103 ating\u0103 noi culmi ale deliciului culinar. Cu ce fel de lapte prefera\u021bi s\u0103 fulgii de ov\u0103s &#8211; de vac\u0103 sau de nuc\u0103 de cocos?<\/p>\n","protected":false},"excerpt":{"rendered":"<p><span style=\"color: #c9ab81\"><strong>Greutate:<\/strong><\/span> 1\/340 g<\/p>\n<p>&nbsp;<\/p>\n<p><span style=\"color: #c9ab81\"><strong>Ingrediente:<\/strong><\/span> fulgi de ov\u0103z, lapte de cocos sau de vac\u0103, alune, miere de trufe<\/p>\n","protected":false},"featured_media":0,"template":"","meta":{"inline_featured_image":false},"product_cat":[88],"product_tag":[],"class_list":["post-12120","product","type-product","status-publish","hentry","product_cat-mic-dejun"],"yoast_head":"<!-- This site is optimized with the Yoast SEO plugin v19.6.1 - https:\/\/yoast.com\/wordpress\/plugins\/seo\/ -->\n<title>Mic dejun s\u0103n\u0103tos \u0219i copios la Pegas Terrace &amp; Restaurant \u00een fiecare diminea\u021b\u0103<\/title>\n<meta name=\"description\" content=\"\u00cencepe\u021bi-v\u0103 ziua cu cel mai fraged dejun din fulgi de ov\u0103z cu lapte de cocos, cu semin\u021be de chia, nuci \u0219i miere de trufe. Face\u021bi o precomand\u0103 \u0219i delecta\u021bi-v\u0103 cu micul dejun \u00een spa\u021biul Dvs. preferat sau \u00een restaurantul nostru\" \/>\n<meta name=\"robots\" content=\"index, follow, max-snippet:-1, max-image-preview:large, max-video-preview:-1\" \/>\n<link rel=\"canonical\" href=\"https:\/\/pegasrestaurant.md\/ro\/produs\/fulgi-de-ovaz-pe-lapte-de-cocos-cu-fructe-de-padure-nuci-si-miere-de-trufe\/\" \/>\n<meta property=\"og:locale\" content=\"ro_RO\" \/>\n<meta property=\"og:type\" content=\"article\" \/>\n<meta property=\"og:title\" content=\"Mic dejun s\u0103n\u0103tos \u0219i copios la Pegas Terrace &amp; Restaurant \u00een fiecare diminea\u021b\u0103\" \/>\n<meta property=\"og:description\" content=\"\u00cencepe\u021bi-v\u0103 ziua cu cel mai fraged dejun din fulgi de ov\u0103z cu lapte de cocos, cu semin\u021be de chia, nuci \u0219i miere de trufe. Face\u021bi o precomand\u0103 \u0219i delecta\u021bi-v\u0103 cu micul dejun \u00een spa\u021biul Dvs. preferat sau \u00een restaurantul nostru\" \/>\n<meta property=\"og:url\" content=\"https:\/\/pegasrestaurant.md\/ro\/produs\/fulgi-de-ovaz-pe-lapte-de-cocos-cu-fructe-de-padure-nuci-si-miere-de-trufe\/\" \/>\n<meta property=\"og:site_name\" content=\"Pegas Terrace &amp; Restaurant\" \/>\n<meta property=\"article:modified_time\" content=\"2023-08-30T11:56:07+00:00\" \/>\n<meta name=\"twitter:card\" content=\"summary_large_image\" \/>\n<script type=\"application\/ld+json\" class=\"yoast-schema-graph\">{\"@context\":\"https:\/\/schema.org\",\"@graph\":[{\"@type\":\"WebPage\",\"@id\":\"https:\/\/pegasrestaurant.md\/ro\/produs\/fulgi-de-ovaz-pe-lapte-de-cocos-cu-fructe-de-padure-nuci-si-miere-de-trufe\/\",\"url\":\"https:\/\/pegasrestaurant.md\/ro\/produs\/fulgi-de-ovaz-pe-lapte-de-cocos-cu-fructe-de-padure-nuci-si-miere-de-trufe\/\",\"name\":\"Mic dejun s\u0103n\u0103tos \u0219i copios la Pegas Terrace & Restaurant \u00een fiecare diminea\u021b\u0103\",\"isPartOf\":{\"@id\":\"https:\/\/pegasrestaurant.md\/en\/#website\"},\"datePublished\":\"2021-10-13T13:10:15+00:00\",\"dateModified\":\"2023-08-30T11:56:07+00:00\",\"description\":\"\u00cencepe\u021bi-v\u0103 ziua cu cel mai fraged dejun din fulgi de ov\u0103z cu lapte de cocos, cu semin\u021be de chia, nuci \u0219i miere de trufe. Face\u021bi o precomand\u0103 \u0219i delecta\u021bi-v\u0103 cu micul dejun \u00een spa\u021biul Dvs. preferat sau \u00een restaurantul nostru\",\"breadcrumb\":{\"@id\":\"https:\/\/pegasrestaurant.md\/ro\/produs\/fulgi-de-ovaz-pe-lapte-de-cocos-cu-fructe-de-padure-nuci-si-miere-de-trufe\/#breadcrumb\"},\"inLanguage\":\"ro-RO\",\"potentialAction\":[{\"@type\":\"ReadAction\",\"target\":[\"https:\/\/pegasrestaurant.md\/ro\/produs\/fulgi-de-ovaz-pe-lapte-de-cocos-cu-fructe-de-padure-nuci-si-miere-de-trufe\/\"]}]},{\"@type\":\"BreadcrumbList\",\"@id\":\"https:\/\/pegasrestaurant.md\/ro\/produs\/fulgi-de-ovaz-pe-lapte-de-cocos-cu-fructe-de-padure-nuci-si-miere-de-trufe\/#breadcrumb\",\"itemListElement\":[{\"@type\":\"ListItem\",\"position\":1,\"name\":\"\u0413\u043b\u0430\u0432\u043d\u0430\u044f \u0441\u0442\u0440\u0430\u043d\u0438\u0446\u0430\",\"item\":\"https:\/\/pegasrestaurant.md\/ro\/\"},{\"@type\":\"ListItem\",\"position\":2,\"name\":\"Comand\u0103 online\",\"item\":\"https:\/\/pegasrestaurant.md\/ro\/comanda-online\/\"},{\"@type\":\"ListItem\",\"position\":3,\"name\":\"Fulgi de ov\u0103z pe lapte de cocos cu semin\u021bele de chia, nuci \u0219i miere de trufe\"}]},{\"@type\":\"WebSite\",\"@id\":\"https:\/\/pegasrestaurant.md\/en\/#website\",\"url\":\"https:\/\/pegasrestaurant.md\/en\/\",\"name\":\"Pegas Terrace &amp; Restaurant\",\"description\":\"\",\"potentialAction\":[{\"@type\":\"SearchAction\",\"target\":{\"@type\":\"EntryPoint\",\"urlTemplate\":\"https:\/\/pegasrestaurant.md\/en\/?s={search_term_string}\"},\"query-input\":\"required name=search_term_string\"}],\"inLanguage\":\"ro-RO\"}]}<\/script>\n<!-- \/ Yoast SEO plugin. -->","yoast_head_json":{"title":"Mic dejun s\u0103n\u0103tos \u0219i copios la Pegas Terrace & Restaurant \u00een fiecare diminea\u021b\u0103","description":"\u00cencepe\u021bi-v\u0103 ziua cu cel mai fraged dejun din fulgi de ov\u0103z cu lapte de cocos, cu semin\u021be de chia, nuci \u0219i miere de trufe. Face\u021bi o precomand\u0103 \u0219i delecta\u021bi-v\u0103 cu micul dejun \u00een spa\u021biul Dvs. preferat sau \u00een restaurantul nostru","robots":{"index":"index","follow":"follow","max-snippet":"max-snippet:-1","max-image-preview":"max-image-preview:large","max-video-preview":"max-video-preview:-1"},"canonical":"https:\/\/pegasrestaurant.md\/ro\/produs\/fulgi-de-ovaz-pe-lapte-de-cocos-cu-fructe-de-padure-nuci-si-miere-de-trufe\/","og_locale":"ro_RO","og_type":"article","og_title":"Mic dejun s\u0103n\u0103tos \u0219i copios la Pegas Terrace & Restaurant \u00een fiecare diminea\u021b\u0103","og_description":"\u00cencepe\u021bi-v\u0103 ziua cu cel mai fraged dejun din fulgi de ov\u0103z cu lapte de cocos, cu semin\u021be de chia, nuci \u0219i miere de trufe. Face\u021bi o precomand\u0103 \u0219i delecta\u021bi-v\u0103 cu micul dejun \u00een spa\u021biul Dvs. preferat sau \u00een restaurantul nostru","og_url":"https:\/\/pegasrestaurant.md\/ro\/produs\/fulgi-de-ovaz-pe-lapte-de-cocos-cu-fructe-de-padure-nuci-si-miere-de-trufe\/","og_site_name":"Pegas Terrace &amp; Restaurant","article_modified_time":"2023-08-30T11:56:07+00:00","twitter_card":"summary_large_image","schema":{"@context":"https:\/\/schema.org","@graph":[{"@type":"WebPage","@id":"https:\/\/pegasrestaurant.md\/ro\/produs\/fulgi-de-ovaz-pe-lapte-de-cocos-cu-fructe-de-padure-nuci-si-miere-de-trufe\/","url":"https:\/\/pegasrestaurant.md\/ro\/produs\/fulgi-de-ovaz-pe-lapte-de-cocos-cu-fructe-de-padure-nuci-si-miere-de-trufe\/","name":"Mic dejun s\u0103n\u0103tos \u0219i copios la Pegas Terrace & Restaurant \u00een fiecare diminea\u021b\u0103","isPartOf":{"@id":"https:\/\/pegasrestaurant.md\/en\/#website"},"datePublished":"2021-10-13T13:10:15+00:00","dateModified":"2023-08-30T11:56:07+00:00","description":"\u00cencepe\u021bi-v\u0103 ziua cu cel mai fraged dejun din fulgi de ov\u0103z cu lapte de cocos, cu semin\u021be de chia, nuci \u0219i miere de trufe. Face\u021bi o precomand\u0103 \u0219i delecta\u021bi-v\u0103 cu micul dejun \u00een spa\u021biul Dvs. preferat sau \u00een restaurantul nostru","breadcrumb":{"@id":"https:\/\/pegasrestaurant.md\/ro\/produs\/fulgi-de-ovaz-pe-lapte-de-cocos-cu-fructe-de-padure-nuci-si-miere-de-trufe\/#breadcrumb"},"inLanguage":"ro-RO","potentialAction":[{"@type":"ReadAction","target":["https:\/\/pegasrestaurant.md\/ro\/produs\/fulgi-de-ovaz-pe-lapte-de-cocos-cu-fructe-de-padure-nuci-si-miere-de-trufe\/"]}]},{"@type":"BreadcrumbList","@id":"https:\/\/pegasrestaurant.md\/ro\/produs\/fulgi-de-ovaz-pe-lapte-de-cocos-cu-fructe-de-padure-nuci-si-miere-de-trufe\/#breadcrumb","itemListElement":[{"@type":"ListItem","position":1,"name":"\u0413\u043b\u0430\u0432\u043d\u0430\u044f \u0441\u0442\u0440\u0430\u043d\u0438\u0446\u0430","item":"https:\/\/pegasrestaurant.md\/ro\/"},{"@type":"ListItem","position":2,"name":"Comand\u0103 online","item":"https:\/\/pegasrestaurant.md\/ro\/comanda-online\/"},{"@type":"ListItem","position":3,"name":"Fulgi de ov\u0103z pe lapte de cocos cu semin\u021bele de chia, nuci \u0219i miere de trufe"}]},{"@type":"WebSite","@id":"https:\/\/pegasrestaurant.md\/en\/#website","url":"https:\/\/pegasrestaurant.md\/en\/","name":"Pegas Terrace &amp; Restaurant","description":"","potentialAction":[{"@type":"SearchAction","target":{"@type":"EntryPoint","urlTemplate":"https:\/\/pegasrestaurant.md\/en\/?s={search_term_string}"},"query-input":"required name=search_term_string"}],"inLanguage":"ro-RO"}]}},"_links":{"self":[{"href":"https:\/\/pegasrestaurant.md\/ro\/wp-json\/wp\/v2\/product\/12120","targetHints":{"allow":["GET"]}}],"collection":[{"href":"https:\/\/pegasrestaurant.md\/ro\/wp-json\/wp\/v2\/product"}],"about":[{"href":"https:\/\/pegasrestaurant.md\/ro\/wp-json\/wp\/v2\/types\/product"}],"version-history":[{"count":0,"href":"https:\/\/pegasrestaurant.md\/ro\/wp-json\/wp\/v2\/product\/12120\/revisions"}],"wp:attachment":[{"href":"https:\/\/pegasrestaurant.md\/ro\/wp-json\/wp\/v2\/media?parent=12120"}],"wp:term":[{"taxonomy":"product_cat","embeddable":true,"href":"https:\/\/pegasrestaurant.md\/ro\/wp-json\/wp\/v2\/product_cat?post=12120"},{"taxonomy":"product_tag","embeddable":true,"href":"https:\/\/pegasrestaurant.md\/ro\/wp-json\/wp\/v2\/product_tag?post=12120"}],"curies":[{"name":"wp","href":"https:\/\/api.w.org\/{rel}","templated":true}]}}