{"id":12082,"date":"2021-10-13T15:45:19","date_gmt":"2021-10-13T12:45:19","guid":{"rendered":"https:\/\/pegasrestaurant.md\/product\/papanasi-cu-caramel-sarat-sos-de-vanilie-si-arahide\/"},"modified":"2022-06-10T17:23:33","modified_gmt":"2022-06-10T14:23:33","slug":"papanasi-cu-caramel-sarat-sos-de-vanilie-si-arahide","status":"publish","type":"product","link":"https:\/\/pegasrestaurant.md\/ro\/produs\/papanasi-cu-caramel-sarat-sos-de-vanilie-si-arahide\/","title":{"rendered":"P\u0103p\u0103na\u0219i cu caramel s\u0103rat, sos de vanilie \u0219i arahide"},"content":{"rendered":"<p>P\u0103p\u0103na\u0219i clasici \u00eendr\u0103gi\u021bi de to\u021bi, \u00een stil modern &#8211; un \u00eenceput excelent al zilei pentru amatorii de dulciuri. P\u0103p\u0103na\u0219ii puhavi din brinz\u0103 de vaci se combin\u0103 perfect cu caramel s\u0103rat, sos de vanilie \u0219i alune aromate, sunt nutritivi \u0219i au un gust fraged \u0219i apetisant. Ve\u021bi savura cu pl\u0103cere acest dejun delicios p\u00e2n\u0103 la ultima f\u0103r\u00e2mitur\u0103&#8230;<\/p>\n","protected":false},"excerpt":{"rendered":"<p><span style=\"color: #c9ab81;\"><strong>Greutate:<\/strong><\/span> 1\/290 g<\/p>\n<p>&nbsp;<\/p>\n<p><span style=\"color: #c9ab81;\"><strong>Ingrediente:<\/strong><\/span> br\u00e2nz\u0103 de vaci, caramel, sos de vanilie, arahide<\/p>\n","protected":false},"featured_media":0,"template":"","meta":{"inline_featured_image":false},"product_cat":[88],"product_tag":[],"class_list":["post-12082","product","type-product","status-publish","hentry","product_cat-mic-dejun"],"yoast_head":"<!-- This site is optimized with the Yoast SEO plugin v19.6.1 - https:\/\/yoast.com\/wordpress\/plugins\/seo\/ -->\n<title>P\u0103p\u0103na\u0219i puhavi | Micul dejun perfect \u00een fiecare diminea\u021b\u0103<\/title>\n<meta name=\"description\" content=\"Mic dejun dulce delicios la Pegas Terrace &amp; Restaurant. P\u0103p\u0103na\u0219i cu br\u00e2nz\u0103 de vaci prefera\u021bi cu caramel s\u0103rat, sos de vanilie \u0219i alune. Pute\u021bi comanda preventiv \u0219i ridica individual comanda Dvs.\" \/>\n<meta name=\"robots\" content=\"index, follow, max-snippet:-1, max-image-preview:large, max-video-preview:-1\" \/>\n<link rel=\"canonical\" href=\"https:\/\/pegasrestaurant.md\/ro\/produs\/papanasi-cu-caramel-sarat-sos-de-vanilie-si-arahide\/\" \/>\n<meta property=\"og:locale\" content=\"ro_RO\" \/>\n<meta property=\"og:type\" content=\"article\" \/>\n<meta property=\"og:title\" content=\"P\u0103p\u0103na\u0219i puhavi | Micul dejun perfect \u00een fiecare diminea\u021b\u0103\" \/>\n<meta property=\"og:description\" content=\"Mic dejun dulce delicios la Pegas Terrace &amp; Restaurant. P\u0103p\u0103na\u0219i cu br\u00e2nz\u0103 de vaci prefera\u021bi cu caramel s\u0103rat, sos de vanilie \u0219i alune. Pute\u021bi comanda preventiv \u0219i ridica individual comanda Dvs.\" \/>\n<meta property=\"og:url\" content=\"https:\/\/pegasrestaurant.md\/ro\/produs\/papanasi-cu-caramel-sarat-sos-de-vanilie-si-arahide\/\" \/>\n<meta property=\"og:site_name\" content=\"Pegas Terrace &amp; Restaurant\" \/>\n<meta property=\"article:modified_time\" content=\"2022-06-10T14:23:33+00:00\" \/>\n<meta name=\"twitter:card\" content=\"summary_large_image\" \/>\n<script type=\"application\/ld+json\" class=\"yoast-schema-graph\">{\"@context\":\"https:\/\/schema.org\",\"@graph\":[{\"@type\":\"WebPage\",\"@id\":\"https:\/\/pegasrestaurant.md\/ro\/produs\/papanasi-cu-caramel-sarat-sos-de-vanilie-si-arahide\/\",\"url\":\"https:\/\/pegasrestaurant.md\/ro\/produs\/papanasi-cu-caramel-sarat-sos-de-vanilie-si-arahide\/\",\"name\":\"P\u0103p\u0103na\u0219i puhavi | Micul dejun perfect \u00een fiecare diminea\u021b\u0103\",\"isPartOf\":{\"@id\":\"https:\/\/pegasrestaurant.md\/en\/#website\"},\"datePublished\":\"2021-10-13T12:45:19+00:00\",\"dateModified\":\"2022-06-10T14:23:33+00:00\",\"description\":\"Mic dejun dulce delicios la Pegas Terrace & Restaurant. P\u0103p\u0103na\u0219i cu br\u00e2nz\u0103 de vaci prefera\u021bi cu caramel s\u0103rat, sos de vanilie \u0219i alune. Pute\u021bi comanda preventiv \u0219i ridica individual comanda Dvs.\",\"breadcrumb\":{\"@id\":\"https:\/\/pegasrestaurant.md\/ro\/produs\/papanasi-cu-caramel-sarat-sos-de-vanilie-si-arahide\/#breadcrumb\"},\"inLanguage\":\"ro-RO\",\"potentialAction\":[{\"@type\":\"ReadAction\",\"target\":[\"https:\/\/pegasrestaurant.md\/ro\/produs\/papanasi-cu-caramel-sarat-sos-de-vanilie-si-arahide\/\"]}]},{\"@type\":\"BreadcrumbList\",\"@id\":\"https:\/\/pegasrestaurant.md\/ro\/produs\/papanasi-cu-caramel-sarat-sos-de-vanilie-si-arahide\/#breadcrumb\",\"itemListElement\":[{\"@type\":\"ListItem\",\"position\":1,\"name\":\"\u0413\u043b\u0430\u0432\u043d\u0430\u044f \u0441\u0442\u0440\u0430\u043d\u0438\u0446\u0430\",\"item\":\"https:\/\/pegasrestaurant.md\/ro\/\"},{\"@type\":\"ListItem\",\"position\":2,\"name\":\"Comand\u0103 online\",\"item\":\"https:\/\/pegasrestaurant.md\/ro\/comanda-online\/\"},{\"@type\":\"ListItem\",\"position\":3,\"name\":\"P\u0103p\u0103na\u0219i cu caramel s\u0103rat, sos de vanilie \u0219i arahide\"}]},{\"@type\":\"WebSite\",\"@id\":\"https:\/\/pegasrestaurant.md\/en\/#website\",\"url\":\"https:\/\/pegasrestaurant.md\/en\/\",\"name\":\"Pegas Terrace &amp; Restaurant\",\"description\":\"\",\"potentialAction\":[{\"@type\":\"SearchAction\",\"target\":{\"@type\":\"EntryPoint\",\"urlTemplate\":\"https:\/\/pegasrestaurant.md\/en\/?s={search_term_string}\"},\"query-input\":\"required name=search_term_string\"}],\"inLanguage\":\"ro-RO\"}]}<\/script>\n<!-- \/ Yoast SEO plugin. -->","yoast_head_json":{"title":"P\u0103p\u0103na\u0219i puhavi | Micul dejun perfect \u00een fiecare diminea\u021b\u0103","description":"Mic dejun dulce delicios la Pegas Terrace & Restaurant. P\u0103p\u0103na\u0219i cu br\u00e2nz\u0103 de vaci prefera\u021bi cu caramel s\u0103rat, sos de vanilie \u0219i alune. Pute\u021bi comanda preventiv \u0219i ridica individual comanda Dvs.","robots":{"index":"index","follow":"follow","max-snippet":"max-snippet:-1","max-image-preview":"max-image-preview:large","max-video-preview":"max-video-preview:-1"},"canonical":"https:\/\/pegasrestaurant.md\/ro\/produs\/papanasi-cu-caramel-sarat-sos-de-vanilie-si-arahide\/","og_locale":"ro_RO","og_type":"article","og_title":"P\u0103p\u0103na\u0219i puhavi | Micul dejun perfect \u00een fiecare diminea\u021b\u0103","og_description":"Mic dejun dulce delicios la Pegas Terrace & Restaurant. P\u0103p\u0103na\u0219i cu br\u00e2nz\u0103 de vaci prefera\u021bi cu caramel s\u0103rat, sos de vanilie \u0219i alune. Pute\u021bi comanda preventiv \u0219i ridica individual comanda Dvs.","og_url":"https:\/\/pegasrestaurant.md\/ro\/produs\/papanasi-cu-caramel-sarat-sos-de-vanilie-si-arahide\/","og_site_name":"Pegas Terrace &amp; Restaurant","article_modified_time":"2022-06-10T14:23:33+00:00","twitter_card":"summary_large_image","schema":{"@context":"https:\/\/schema.org","@graph":[{"@type":"WebPage","@id":"https:\/\/pegasrestaurant.md\/ro\/produs\/papanasi-cu-caramel-sarat-sos-de-vanilie-si-arahide\/","url":"https:\/\/pegasrestaurant.md\/ro\/produs\/papanasi-cu-caramel-sarat-sos-de-vanilie-si-arahide\/","name":"P\u0103p\u0103na\u0219i puhavi | Micul dejun perfect \u00een fiecare diminea\u021b\u0103","isPartOf":{"@id":"https:\/\/pegasrestaurant.md\/en\/#website"},"datePublished":"2021-10-13T12:45:19+00:00","dateModified":"2022-06-10T14:23:33+00:00","description":"Mic dejun dulce delicios la Pegas Terrace & Restaurant. P\u0103p\u0103na\u0219i cu br\u00e2nz\u0103 de vaci prefera\u021bi cu caramel s\u0103rat, sos de vanilie \u0219i alune. Pute\u021bi comanda preventiv \u0219i ridica individual comanda Dvs.","breadcrumb":{"@id":"https:\/\/pegasrestaurant.md\/ro\/produs\/papanasi-cu-caramel-sarat-sos-de-vanilie-si-arahide\/#breadcrumb"},"inLanguage":"ro-RO","potentialAction":[{"@type":"ReadAction","target":["https:\/\/pegasrestaurant.md\/ro\/produs\/papanasi-cu-caramel-sarat-sos-de-vanilie-si-arahide\/"]}]},{"@type":"BreadcrumbList","@id":"https:\/\/pegasrestaurant.md\/ro\/produs\/papanasi-cu-caramel-sarat-sos-de-vanilie-si-arahide\/#breadcrumb","itemListElement":[{"@type":"ListItem","position":1,"name":"\u0413\u043b\u0430\u0432\u043d\u0430\u044f \u0441\u0442\u0440\u0430\u043d\u0438\u0446\u0430","item":"https:\/\/pegasrestaurant.md\/ro\/"},{"@type":"ListItem","position":2,"name":"Comand\u0103 online","item":"https:\/\/pegasrestaurant.md\/ro\/comanda-online\/"},{"@type":"ListItem","position":3,"name":"P\u0103p\u0103na\u0219i cu caramel s\u0103rat, sos de vanilie \u0219i arahide"}]},{"@type":"WebSite","@id":"https:\/\/pegasrestaurant.md\/en\/#website","url":"https:\/\/pegasrestaurant.md\/en\/","name":"Pegas Terrace &amp; Restaurant","description":"","potentialAction":[{"@type":"SearchAction","target":{"@type":"EntryPoint","urlTemplate":"https:\/\/pegasrestaurant.md\/en\/?s={search_term_string}"},"query-input":"required name=search_term_string"}],"inLanguage":"ro-RO"}]}},"_links":{"self":[{"href":"https:\/\/pegasrestaurant.md\/ro\/wp-json\/wp\/v2\/product\/12082","targetHints":{"allow":["GET"]}}],"collection":[{"href":"https:\/\/pegasrestaurant.md\/ro\/wp-json\/wp\/v2\/product"}],"about":[{"href":"https:\/\/pegasrestaurant.md\/ro\/wp-json\/wp\/v2\/types\/product"}],"version-history":[{"count":0,"href":"https:\/\/pegasrestaurant.md\/ro\/wp-json\/wp\/v2\/product\/12082\/revisions"}],"wp:attachment":[{"href":"https:\/\/pegasrestaurant.md\/ro\/wp-json\/wp\/v2\/media?parent=12082"}],"wp:term":[{"taxonomy":"product_cat","embeddable":true,"href":"https:\/\/pegasrestaurant.md\/ro\/wp-json\/wp\/v2\/product_cat?post=12082"},{"taxonomy":"product_tag","embeddable":true,"href":"https:\/\/pegasrestaurant.md\/ro\/wp-json\/wp\/v2\/product_tag?post=12082"}],"curies":[{"name":"wp","href":"https:\/\/api.w.org\/{rel}","templated":true}]}}