{"id":12067,"date":"2021-10-13T15:36:54","date_gmt":"2021-10-13T12:36:54","guid":{"rendered":"https:\/\/pegasrestaurant.md\/product\/clatite-cu-branza-caramel-sarat-si-sos-de-vanilie\/"},"modified":"2022-06-10T17:23:33","modified_gmt":"2022-06-10T14:23:33","slug":"clatite-cu-branza-caramel-sarat-si-sos-de-vanilie","status":"publish","type":"product","link":"https:\/\/pegasrestaurant.md\/ro\/produs\/clatite-cu-branza-caramel-sarat-si-sos-de-vanilie\/","title":{"rendered":"Cl\u0103tite cu br\u0103nz\u0103, caramel s\u0103rat \u0219i sos de vanilie"},"content":{"rendered":"<p>Cl\u0103titele delicate cu br\u00e2nz\u0103 de vaci sunt de trei ori mai gustoase atunci c\u00e2nd le servi\u021bi ca un trio cu caramel s\u0103rat si sos de vanilie. \u00cencerca\u021bi aceast\u0103 \u201emelodie\u201d culinar\u0103 delicioas\u0103 la micul dejun la Pegas Terrace &#038; Restaurant \u0219i ve\u021bi reu\u0219i s\u0103 v\u0103 crea\u021bi o dispozi\u021bie fantastic\u0103 pentru \u00eentreaga zi. Acest mic dejun dulce perfect inspir\u0103, v\u0103 energizeaz\u0103 \u0219i v\u0103 ajut\u0103 s\u0103 z\u00e2mbi\u021bi zilei ce v\u0103 st\u0103 \u00eenainte.<\/p>\n","protected":false},"excerpt":{"rendered":"<p><span style=\"color: #c9ab81;\"><strong>Greutate:<\/strong><\/span> 1\/300 g<\/p>\n<p>&nbsp;<\/p>\n<p><span style=\"color: #c9ab81;\"><strong>Ingrediente:<\/strong><\/span> cl\u0103tite, br\u00e2nz\u0103 de vaci, caramel s\u0103rat, sos de vanilie, alune<\/p>\n","protected":false},"featured_media":0,"template":"","meta":{"inline_featured_image":false},"product_cat":[88],"product_tag":[],"class_list":["post-12067","product","type-product","status-publish","hentry","product_cat-mic-dejun"],"yoast_head":"<!-- This site is optimized with the Yoast SEO plugin v19.6.1 - https:\/\/yoast.com\/wordpress\/plugins\/seo\/ -->\n<title>Cl\u0103tite cu br\u00e2nz\u0103 de vaci \u0219i caramel - mic dejun pentru orice zi<\/title>\n<meta name=\"description\" content=\"Mai gustoase dec\u00e2t cl\u0103titele cu br\u00e2nz\u0103 de vaci pot fi doar cl\u0103titele cu caramel s\u0103rat \u0219i sos de vanilie de la Pegas Terrace &amp; Restaurant\" \/>\n<meta name=\"robots\" content=\"index, follow, max-snippet:-1, max-image-preview:large, max-video-preview:-1\" \/>\n<link rel=\"canonical\" href=\"https:\/\/pegasrestaurant.md\/ro\/produs\/clatite-cu-branza-caramel-sarat-si-sos-de-vanilie\/\" \/>\n<meta property=\"og:locale\" content=\"ro_RO\" \/>\n<meta property=\"og:type\" content=\"article\" \/>\n<meta property=\"og:title\" content=\"Cl\u0103tite cu br\u00e2nz\u0103 de vaci \u0219i caramel - mic dejun pentru orice zi\" \/>\n<meta property=\"og:description\" content=\"Mai gustoase dec\u00e2t cl\u0103titele cu br\u00e2nz\u0103 de vaci pot fi doar cl\u0103titele cu caramel s\u0103rat \u0219i sos de vanilie de la Pegas Terrace &amp; Restaurant\" \/>\n<meta property=\"og:url\" content=\"https:\/\/pegasrestaurant.md\/ro\/produs\/clatite-cu-branza-caramel-sarat-si-sos-de-vanilie\/\" \/>\n<meta property=\"og:site_name\" content=\"Pegas Terrace &amp; Restaurant\" \/>\n<meta property=\"article:modified_time\" content=\"2022-06-10T14:23:33+00:00\" \/>\n<meta name=\"twitter:card\" content=\"summary_large_image\" \/>\n<script type=\"application\/ld+json\" class=\"yoast-schema-graph\">{\"@context\":\"https:\/\/schema.org\",\"@graph\":[{\"@type\":\"WebPage\",\"@id\":\"https:\/\/pegasrestaurant.md\/ro\/produs\/clatite-cu-branza-caramel-sarat-si-sos-de-vanilie\/\",\"url\":\"https:\/\/pegasrestaurant.md\/ro\/produs\/clatite-cu-branza-caramel-sarat-si-sos-de-vanilie\/\",\"name\":\"Cl\u0103tite cu br\u00e2nz\u0103 de vaci \u0219i caramel - mic dejun pentru orice zi\",\"isPartOf\":{\"@id\":\"https:\/\/pegasrestaurant.md\/en\/#website\"},\"datePublished\":\"2021-10-13T12:36:54+00:00\",\"dateModified\":\"2022-06-10T14:23:33+00:00\",\"description\":\"Mai gustoase dec\u00e2t cl\u0103titele cu br\u00e2nz\u0103 de vaci pot fi doar cl\u0103titele cu caramel s\u0103rat \u0219i sos de vanilie de la Pegas Terrace & Restaurant\",\"breadcrumb\":{\"@id\":\"https:\/\/pegasrestaurant.md\/ro\/produs\/clatite-cu-branza-caramel-sarat-si-sos-de-vanilie\/#breadcrumb\"},\"inLanguage\":\"ro-RO\",\"potentialAction\":[{\"@type\":\"ReadAction\",\"target\":[\"https:\/\/pegasrestaurant.md\/ro\/produs\/clatite-cu-branza-caramel-sarat-si-sos-de-vanilie\/\"]}]},{\"@type\":\"BreadcrumbList\",\"@id\":\"https:\/\/pegasrestaurant.md\/ro\/produs\/clatite-cu-branza-caramel-sarat-si-sos-de-vanilie\/#breadcrumb\",\"itemListElement\":[{\"@type\":\"ListItem\",\"position\":1,\"name\":\"\u0413\u043b\u0430\u0432\u043d\u0430\u044f \u0441\u0442\u0440\u0430\u043d\u0438\u0446\u0430\",\"item\":\"https:\/\/pegasrestaurant.md\/ro\/\"},{\"@type\":\"ListItem\",\"position\":2,\"name\":\"Comand\u0103 online\",\"item\":\"https:\/\/pegasrestaurant.md\/ro\/comanda-online\/\"},{\"@type\":\"ListItem\",\"position\":3,\"name\":\"Cl\u0103tite cu br\u0103nz\u0103, caramel s\u0103rat \u0219i sos de vanilie\"}]},{\"@type\":\"WebSite\",\"@id\":\"https:\/\/pegasrestaurant.md\/en\/#website\",\"url\":\"https:\/\/pegasrestaurant.md\/en\/\",\"name\":\"Pegas Terrace &amp; Restaurant\",\"description\":\"\",\"potentialAction\":[{\"@type\":\"SearchAction\",\"target\":{\"@type\":\"EntryPoint\",\"urlTemplate\":\"https:\/\/pegasrestaurant.md\/en\/?s={search_term_string}\"},\"query-input\":\"required name=search_term_string\"}],\"inLanguage\":\"ro-RO\"}]}<\/script>\n<!-- \/ Yoast SEO plugin. -->","yoast_head_json":{"title":"Cl\u0103tite cu br\u00e2nz\u0103 de vaci \u0219i caramel - mic dejun pentru orice zi","description":"Mai gustoase dec\u00e2t cl\u0103titele cu br\u00e2nz\u0103 de vaci pot fi doar cl\u0103titele cu caramel s\u0103rat \u0219i sos de vanilie de la Pegas Terrace & Restaurant","robots":{"index":"index","follow":"follow","max-snippet":"max-snippet:-1","max-image-preview":"max-image-preview:large","max-video-preview":"max-video-preview:-1"},"canonical":"https:\/\/pegasrestaurant.md\/ro\/produs\/clatite-cu-branza-caramel-sarat-si-sos-de-vanilie\/","og_locale":"ro_RO","og_type":"article","og_title":"Cl\u0103tite cu br\u00e2nz\u0103 de vaci \u0219i caramel - mic dejun pentru orice zi","og_description":"Mai gustoase dec\u00e2t cl\u0103titele cu br\u00e2nz\u0103 de vaci pot fi doar cl\u0103titele cu caramel s\u0103rat \u0219i sos de vanilie de la Pegas Terrace & Restaurant","og_url":"https:\/\/pegasrestaurant.md\/ro\/produs\/clatite-cu-branza-caramel-sarat-si-sos-de-vanilie\/","og_site_name":"Pegas Terrace &amp; Restaurant","article_modified_time":"2022-06-10T14:23:33+00:00","twitter_card":"summary_large_image","schema":{"@context":"https:\/\/schema.org","@graph":[{"@type":"WebPage","@id":"https:\/\/pegasrestaurant.md\/ro\/produs\/clatite-cu-branza-caramel-sarat-si-sos-de-vanilie\/","url":"https:\/\/pegasrestaurant.md\/ro\/produs\/clatite-cu-branza-caramel-sarat-si-sos-de-vanilie\/","name":"Cl\u0103tite cu br\u00e2nz\u0103 de vaci \u0219i caramel - mic dejun pentru orice zi","isPartOf":{"@id":"https:\/\/pegasrestaurant.md\/en\/#website"},"datePublished":"2021-10-13T12:36:54+00:00","dateModified":"2022-06-10T14:23:33+00:00","description":"Mai gustoase dec\u00e2t cl\u0103titele cu br\u00e2nz\u0103 de vaci pot fi doar cl\u0103titele cu caramel s\u0103rat \u0219i sos de vanilie de la Pegas Terrace & Restaurant","breadcrumb":{"@id":"https:\/\/pegasrestaurant.md\/ro\/produs\/clatite-cu-branza-caramel-sarat-si-sos-de-vanilie\/#breadcrumb"},"inLanguage":"ro-RO","potentialAction":[{"@type":"ReadAction","target":["https:\/\/pegasrestaurant.md\/ro\/produs\/clatite-cu-branza-caramel-sarat-si-sos-de-vanilie\/"]}]},{"@type":"BreadcrumbList","@id":"https:\/\/pegasrestaurant.md\/ro\/produs\/clatite-cu-branza-caramel-sarat-si-sos-de-vanilie\/#breadcrumb","itemListElement":[{"@type":"ListItem","position":1,"name":"\u0413\u043b\u0430\u0432\u043d\u0430\u044f \u0441\u0442\u0440\u0430\u043d\u0438\u0446\u0430","item":"https:\/\/pegasrestaurant.md\/ro\/"},{"@type":"ListItem","position":2,"name":"Comand\u0103 online","item":"https:\/\/pegasrestaurant.md\/ro\/comanda-online\/"},{"@type":"ListItem","position":3,"name":"Cl\u0103tite cu br\u0103nz\u0103, caramel s\u0103rat \u0219i sos de vanilie"}]},{"@type":"WebSite","@id":"https:\/\/pegasrestaurant.md\/en\/#website","url":"https:\/\/pegasrestaurant.md\/en\/","name":"Pegas Terrace &amp; Restaurant","description":"","potentialAction":[{"@type":"SearchAction","target":{"@type":"EntryPoint","urlTemplate":"https:\/\/pegasrestaurant.md\/en\/?s={search_term_string}"},"query-input":"required name=search_term_string"}],"inLanguage":"ro-RO"}]}},"_links":{"self":[{"href":"https:\/\/pegasrestaurant.md\/ro\/wp-json\/wp\/v2\/product\/12067","targetHints":{"allow":["GET"]}}],"collection":[{"href":"https:\/\/pegasrestaurant.md\/ro\/wp-json\/wp\/v2\/product"}],"about":[{"href":"https:\/\/pegasrestaurant.md\/ro\/wp-json\/wp\/v2\/types\/product"}],"version-history":[{"count":0,"href":"https:\/\/pegasrestaurant.md\/ro\/wp-json\/wp\/v2\/product\/12067\/revisions"}],"wp:attachment":[{"href":"https:\/\/pegasrestaurant.md\/ro\/wp-json\/wp\/v2\/media?parent=12067"}],"wp:term":[{"taxonomy":"product_cat","embeddable":true,"href":"https:\/\/pegasrestaurant.md\/ro\/wp-json\/wp\/v2\/product_cat?post=12067"},{"taxonomy":"product_tag","embeddable":true,"href":"https:\/\/pegasrestaurant.md\/ro\/wp-json\/wp\/v2\/product_tag?post=12067"}],"curies":[{"name":"wp","href":"https:\/\/api.w.org\/{rel}","templated":true}]}}