{"id":12022,"date":"2021-10-13T14:43:33","date_gmt":"2021-10-13T11:43:33","guid":{"rendered":"https:\/\/pegasrestaurant.md\/product\/mic-dejun-european\/"},"modified":"2022-01-31T14:00:03","modified_gmt":"2022-01-31T11:00:03","slug":"mic-dejun-european","status":"publish","type":"product","link":"https:\/\/pegasrestaurant.md\/ro\/produs\/mic-dejun-european\/","title":{"rendered":"Mic dejun european"},"content":{"rendered":"<p>Un mic dejun consistent \u0219i echilibrat care v\u0103 supline\u0219te cu o doz\u0103 de energie vibrant\u0103. Gustul proasp\u0103t \u0219i aspectul apetisant ofer\u0103 senza\u021bia unui mic dejun servit diminea\u021ba pe malul m\u0103rii, iar combina\u021bia extraordinar\u0103 de arome \u0219i texturi este o adev\u0103rat\u0103 pl\u0103cere culinar\u0103&#8230; \u00cenc\u0103rca\u021bi-v\u0103 cu energie cu Pegas Terrace &#038; Restaurant.<\/p>\n","protected":false},"excerpt":{"rendered":"<p><span style=\"color: #c9ab81;\"><strong>Greutate:<\/strong><\/span> 1\/400 g<\/p>\n<p>&nbsp;<\/p>\n<p><span style=\"color: #c9ab81;\"><strong>Ingrediente:<\/strong><\/span> avocado, ou po\u0219at, somon, quinoa, iaurt grecesc, salat\u0103 verde<\/p>\n","protected":false},"featured_media":0,"template":"","meta":{"inline_featured_image":false},"product_cat":[88],"product_tag":[],"class_list":["post-12022","product","type-product","status-publish","hentry","product_cat-mic-dejun"],"yoast_head":"<!-- This site is optimized with the Yoast SEO plugin v19.6.1 - https:\/\/yoast.com\/wordpress\/plugins\/seo\/ -->\n<title>Delecta\u021bi-v\u0103 cu un mic dejun european consistent \u0219i echilibrat<\/title>\n<meta name=\"description\" content=\"Mic dejun european la Pegas Terrace &amp; Restaurant: avocado, ou po\u0219at, somon. Sigur c\u0103 anume astfel arat\u0103 dejunul perfect! Convinge\u021bi-v\u0103 personal de aceasta, vizit\u00e2nd restaurantul nostru!\" \/>\n<meta name=\"robots\" content=\"index, follow, max-snippet:-1, max-image-preview:large, max-video-preview:-1\" \/>\n<link rel=\"canonical\" href=\"https:\/\/pegasrestaurant.md\/ro\/produs\/mic-dejun-european\/\" \/>\n<meta property=\"og:locale\" content=\"ro_RO\" \/>\n<meta property=\"og:type\" content=\"article\" \/>\n<meta property=\"og:title\" content=\"Delecta\u021bi-v\u0103 cu un mic dejun european consistent \u0219i echilibrat\" \/>\n<meta property=\"og:description\" content=\"Mic dejun european la Pegas Terrace &amp; Restaurant: avocado, ou po\u0219at, somon. Sigur c\u0103 anume astfel arat\u0103 dejunul perfect! Convinge\u021bi-v\u0103 personal de aceasta, vizit\u00e2nd restaurantul nostru!\" \/>\n<meta property=\"og:url\" content=\"https:\/\/pegasrestaurant.md\/ro\/produs\/mic-dejun-european\/\" \/>\n<meta property=\"og:site_name\" content=\"Pegas Terrace &amp; Restaurant\" \/>\n<meta property=\"article:modified_time\" content=\"2022-01-31T11:00:03+00:00\" \/>\n<meta name=\"twitter:card\" content=\"summary_large_image\" \/>\n<script type=\"application\/ld+json\" class=\"yoast-schema-graph\">{\"@context\":\"https:\/\/schema.org\",\"@graph\":[{\"@type\":\"WebPage\",\"@id\":\"https:\/\/pegasrestaurant.md\/ro\/produs\/mic-dejun-european\/\",\"url\":\"https:\/\/pegasrestaurant.md\/ro\/produs\/mic-dejun-european\/\",\"name\":\"Delecta\u021bi-v\u0103 cu un mic dejun european consistent \u0219i echilibrat\",\"isPartOf\":{\"@id\":\"https:\/\/pegasrestaurant.md\/en\/#website\"},\"datePublished\":\"2021-10-13T11:43:33+00:00\",\"dateModified\":\"2022-01-31T11:00:03+00:00\",\"description\":\"Mic dejun european la Pegas Terrace & Restaurant: avocado, ou po\u0219at, somon. Sigur c\u0103 anume astfel arat\u0103 dejunul perfect! Convinge\u021bi-v\u0103 personal de aceasta, vizit\u00e2nd restaurantul nostru!\",\"breadcrumb\":{\"@id\":\"https:\/\/pegasrestaurant.md\/ro\/produs\/mic-dejun-european\/#breadcrumb\"},\"inLanguage\":\"ro-RO\",\"potentialAction\":[{\"@type\":\"ReadAction\",\"target\":[\"https:\/\/pegasrestaurant.md\/ro\/produs\/mic-dejun-european\/\"]}]},{\"@type\":\"BreadcrumbList\",\"@id\":\"https:\/\/pegasrestaurant.md\/ro\/produs\/mic-dejun-european\/#breadcrumb\",\"itemListElement\":[{\"@type\":\"ListItem\",\"position\":1,\"name\":\"\u0413\u043b\u0430\u0432\u043d\u0430\u044f \u0441\u0442\u0440\u0430\u043d\u0438\u0446\u0430\",\"item\":\"https:\/\/pegasrestaurant.md\/ro\/\"},{\"@type\":\"ListItem\",\"position\":2,\"name\":\"Comand\u0103 online\",\"item\":\"https:\/\/pegasrestaurant.md\/ro\/comanda-online\/\"},{\"@type\":\"ListItem\",\"position\":3,\"name\":\"Mic dejun european\"}]},{\"@type\":\"WebSite\",\"@id\":\"https:\/\/pegasrestaurant.md\/en\/#website\",\"url\":\"https:\/\/pegasrestaurant.md\/en\/\",\"name\":\"Pegas Terrace &amp; Restaurant\",\"description\":\"\",\"potentialAction\":[{\"@type\":\"SearchAction\",\"target\":{\"@type\":\"EntryPoint\",\"urlTemplate\":\"https:\/\/pegasrestaurant.md\/en\/?s={search_term_string}\"},\"query-input\":\"required name=search_term_string\"}],\"inLanguage\":\"ro-RO\"}]}<\/script>\n<!-- \/ Yoast SEO plugin. -->","yoast_head_json":{"title":"Delecta\u021bi-v\u0103 cu un mic dejun european consistent \u0219i echilibrat","description":"Mic dejun european la Pegas Terrace & Restaurant: avocado, ou po\u0219at, somon. Sigur c\u0103 anume astfel arat\u0103 dejunul perfect! Convinge\u021bi-v\u0103 personal de aceasta, vizit\u00e2nd restaurantul nostru!","robots":{"index":"index","follow":"follow","max-snippet":"max-snippet:-1","max-image-preview":"max-image-preview:large","max-video-preview":"max-video-preview:-1"},"canonical":"https:\/\/pegasrestaurant.md\/ro\/produs\/mic-dejun-european\/","og_locale":"ro_RO","og_type":"article","og_title":"Delecta\u021bi-v\u0103 cu un mic dejun european consistent \u0219i echilibrat","og_description":"Mic dejun european la Pegas Terrace & Restaurant: avocado, ou po\u0219at, somon. Sigur c\u0103 anume astfel arat\u0103 dejunul perfect! Convinge\u021bi-v\u0103 personal de aceasta, vizit\u00e2nd restaurantul nostru!","og_url":"https:\/\/pegasrestaurant.md\/ro\/produs\/mic-dejun-european\/","og_site_name":"Pegas Terrace &amp; Restaurant","article_modified_time":"2022-01-31T11:00:03+00:00","twitter_card":"summary_large_image","schema":{"@context":"https:\/\/schema.org","@graph":[{"@type":"WebPage","@id":"https:\/\/pegasrestaurant.md\/ro\/produs\/mic-dejun-european\/","url":"https:\/\/pegasrestaurant.md\/ro\/produs\/mic-dejun-european\/","name":"Delecta\u021bi-v\u0103 cu un mic dejun european consistent \u0219i echilibrat","isPartOf":{"@id":"https:\/\/pegasrestaurant.md\/en\/#website"},"datePublished":"2021-10-13T11:43:33+00:00","dateModified":"2022-01-31T11:00:03+00:00","description":"Mic dejun european la Pegas Terrace & Restaurant: avocado, ou po\u0219at, somon. Sigur c\u0103 anume astfel arat\u0103 dejunul perfect! Convinge\u021bi-v\u0103 personal de aceasta, vizit\u00e2nd restaurantul nostru!","breadcrumb":{"@id":"https:\/\/pegasrestaurant.md\/ro\/produs\/mic-dejun-european\/#breadcrumb"},"inLanguage":"ro-RO","potentialAction":[{"@type":"ReadAction","target":["https:\/\/pegasrestaurant.md\/ro\/produs\/mic-dejun-european\/"]}]},{"@type":"BreadcrumbList","@id":"https:\/\/pegasrestaurant.md\/ro\/produs\/mic-dejun-european\/#breadcrumb","itemListElement":[{"@type":"ListItem","position":1,"name":"\u0413\u043b\u0430\u0432\u043d\u0430\u044f \u0441\u0442\u0440\u0430\u043d\u0438\u0446\u0430","item":"https:\/\/pegasrestaurant.md\/ro\/"},{"@type":"ListItem","position":2,"name":"Comand\u0103 online","item":"https:\/\/pegasrestaurant.md\/ro\/comanda-online\/"},{"@type":"ListItem","position":3,"name":"Mic dejun european"}]},{"@type":"WebSite","@id":"https:\/\/pegasrestaurant.md\/en\/#website","url":"https:\/\/pegasrestaurant.md\/en\/","name":"Pegas Terrace &amp; Restaurant","description":"","potentialAction":[{"@type":"SearchAction","target":{"@type":"EntryPoint","urlTemplate":"https:\/\/pegasrestaurant.md\/en\/?s={search_term_string}"},"query-input":"required name=search_term_string"}],"inLanguage":"ro-RO"}]}},"_links":{"self":[{"href":"https:\/\/pegasrestaurant.md\/ro\/wp-json\/wp\/v2\/product\/12022","targetHints":{"allow":["GET"]}}],"collection":[{"href":"https:\/\/pegasrestaurant.md\/ro\/wp-json\/wp\/v2\/product"}],"about":[{"href":"https:\/\/pegasrestaurant.md\/ro\/wp-json\/wp\/v2\/types\/product"}],"version-history":[{"count":0,"href":"https:\/\/pegasrestaurant.md\/ro\/wp-json\/wp\/v2\/product\/12022\/revisions"}],"wp:attachment":[{"href":"https:\/\/pegasrestaurant.md\/ro\/wp-json\/wp\/v2\/media?parent=12022"}],"wp:term":[{"taxonomy":"product_cat","embeddable":true,"href":"https:\/\/pegasrestaurant.md\/ro\/wp-json\/wp\/v2\/product_cat?post=12022"},{"taxonomy":"product_tag","embeddable":true,"href":"https:\/\/pegasrestaurant.md\/ro\/wp-json\/wp\/v2\/product_tag?post=12022"}],"curies":[{"name":"wp","href":"https:\/\/api.w.org\/{rel}","templated":true}]}}