{"id":10927,"date":"2021-07-29T12:33:00","date_gmt":"2021-07-29T09:33:00","guid":{"rendered":"https:\/\/pegasrestaurant.md\/product\/mici-cu-piure-de-cartofi-si-sos-chimichurri-2\/"},"modified":"2023-05-26T12:51:37","modified_gmt":"2023-05-26T09:51:37","slug":"mici-cu-piure-de-cartofi-si-sos-chimichurri","status":"publish","type":"product","link":"https:\/\/pegasrestaurant.md\/ro\/produs\/mici-cu-piure-de-cartofi-si-sos-chimichurri\/","title":{"rendered":"Mici cu piure de cartofi \u0219i sos chimichurri"},"content":{"rendered":"<p>Mici de carne tradi\u021bionali pr\u0103ji\u021bi, suculen\u021bi, cu piure de cartofi delicat \u0219i aerat, gustul c\u0103rora este accentuat pl\u0103cut de sosul chimichurri aromat \u0219i picant \u2013 felul de m\u00e2ncare dvs. preferat va nu v\u0103 va l\u0103sa indiferent nici de data aceasta. Deja cunoa\u0219te\u021bi unde s\u0103-l g\u0103si\u021bi!<\/p>\n","protected":false},"excerpt":{"rendered":"<p><span style=\"color: #c9ab81;\"><strong>Greutate:<\/strong><\/span><\/p>\n<p>&nbsp;<\/p>\n<p><span style=\"color: #c9ab81;\"><strong>Ingrediente:<\/strong><\/span> <span data-sheets-formula-bar-text-style=\"font-size:15px;color:#000000;font-weight:normal;text-decoration:none;font-family:'Arial';font-style:normal;text-decoration-skip-ink:none;\">Carne de porc, carne de vit\u0103, cartofi, verde\u021buri, cimbru, origano, coriandru, piper, usturoi, ulei de m\u0103sline<\/span><\/p>\n","protected":false},"featured_media":0,"template":"","meta":{"inline_featured_image":false},"product_cat":[93,123],"product_tag":[],"class_list":["post-10927","product","type-product","status-publish","hentry","product_cat-carne","product_cat-carne-de-porc"],"yoast_head":"<!-- This site is optimized with the Yoast SEO plugin v19.6.1 - https:\/\/yoast.com\/wordpress\/plugins\/seo\/ -->\n<title>Mici cu piure de cartofi \u0219i sos de la Pegas cu livrare la domiciliu. Comand\u0103 online<\/title>\n<meta name=\"description\" content=\"A sosit timpul pr\u00e2nzului \u0219i dori\u021bi s\u0103 gusta\u021bi micii prefera\u021bi cu piure de cartofi \u0219i sos? Comanda\u021bi online sau suna\u021bi la num\u0103rul 078 800 600 pentru o livrare de la Restaurantul Pegas.\" \/>\n<meta name=\"robots\" content=\"index, follow, max-snippet:-1, max-image-preview:large, max-video-preview:-1\" \/>\n<link rel=\"canonical\" href=\"https:\/\/pegasrestaurant.md\/ro\/produs\/mici-cu-piure-de-cartofi-si-sos-chimichurri\/\" \/>\n<meta property=\"og:locale\" content=\"ro_RO\" \/>\n<meta property=\"og:type\" content=\"article\" \/>\n<meta property=\"og:title\" content=\"Mici cu piure de cartofi \u0219i sos de la Pegas cu livrare la domiciliu. Comand\u0103 online\" \/>\n<meta property=\"og:description\" content=\"A sosit timpul pr\u00e2nzului \u0219i dori\u021bi s\u0103 gusta\u021bi micii prefera\u021bi cu piure de cartofi \u0219i sos? Comanda\u021bi online sau suna\u021bi la num\u0103rul 078 800 600 pentru o livrare de la Restaurantul Pegas.\" \/>\n<meta property=\"og:url\" content=\"https:\/\/pegasrestaurant.md\/ro\/produs\/mici-cu-piure-de-cartofi-si-sos-chimichurri\/\" \/>\n<meta property=\"og:site_name\" content=\"Pegas Terrace &amp; Restaurant\" \/>\n<meta property=\"article:modified_time\" content=\"2023-05-26T09:51:37+00:00\" \/>\n<meta name=\"twitter:card\" content=\"summary_large_image\" \/>\n<meta name=\"twitter:label1\" content=\"Timp estimat pentru citire\" \/>\n\t<meta name=\"twitter:data1\" content=\"1 minut\" \/>\n<script type=\"application\/ld+json\" class=\"yoast-schema-graph\">{\"@context\":\"https:\/\/schema.org\",\"@graph\":[{\"@type\":\"WebPage\",\"@id\":\"https:\/\/pegasrestaurant.md\/ro\/produs\/mici-cu-piure-de-cartofi-si-sos-chimichurri\/\",\"url\":\"https:\/\/pegasrestaurant.md\/ro\/produs\/mici-cu-piure-de-cartofi-si-sos-chimichurri\/\",\"name\":\"Mici cu piure de cartofi \u0219i sos de la Pegas cu livrare la domiciliu. Comand\u0103 online\",\"isPartOf\":{\"@id\":\"https:\/\/pegasrestaurant.md\/en\/#website\"},\"datePublished\":\"2021-07-29T09:33:00+00:00\",\"dateModified\":\"2023-05-26T09:51:37+00:00\",\"description\":\"A sosit timpul pr\u00e2nzului \u0219i dori\u021bi s\u0103 gusta\u021bi micii prefera\u021bi cu piure de cartofi \u0219i sos? Comanda\u021bi online sau suna\u021bi la num\u0103rul 078 800 600 pentru o livrare de la Restaurantul Pegas.\",\"breadcrumb\":{\"@id\":\"https:\/\/pegasrestaurant.md\/ro\/produs\/mici-cu-piure-de-cartofi-si-sos-chimichurri\/#breadcrumb\"},\"inLanguage\":\"ro-RO\",\"potentialAction\":[{\"@type\":\"ReadAction\",\"target\":[\"https:\/\/pegasrestaurant.md\/ro\/produs\/mici-cu-piure-de-cartofi-si-sos-chimichurri\/\"]}]},{\"@type\":\"BreadcrumbList\",\"@id\":\"https:\/\/pegasrestaurant.md\/ro\/produs\/mici-cu-piure-de-cartofi-si-sos-chimichurri\/#breadcrumb\",\"itemListElement\":[{\"@type\":\"ListItem\",\"position\":1,\"name\":\"\u0413\u043b\u0430\u0432\u043d\u0430\u044f \u0441\u0442\u0440\u0430\u043d\u0438\u0446\u0430\",\"item\":\"https:\/\/pegasrestaurant.md\/ro\/\"},{\"@type\":\"ListItem\",\"position\":2,\"name\":\"Comand\u0103 online\",\"item\":\"https:\/\/pegasrestaurant.md\/ro\/comanda-online\/\"},{\"@type\":\"ListItem\",\"position\":3,\"name\":\"Mici cu piure de cartofi \u0219i sos chimichurri\"}]},{\"@type\":\"WebSite\",\"@id\":\"https:\/\/pegasrestaurant.md\/en\/#website\",\"url\":\"https:\/\/pegasrestaurant.md\/en\/\",\"name\":\"Pegas Terrace &amp; Restaurant\",\"description\":\"\",\"potentialAction\":[{\"@type\":\"SearchAction\",\"target\":{\"@type\":\"EntryPoint\",\"urlTemplate\":\"https:\/\/pegasrestaurant.md\/en\/?s={search_term_string}\"},\"query-input\":\"required name=search_term_string\"}],\"inLanguage\":\"ro-RO\"}]}<\/script>\n<!-- \/ Yoast SEO plugin. -->","yoast_head_json":{"title":"Mici cu piure de cartofi \u0219i sos de la Pegas cu livrare la domiciliu. Comand\u0103 online","description":"A sosit timpul pr\u00e2nzului \u0219i dori\u021bi s\u0103 gusta\u021bi micii prefera\u021bi cu piure de cartofi \u0219i sos? Comanda\u021bi online sau suna\u021bi la num\u0103rul 078 800 600 pentru o livrare de la Restaurantul Pegas.","robots":{"index":"index","follow":"follow","max-snippet":"max-snippet:-1","max-image-preview":"max-image-preview:large","max-video-preview":"max-video-preview:-1"},"canonical":"https:\/\/pegasrestaurant.md\/ro\/produs\/mici-cu-piure-de-cartofi-si-sos-chimichurri\/","og_locale":"ro_RO","og_type":"article","og_title":"Mici cu piure de cartofi \u0219i sos de la Pegas cu livrare la domiciliu. Comand\u0103 online","og_description":"A sosit timpul pr\u00e2nzului \u0219i dori\u021bi s\u0103 gusta\u021bi micii prefera\u021bi cu piure de cartofi \u0219i sos? Comanda\u021bi online sau suna\u021bi la num\u0103rul 078 800 600 pentru o livrare de la Restaurantul Pegas.","og_url":"https:\/\/pegasrestaurant.md\/ro\/produs\/mici-cu-piure-de-cartofi-si-sos-chimichurri\/","og_site_name":"Pegas Terrace &amp; Restaurant","article_modified_time":"2023-05-26T09:51:37+00:00","twitter_card":"summary_large_image","twitter_misc":{"Timp estimat pentru citire":"1 minut"},"schema":{"@context":"https:\/\/schema.org","@graph":[{"@type":"WebPage","@id":"https:\/\/pegasrestaurant.md\/ro\/produs\/mici-cu-piure-de-cartofi-si-sos-chimichurri\/","url":"https:\/\/pegasrestaurant.md\/ro\/produs\/mici-cu-piure-de-cartofi-si-sos-chimichurri\/","name":"Mici cu piure de cartofi \u0219i sos de la Pegas cu livrare la domiciliu. Comand\u0103 online","isPartOf":{"@id":"https:\/\/pegasrestaurant.md\/en\/#website"},"datePublished":"2021-07-29T09:33:00+00:00","dateModified":"2023-05-26T09:51:37+00:00","description":"A sosit timpul pr\u00e2nzului \u0219i dori\u021bi s\u0103 gusta\u021bi micii prefera\u021bi cu piure de cartofi \u0219i sos? Comanda\u021bi online sau suna\u021bi la num\u0103rul 078 800 600 pentru o livrare de la Restaurantul Pegas.","breadcrumb":{"@id":"https:\/\/pegasrestaurant.md\/ro\/produs\/mici-cu-piure-de-cartofi-si-sos-chimichurri\/#breadcrumb"},"inLanguage":"ro-RO","potentialAction":[{"@type":"ReadAction","target":["https:\/\/pegasrestaurant.md\/ro\/produs\/mici-cu-piure-de-cartofi-si-sos-chimichurri\/"]}]},{"@type":"BreadcrumbList","@id":"https:\/\/pegasrestaurant.md\/ro\/produs\/mici-cu-piure-de-cartofi-si-sos-chimichurri\/#breadcrumb","itemListElement":[{"@type":"ListItem","position":1,"name":"\u0413\u043b\u0430\u0432\u043d\u0430\u044f \u0441\u0442\u0440\u0430\u043d\u0438\u0446\u0430","item":"https:\/\/pegasrestaurant.md\/ro\/"},{"@type":"ListItem","position":2,"name":"Comand\u0103 online","item":"https:\/\/pegasrestaurant.md\/ro\/comanda-online\/"},{"@type":"ListItem","position":3,"name":"Mici cu piure de cartofi \u0219i sos chimichurri"}]},{"@type":"WebSite","@id":"https:\/\/pegasrestaurant.md\/en\/#website","url":"https:\/\/pegasrestaurant.md\/en\/","name":"Pegas Terrace &amp; Restaurant","description":"","potentialAction":[{"@type":"SearchAction","target":{"@type":"EntryPoint","urlTemplate":"https:\/\/pegasrestaurant.md\/en\/?s={search_term_string}"},"query-input":"required name=search_term_string"}],"inLanguage":"ro-RO"}]}},"_links":{"self":[{"href":"https:\/\/pegasrestaurant.md\/ro\/wp-json\/wp\/v2\/product\/10927","targetHints":{"allow":["GET"]}}],"collection":[{"href":"https:\/\/pegasrestaurant.md\/ro\/wp-json\/wp\/v2\/product"}],"about":[{"href":"https:\/\/pegasrestaurant.md\/ro\/wp-json\/wp\/v2\/types\/product"}],"version-history":[{"count":0,"href":"https:\/\/pegasrestaurant.md\/ro\/wp-json\/wp\/v2\/product\/10927\/revisions"}],"wp:attachment":[{"href":"https:\/\/pegasrestaurant.md\/ro\/wp-json\/wp\/v2\/media?parent=10927"}],"wp:term":[{"taxonomy":"product_cat","embeddable":true,"href":"https:\/\/pegasrestaurant.md\/ro\/wp-json\/wp\/v2\/product_cat?post=10927"},{"taxonomy":"product_tag","embeddable":true,"href":"https:\/\/pegasrestaurant.md\/ro\/wp-json\/wp\/v2\/product_tag?post=10927"}],"curies":[{"name":"wp","href":"https:\/\/api.w.org\/{rel}","templated":true}]}}