{"id":8630,"date":"2021-04-29T09:37:37","date_gmt":"2021-04-29T06:37:37","guid":{"rendered":"https:\/\/pegasrestaurant.md\/chiria-personalului\/"},"modified":"2021-04-29T09:43:22","modified_gmt":"2021-04-29T06:43:22","slug":"chiria-personalului","status":"publish","type":"page","link":"https:\/\/pegasrestaurant.md\/ro\/chiria-personalului\/","title":{"rendered":"Chiria personalului"},"content":{"rendered":"\t\t<div data-elementor-type=\"wp-page\" data-elementor-id=\"8630\" class=\"elementor elementor-8630 elementor-6465\">\n\t\t\t\t\t\t<div class=\"elementor-inner\">\n\t\t\t\t<div class=\"elementor-section-wrap\">\n\t\t\t\t\t\t\t\t\t<section class=\"elementor-section elementor-top-section elementor-element elementor-element-56997c4 elementor-section-full_width elementor-section-stretched elementor-section-height-default elementor-section-height-default eltdf-parallax-row-no eltdf-content-aligment-left eltdf-elementor-row-grid-no eltdf-disabled-bg-image-bellow-no\" data-id=\"56997c4\" data-element_type=\"section\" data-settings=\"{&quot;stretch_section&quot;:&quot;section-stretched&quot;}\">\n\t\t\t\t\t\t<div class=\"elementor-container elementor-column-gap-default\">\n\t\t\t\t\t\t\t<div class=\"elementor-row\">\n\t\t\t\t\t<div class=\"elementor-column elementor-col-100 elementor-top-column elementor-element elementor-element-be8ffdc\" data-id=\"be8ffdc\" data-element_type=\"column\">\n\t\t\t<div class=\"elementor-column-wrap elementor-element-populated\">\n\t\t\t\t\t\t\t<div class=\"elementor-widget-wrap\">\n\t\t\t\t\t\t<div class=\"elementor-element elementor-element-8fd3364 elementor-widget elementor-widget-eltdf_section_title\" data-id=\"8fd3364\" data-element_type=\"widget\" data-widget_type=\"eltdf_section_title.default\">\n\t\t\t\t<div class=\"elementor-widget-container\">\n\t\t\t<div class=\"eltdf-section-title-holder    \" style=\"text-align: center\">\n\t<div class=\"eltdf-st-inner\">\n        \t\t            <div class=\"eltdf-st-title-holder\">\n                                    <div class=\"decor\"><svg xmlns=\"http:\/\/www.w3.org\/2000\/svg\" width=\"41.125\" height=\"9.146\">\n                            <path fill=\"none\" stroke=\"#9C7C57\" stroke-miterlimit=\"10\" d=\"M40.881 8.576L20.562.591.244 8.576\"\/>\n                            <path fill=\"none\" stroke=\"#9C7C57\" stroke-miterlimit=\"10\" d=\"M40.881.591L20.562 8.576.243.591\"\/>\n                        <\/svg><\/div>\n                                <h2 class=\"eltdf-st-title\" >\n                    Chiria personalului                <\/h2>\n                                    <div class=\"decor\"><svg xmlns=\"http:\/\/www.w3.org\/2000\/svg\" width=\"41.125\" height=\"9.146\">\n                            <path fill=\"none\" stroke=\"#9C7C57\" stroke-miterlimit=\"10\" d=\"M40.881 8.576L20.562.591.244 8.576\"\/>\n                            <path fill=\"none\" stroke=\"#9C7C57\" stroke-miterlimit=\"10\" d=\"M40.881.591L20.562 8.576.243.591\"\/>\n                        <\/svg><\/div>\n                            <\/div>\n\t\t\t\t\t\t\t<\/div>\n<\/div>\t\t<\/div>\n\t\t\t\t<\/div>\n\t\t\t\t\t\t<\/div>\n\t\t\t\t\t<\/div>\n\t\t<\/div>\n\t\t\t\t\t\t\t\t<\/div>\n\t\t\t\t\t<\/div>\n\t\t<\/section>\n\t\t\t\t<section class=\"elementor-section elementor-top-section elementor-element elementor-element-6038611 elementor-section-boxed elementor-section-height-default elementor-section-height-default eltdf-parallax-row-no eltdf-content-aligment-left eltdf-elementor-row-grid-no eltdf-disabled-bg-image-bellow-no\" data-id=\"6038611\" data-element_type=\"section\">\n\t\t\t\t\t\t<div class=\"elementor-container elementor-column-gap-default\">\n\t\t\t\t\t\t\t<div class=\"elementor-row\">\n\t\t\t\t\t<div class=\"elementor-column elementor-col-100 elementor-top-column elementor-element elementor-element-21796d6\" data-id=\"21796d6\" data-element_type=\"column\">\n\t\t\t<div class=\"elementor-column-wrap elementor-element-populated\">\n\t\t\t\t\t\t\t<div class=\"elementor-widget-wrap\">\n\t\t\t\t\t\t<div class=\"elementor-element elementor-element-07ef544 elementor-widget elementor-widget-text-editor\" data-id=\"07ef544\" data-element_type=\"widget\" data-widget_type=\"text-editor.default\">\n\t\t\t\t<div class=\"elementor-widget-container\">\n\t\t\t\t\t\t\t\t<div class=\"elementor-text-editor elementor-clearfix\">\n\t\t\t\t<p>Dori\u021bi s\u0103 organiza\u021bi un eveniment pe teritoriul dvs.? La Pegas Terrace &#038; Restaurant pute\u021bi s\u0103 \u00eenchiria\u021bi personal (chelneri, buc\u0103tari) \u0219i ve\u021bi putea organiza un fourchette de neuitat, cu servicii de calitate.<\/p>\n<p>Dvs doar ve\u021bi privi calm cum Buc\u0103tarul Chef prepar\u0103 cu m\u0103iestrie bucate de restaurant \u00een buc\u0103t\u0103ria dvs., \u00een timp ce v\u0103 relaxa\u021bi \u0219i petrece\u021bi \u00eentr-o o atmosfer\u0103 pl\u0103cut\u0103 \u00eempreun\u0103 cu oaspe\u021bii dvs. Invita\u021bii dvs. vor r\u0103m\u00e2nea cu impresii de neuitat de la aceast\u0103 mas\u0103! Bucate delicioase \u0219i o deservire de top v\u0103 sunt garantate.<\/p>\n<p>Restaurantul mobil se va potrivi pentru oricare loca\u021bie \u0219i format al unui eveniment, indiferent dac\u0103 este o cas\u0103 privat\u0103, o zon\u0103 deschis\u0103, un banchet, o mas\u0103 de tip fourchette, un picnic sau o cin\u0103 de afaceri.<\/p>\n\t\t\t\t\t<\/div>\n\t\t\t\t\t\t<\/div>\n\t\t\t\t<\/div>\n\t\t\t\t\t\t<\/div>\n\t\t\t\t\t<\/div>\n\t\t<\/div>\n\t\t\t\t\t\t\t\t<\/div>\n\t\t\t\t\t<\/div>\n\t\t<\/section>\n\t\t\t\t<section class=\"elementor-section elementor-top-section elementor-element elementor-element-8e52135 elementor-section-stretched elementor-section-full_width elementor-section-height-default elementor-section-height-default eltdf-parallax-row-no eltdf-content-aligment-left eltdf-elementor-row-grid-no eltdf-disabled-bg-image-bellow-no\" data-id=\"8e52135\" data-element_type=\"section\" data-settings=\"{&quot;stretch_section&quot;:&quot;section-stretched&quot;}\">\n\t\t\t\t\t\t<div class=\"elementor-container elementor-column-gap-default\">\n\t\t\t\t\t\t\t<div class=\"elementor-row\">\n\t\t\t\t\t<div class=\"elementor-column elementor-col-100 elementor-top-column elementor-element elementor-element-657e260\" data-id=\"657e260\" data-element_type=\"column\">\n\t\t\t<div class=\"elementor-column-wrap elementor-element-populated\">\n\t\t\t\t\t\t\t<div class=\"elementor-widget-wrap\">\n\t\t\t\t\t\t<div class=\"elementor-element elementor-element-7fc7be6 elementor-widget elementor-widget-eltdf_single_image\" data-id=\"7fc7be6\" data-element_type=\"widget\" data-widget_type=\"eltdf_single_image.default\">\n\t\t\t\t<div class=\"elementor-widget-container\">\n\t\t\t<div class=\"eltdf-single-image-holder     eltdf-image-appear-from-top\">\n    <div class=\"eltdf-si-inner\" >\n                                                        <img loading=\"lazy\" decoding=\"async\" width=\"2500\" height=\"1316\" src=\"https:\/\/pegasrestaurant.md\/wp-content\/uploads\/2021\/04\/team.jpg\" class=\"attachment-full size-full\" alt=\"\" srcset=\"https:\/\/pegasrestaurant.md\/wp-content\/uploads\/2021\/04\/team.jpg 2500w, https:\/\/pegasrestaurant.md\/wp-content\/uploads\/2021\/04\/team-1000x526.jpg 1000w, https:\/\/pegasrestaurant.md\/wp-content\/uploads\/2021\/04\/team-300x158.jpg 300w, https:\/\/pegasrestaurant.md\/wp-content\/uploads\/2021\/04\/team-1024x539.jpg 1024w, https:\/\/pegasrestaurant.md\/wp-content\/uploads\/2021\/04\/team-768x404.jpg 768w, https:\/\/pegasrestaurant.md\/wp-content\/uploads\/2021\/04\/team-1536x809.jpg 1536w\" sizes=\"auto, (max-width: 2500px) 100vw, 2500px\" \/>                                                <\/div>\n<\/div>\t\t<\/div>\n\t\t\t\t<\/div>\n\t\t\t\t\t\t<\/div>\n\t\t\t\t\t<\/div>\n\t\t<\/div>\n\t\t\t\t\t\t\t\t<\/div>\n\t\t\t\t\t<\/div>\n\t\t<\/section>\n\t\t\t\t<section class=\"elementor-section elementor-top-section elementor-element elementor-element-7d317d9 elementor-section-stretched elementor-section-boxed elementor-section-height-default elementor-section-height-default eltdf-parallax-row-no eltdf-content-aligment-left eltdf-elementor-row-grid-no eltdf-disabled-bg-image-bellow-no\" data-id=\"7d317d9\" data-element_type=\"section\" data-settings=\"{&quot;stretch_section&quot;:&quot;section-stretched&quot;}\">\n\t\t\t\t\t\t<div class=\"elementor-container elementor-column-gap-default\">\n\t\t\t\t\t\t\t<div class=\"elementor-row\">\n\t\t\t\t\t<div class=\"elementor-column elementor-col-100 elementor-top-column elementor-element elementor-element-778184e\" data-id=\"778184e\" data-element_type=\"column\">\n\t\t\t<div class=\"elementor-column-wrap elementor-element-populated\">\n\t\t\t\t\t\t\t<div class=\"elementor-widget-wrap\">\n\t\t\t\t\t\t<div class=\"elementor-element elementor-element-4d86ea7 elementor-widget elementor-widget-eltdf_section_title\" data-id=\"4d86ea7\" data-element_type=\"widget\" data-widget_type=\"eltdf_section_title.default\">\n\t\t\t\t<div class=\"elementor-widget-container\">\n\t\t\t<div class=\"eltdf-section-title-holder    \" style=\"text-align: center\">\n\t<div class=\"eltdf-st-inner\">\n        \t\t            <div class=\"eltdf-st-title-holder\">\n                                    <div class=\"decor\"><svg xmlns=\"http:\/\/www.w3.org\/2000\/svg\" width=\"41.125\" height=\"9.146\">\n                            <path fill=\"none\" stroke=\"#9C7C57\" stroke-miterlimit=\"10\" d=\"M40.881 8.576L20.562.591.244 8.576\"\/>\n                            <path fill=\"none\" stroke=\"#9C7C57\" stroke-miterlimit=\"10\" d=\"M40.881.591L20.562 8.576.243.591\"\/>\n                        <\/svg><\/div>\n                                <h4 class=\"eltdf-st-title\" >\n                    Avantajele \u00eenchirierii personalului de la Pegas Terrace &amp; Restaurant                <\/h4>\n                                    <div class=\"decor\"><svg xmlns=\"http:\/\/www.w3.org\/2000\/svg\" width=\"41.125\" height=\"9.146\">\n                            <path fill=\"none\" stroke=\"#9C7C57\" stroke-miterlimit=\"10\" d=\"M40.881 8.576L20.562.591.244 8.576\"\/>\n                            <path fill=\"none\" stroke=\"#9C7C57\" stroke-miterlimit=\"10\" d=\"M40.881.591L20.562 8.576.243.591\"\/>\n                        <\/svg><\/div>\n                            <\/div>\n\t\t\t\t\t\t\t<\/div>\n<\/div>\t\t<\/div>\n\t\t\t\t<\/div>\n\t\t\t\t\t\t<\/div>\n\t\t\t\t\t<\/div>\n\t\t<\/div>\n\t\t\t\t\t\t\t\t<\/div>\n\t\t\t\t\t<\/div>\n\t\t<\/section>\n\t\t\t\t<section class=\"elementor-section elementor-top-section elementor-element elementor-element-755dc2f eltdf-elementor-row-grid-section elementor-section-stretched elementor-section-boxed elementor-section-height-default elementor-section-height-default eltdf-parallax-row-no eltdf-content-aligment-left eltdf-disabled-bg-image-bellow-no\" data-id=\"755dc2f\" data-element_type=\"section\" data-settings=\"{&quot;stretch_section&quot;:&quot;section-stretched&quot;}\">\n\t\t\t\t\t\t<div class=\"elementor-container elementor-column-gap-default\">\n\t\t\t\t\t\t\t<div class=\"elementor-row\">\n\t\t\t\t\t<div class=\"elementor-column elementor-col-50 elementor-top-column elementor-element elementor-element-5c96773\" data-id=\"5c96773\" data-element_type=\"column\">\n\t\t\t<div class=\"elementor-column-wrap elementor-element-populated\">\n\t\t\t\t\t\t\t<div class=\"elementor-widget-wrap\">\n\t\t\t\t\t\t<div class=\"elementor-element elementor-element-7d7321c elementor-widget elementor-widget-eltdf_icon_with_text\" data-id=\"7d7321c\" data-element_type=\"widget\" data-widget_type=\"eltdf_icon_with_text.default\">\n\t\t\t\t<div class=\"elementor-widget-container\">\n\t\t\t<div class=\"eltdf-iwt clearfix  eltdf-iwt-icon-top eltdf-iwt-icon-medium\">\n\t<div class=\"eltdf-iwt-icon\">\n\t\t\t\t\t\t\t\t\t    <span class=\"eltdf-icon-shortcode eltdf-normal   eltdf-icon-medium\"  >\n                    <i class=\"eltdf-icon-linea-icon icon-arrows-circle-check eltdf-icon-element\" style=\"\" ><\/i>            <\/span>\n\t\t\t\t\t\t<\/div>\n\t<div class=\"eltdf-iwt-content\" >\n\t\t\t\t\t<h6 class=\"eltdf-iwt-title\" >\n\t\t\t\t\t\t\t\t<span class=\"eltdf-iwt-title-text\">Organizarea perfect\u0103 a serviciului la domiciliu<\/span>\n\t\t\t\t\t\t\t<\/h6>\n\t\t\t\t\t<\/div>\n<\/div>\t\t<\/div>\n\t\t\t\t<\/div>\n\t\t\t\t\t\t<\/div>\n\t\t\t\t\t<\/div>\n\t\t<\/div>\n\t\t\t\t<div class=\"elementor-column elementor-col-50 elementor-top-column elementor-element elementor-element-861e391\" data-id=\"861e391\" data-element_type=\"column\">\n\t\t\t<div class=\"elementor-column-wrap elementor-element-populated\">\n\t\t\t\t\t\t\t<div class=\"elementor-widget-wrap\">\n\t\t\t\t\t\t<div class=\"elementor-element elementor-element-12d237d elementor-widget elementor-widget-eltdf_icon_with_text\" data-id=\"12d237d\" data-element_type=\"widget\" data-widget_type=\"eltdf_icon_with_text.default\">\n\t\t\t\t<div class=\"elementor-widget-container\">\n\t\t\t<div class=\"eltdf-iwt clearfix  eltdf-iwt-icon-top eltdf-iwt-icon-medium\">\n\t<div class=\"eltdf-iwt-icon\">\n\t\t\t\t\t\t\t\t\t    <span class=\"eltdf-icon-shortcode eltdf-normal   eltdf-icon-medium\"  >\n                    <i class=\"eltdf-icon-linea-icon icon-arrows-circle-check eltdf-icon-element\" style=\"\" ><\/i>            <\/span>\n\t\t\t\t\t\t<\/div>\n\t<div class=\"eltdf-iwt-content\" >\n\t\t\t\t\t<h6 class=\"eltdf-iwt-title\" >\n\t\t\t\t\t\t\t\t<span class=\"eltdf-iwt-title-text\">Elaborarea unui meniu individual conform preferin\u021belor Dvs.<\/span>\n\t\t\t\t\t\t\t<\/h6>\n\t\t\t\t\t<\/div>\n<\/div>\t\t<\/div>\n\t\t\t\t<\/div>\n\t\t\t\t\t\t<\/div>\n\t\t\t\t\t<\/div>\n\t\t<\/div>\n\t\t\t\t\t\t\t\t<\/div>\n\t\t\t\t\t<\/div>\n\t\t<\/section>\n\t\t\t\t<section class=\"elementor-section elementor-top-section elementor-element elementor-element-36753a0 eltdf-elementor-row-grid-section elementor-section-stretched elementor-section-boxed elementor-section-height-default elementor-section-height-default eltdf-parallax-row-no eltdf-content-aligment-left eltdf-disabled-bg-image-bellow-no\" data-id=\"36753a0\" data-element_type=\"section\" data-settings=\"{&quot;stretch_section&quot;:&quot;section-stretched&quot;}\">\n\t\t\t\t\t\t<div class=\"elementor-container elementor-column-gap-default\">\n\t\t\t\t\t\t\t<div class=\"elementor-row\">\n\t\t\t\t\t<div class=\"elementor-column elementor-col-50 elementor-top-column elementor-element elementor-element-83e9582\" data-id=\"83e9582\" data-element_type=\"column\">\n\t\t\t<div class=\"elementor-column-wrap elementor-element-populated\">\n\t\t\t\t\t\t\t<div class=\"elementor-widget-wrap\">\n\t\t\t\t\t\t<div class=\"elementor-element elementor-element-5e097e7 elementor-widget elementor-widget-eltdf_icon_with_text\" data-id=\"5e097e7\" data-element_type=\"widget\" data-widget_type=\"eltdf_icon_with_text.default\">\n\t\t\t\t<div class=\"elementor-widget-container\">\n\t\t\t<div class=\"eltdf-iwt clearfix  eltdf-iwt-icon-top eltdf-iwt-icon-medium\">\n\t<div class=\"eltdf-iwt-icon\">\n\t\t\t\t\t\t\t\t\t    <span class=\"eltdf-icon-shortcode eltdf-normal   eltdf-icon-medium\"  >\n                    <i class=\"eltdf-icon-linea-icon icon-arrows-circle-check eltdf-icon-element\" style=\"\" ><\/i>            <\/span>\n\t\t\t\t\t\t<\/div>\n\t<div class=\"eltdf-iwt-content\" >\n\t\t\t\t\t<h6 class=\"eltdf-iwt-title\" >\n\t\t\t\t\t\t\t\t<span class=\"eltdf-iwt-title-text\">Noi ne asum\u0103m pe deplin responsabilitatea pentru calitatea bucatelor \u0219i a serviciilor prestat<\/span>\n\t\t\t\t\t\t\t<\/h6>\n\t\t\t\t\t<\/div>\n<\/div>\t\t<\/div>\n\t\t\t\t<\/div>\n\t\t\t\t\t\t<\/div>\n\t\t\t\t\t<\/div>\n\t\t<\/div>\n\t\t\t\t<div class=\"elementor-column elementor-col-50 elementor-top-column elementor-element elementor-element-09c1db5\" data-id=\"09c1db5\" data-element_type=\"column\">\n\t\t\t<div class=\"elementor-column-wrap elementor-element-populated\">\n\t\t\t\t\t\t\t<div class=\"elementor-widget-wrap\">\n\t\t\t\t\t\t<div class=\"elementor-element elementor-element-60caa6d elementor-widget elementor-widget-eltdf_icon_with_text\" data-id=\"60caa6d\" data-element_type=\"widget\" data-widget_type=\"eltdf_icon_with_text.default\">\n\t\t\t\t<div class=\"elementor-widget-container\">\n\t\t\t<div class=\"eltdf-iwt clearfix  eltdf-iwt-icon-top eltdf-iwt-icon-medium\">\n\t<div class=\"eltdf-iwt-icon\">\n\t\t\t\t\t\t\t\t\t    <span class=\"eltdf-icon-shortcode eltdf-normal   eltdf-icon-medium\"  >\n                    <i class=\"eltdf-icon-linea-icon icon-arrows-circle-check eltdf-icon-element\" style=\"\" ><\/i>            <\/span>\n\t\t\t\t\t\t<\/div>\n\t<div class=\"eltdf-iwt-content\" >\n\t\t\t\t\t<h6 class=\"eltdf-iwt-title\" >\n\t\t\t\t\t\t\t\t<span class=\"eltdf-iwt-title-text\">Organizarea recep\u021biilor cu m\u00e2ncare gustoas\u0103, \u00een loca\u021biile comode pentru Dvs.<\/span>\n\t\t\t\t\t\t\t<\/h6>\n\t\t\t\t\t<\/div>\n<\/div>\t\t<\/div>\n\t\t\t\t<\/div>\n\t\t\t\t\t\t<\/div>\n\t\t\t\t\t<\/div>\n\t\t<\/div>\n\t\t\t\t\t\t\t\t<\/div>\n\t\t\t\t\t<\/div>\n\t\t<\/section>\n\t\t\t\t\t\t\t\t\t<\/div>\n\t\t\t<\/div>\n\t\t\t\t\t<\/div>\n\t\t","protected":false},"excerpt":{"rendered":"<p>\u0410\u0440\u0435\u043d\u0434\u0430 \u043f\u0435\u0440\u0441\u043e\u043d\u0430\u043b\u0430 Dori\u021bi s\u0103 organiza\u021bi un eveniment pe teritoriul dvs.? La Pegas Terrace &amp; Restaurant pute\u021bi s\u0103 \u00eenchiria\u021bi personal (chelneri, buc\u0103tari) \u0219i ve\u021bi putea organiza un fourchette de neuitat, cu servicii de calitate. Dvs doar ve\u021bi privi calm cum Buc\u0103tarul Chef prepar\u0103 cu m\u0103iestrie bucate de restaurant \u00een buc\u0103t\u0103ria dvs., \u00een timp ce v\u0103 relaxa\u021bi \u0219i petrece\u021bi \u00eentr-o o atmosfer\u0103 [&hellip;]<\/p>\n","protected":false},"author":1,"featured_media":0,"parent":0,"menu_order":0,"comment_status":"closed","ping_status":"closed","template":"","meta":{"inline_featured_image":false,"footnotes":""},"class_list":["post-8630","page","type-page","status-publish","hentry"],"yoast_head":"<!-- This site is optimized with the Yoast SEO plugin v19.6.1 - https:\/\/yoast.com\/wordpress\/plugins\/seo\/ -->\n<title>\u00cenchiriere de personal | Catering la Restaurant Pegas<\/title>\n<meta name=\"description\" content=\"Deservire \u00een deplasare. Locul vostru de desf\u0103\u0219urare a evenimentului \u2013 chelnerii, buc\u0103tarii \u0219i r\u0103spunderea noastr\u0103 deplin\u0103 pentru deservire \u0219i buc\u0103t\u0103rie.\" \/>\n<meta name=\"robots\" content=\"index, follow, max-snippet:-1, max-image-preview:large, max-video-preview:-1\" \/>\n<link rel=\"canonical\" href=\"https:\/\/pegasrestaurant.md\/ro\/chiria-personalului\/\" \/>\n<meta property=\"og:locale\" content=\"ro_RO\" \/>\n<meta property=\"og:type\" content=\"article\" \/>\n<meta property=\"og:title\" content=\"\u00cenchiriere de personal | Catering la Restaurant Pegas\" \/>\n<meta property=\"og:description\" content=\"Deservire \u00een deplasare. Locul vostru de desf\u0103\u0219urare a evenimentului \u2013 chelnerii, buc\u0103tarii \u0219i r\u0103spunderea noastr\u0103 deplin\u0103 pentru deservire \u0219i buc\u0103t\u0103rie.\" \/>\n<meta property=\"og:url\" content=\"https:\/\/pegasrestaurant.md\/ro\/chiria-personalului\/\" \/>\n<meta property=\"og:site_name\" content=\"Pegas Terrace &amp; Restaurant\" \/>\n<meta property=\"article:modified_time\" content=\"2021-04-29T06:43:22+00:00\" \/>\n<meta property=\"og:image\" content=\"https:\/\/pegasrestaurant.md\/wp-content\/uploads\/2021\/04\/team.jpg\" \/>\n<meta name=\"twitter:card\" content=\"summary_large_image\" \/>\n<meta name=\"twitter:label1\" content=\"Timp estimat pentru citire\" \/>\n\t<meta name=\"twitter:data1\" content=\"1 minut\" \/>\n<script type=\"application\/ld+json\" class=\"yoast-schema-graph\">{\"@context\":\"https:\/\/schema.org\",\"@graph\":[{\"@type\":\"WebPage\",\"@id\":\"https:\/\/pegasrestaurant.md\/ro\/chiria-personalului\/\",\"url\":\"https:\/\/pegasrestaurant.md\/ro\/chiria-personalului\/\",\"name\":\"\u00cenchiriere de personal | Catering la Restaurant Pegas\",\"isPartOf\":{\"@id\":\"https:\/\/pegasrestaurant.md\/en\/#website\"},\"datePublished\":\"2021-04-29T06:37:37+00:00\",\"dateModified\":\"2021-04-29T06:43:22+00:00\",\"description\":\"Deservire \u00een deplasare. Locul vostru de desf\u0103\u0219urare a evenimentului \u2013 chelnerii, buc\u0103tarii \u0219i r\u0103spunderea noastr\u0103 deplin\u0103 pentru deservire \u0219i buc\u0103t\u0103rie.\",\"breadcrumb\":{\"@id\":\"https:\/\/pegasrestaurant.md\/ro\/chiria-personalului\/#breadcrumb\"},\"inLanguage\":\"ro-RO\",\"potentialAction\":[{\"@type\":\"ReadAction\",\"target\":[\"https:\/\/pegasrestaurant.md\/ro\/chiria-personalului\/\"]}]},{\"@type\":\"BreadcrumbList\",\"@id\":\"https:\/\/pegasrestaurant.md\/ro\/chiria-personalului\/#breadcrumb\",\"itemListElement\":[{\"@type\":\"ListItem\",\"position\":1,\"name\":\"\u0413\u043b\u0430\u0432\u043d\u0430\u044f \u0441\u0442\u0440\u0430\u043d\u0438\u0446\u0430\",\"item\":\"https:\/\/pegasrestaurant.md\/ro\/\"},{\"@type\":\"ListItem\",\"position\":2,\"name\":\"Chiria personalului\"}]},{\"@type\":\"WebSite\",\"@id\":\"https:\/\/pegasrestaurant.md\/en\/#website\",\"url\":\"https:\/\/pegasrestaurant.md\/en\/\",\"name\":\"Pegas Terrace &amp; Restaurant\",\"description\":\"\",\"potentialAction\":[{\"@type\":\"SearchAction\",\"target\":{\"@type\":\"EntryPoint\",\"urlTemplate\":\"https:\/\/pegasrestaurant.md\/en\/?s={search_term_string}\"},\"query-input\":\"required name=search_term_string\"}],\"inLanguage\":\"ro-RO\"}]}<\/script>\n<!-- \/ Yoast SEO plugin. -->","yoast_head_json":{"title":"\u00cenchiriere de personal | Catering la Restaurant Pegas","description":"Deservire \u00een deplasare. Locul vostru de desf\u0103\u0219urare a evenimentului \u2013 chelnerii, buc\u0103tarii \u0219i r\u0103spunderea noastr\u0103 deplin\u0103 pentru deservire \u0219i buc\u0103t\u0103rie.","robots":{"index":"index","follow":"follow","max-snippet":"max-snippet:-1","max-image-preview":"max-image-preview:large","max-video-preview":"max-video-preview:-1"},"canonical":"https:\/\/pegasrestaurant.md\/ro\/chiria-personalului\/","og_locale":"ro_RO","og_type":"article","og_title":"\u00cenchiriere de personal | Catering la Restaurant Pegas","og_description":"Deservire \u00een deplasare. Locul vostru de desf\u0103\u0219urare a evenimentului \u2013 chelnerii, buc\u0103tarii \u0219i r\u0103spunderea noastr\u0103 deplin\u0103 pentru deservire \u0219i buc\u0103t\u0103rie.","og_url":"https:\/\/pegasrestaurant.md\/ro\/chiria-personalului\/","og_site_name":"Pegas Terrace &amp; Restaurant","article_modified_time":"2021-04-29T06:43:22+00:00","og_image":[{"url":"https:\/\/pegasrestaurant.md\/wp-content\/uploads\/2021\/04\/team.jpg"}],"twitter_card":"summary_large_image","twitter_misc":{"Timp estimat pentru citire":"1 minut"},"schema":{"@context":"https:\/\/schema.org","@graph":[{"@type":"WebPage","@id":"https:\/\/pegasrestaurant.md\/ro\/chiria-personalului\/","url":"https:\/\/pegasrestaurant.md\/ro\/chiria-personalului\/","name":"\u00cenchiriere de personal | Catering la Restaurant Pegas","isPartOf":{"@id":"https:\/\/pegasrestaurant.md\/en\/#website"},"datePublished":"2021-04-29T06:37:37+00:00","dateModified":"2021-04-29T06:43:22+00:00","description":"Deservire \u00een deplasare. Locul vostru de desf\u0103\u0219urare a evenimentului \u2013 chelnerii, buc\u0103tarii \u0219i r\u0103spunderea noastr\u0103 deplin\u0103 pentru deservire \u0219i buc\u0103t\u0103rie.","breadcrumb":{"@id":"https:\/\/pegasrestaurant.md\/ro\/chiria-personalului\/#breadcrumb"},"inLanguage":"ro-RO","potentialAction":[{"@type":"ReadAction","target":["https:\/\/pegasrestaurant.md\/ro\/chiria-personalului\/"]}]},{"@type":"BreadcrumbList","@id":"https:\/\/pegasrestaurant.md\/ro\/chiria-personalului\/#breadcrumb","itemListElement":[{"@type":"ListItem","position":1,"name":"\u0413\u043b\u0430\u0432\u043d\u0430\u044f \u0441\u0442\u0440\u0430\u043d\u0438\u0446\u0430","item":"https:\/\/pegasrestaurant.md\/ro\/"},{"@type":"ListItem","position":2,"name":"Chiria personalului"}]},{"@type":"WebSite","@id":"https:\/\/pegasrestaurant.md\/en\/#website","url":"https:\/\/pegasrestaurant.md\/en\/","name":"Pegas Terrace &amp; Restaurant","description":"","potentialAction":[{"@type":"SearchAction","target":{"@type":"EntryPoint","urlTemplate":"https:\/\/pegasrestaurant.md\/en\/?s={search_term_string}"},"query-input":"required name=search_term_string"}],"inLanguage":"ro-RO"}]}},"_links":{"self":[{"href":"https:\/\/pegasrestaurant.md\/ro\/wp-json\/wp\/v2\/pages\/8630","targetHints":{"allow":["GET"]}}],"collection":[{"href":"https:\/\/pegasrestaurant.md\/ro\/wp-json\/wp\/v2\/pages"}],"about":[{"href":"https:\/\/pegasrestaurant.md\/ro\/wp-json\/wp\/v2\/types\/page"}],"author":[{"embeddable":true,"href":"https:\/\/pegasrestaurant.md\/ro\/wp-json\/wp\/v2\/users\/1"}],"replies":[{"embeddable":true,"href":"https:\/\/pegasrestaurant.md\/ro\/wp-json\/wp\/v2\/comments?post=8630"}],"version-history":[{"count":0,"href":"https:\/\/pegasrestaurant.md\/ro\/wp-json\/wp\/v2\/pages\/8630\/revisions"}],"wp:attachment":[{"href":"https:\/\/pegasrestaurant.md\/ro\/wp-json\/wp\/v2\/media?parent=8630"}],"curies":[{"name":"wp","href":"https:\/\/api.w.org\/{rel}","templated":true}]}}