{"id":8621,"date":"2021-04-29T09:26:33","date_gmt":"2021-04-29T06:26:33","guid":{"rendered":"https:\/\/pegasrestaurant.md\/white-hall\/"},"modified":"2021-05-24T13:46:25","modified_gmt":"2021-05-24T10:46:25","slug":"white-hall","status":"publish","type":"page","link":"https:\/\/pegasrestaurant.md\/ro\/white-hall\/","title":{"rendered":"White hall"},"content":{"rendered":"\t\t<div data-elementor-type=\"wp-page\" data-elementor-id=\"8621\" class=\"elementor elementor-8621 elementor-6473\">\n\t\t\t\t\t\t<div class=\"elementor-inner\">\n\t\t\t\t<div class=\"elementor-section-wrap\">\n\t\t\t\t\t\t\t\t\t<section class=\"elementor-section elementor-top-section elementor-element elementor-element-78f65a3 elementor-section-stretched elementor-section-boxed elementor-section-height-default elementor-section-height-default eltdf-parallax-row-no eltdf-content-aligment-left eltdf-elementor-row-grid-no eltdf-disabled-bg-image-bellow-no\" data-id=\"78f65a3\" data-element_type=\"section\" data-settings=\"{&quot;stretch_section&quot;:&quot;section-stretched&quot;}\">\n\t\t\t\t\t\t<div class=\"elementor-container elementor-column-gap-default\">\n\t\t\t\t\t\t\t<div class=\"elementor-row\">\n\t\t\t\t\t<div class=\"elementor-column elementor-col-100 elementor-top-column elementor-element elementor-element-7ef514d\" data-id=\"7ef514d\" data-element_type=\"column\">\n\t\t\t<div class=\"elementor-column-wrap elementor-element-populated\">\n\t\t\t\t\t\t\t<div class=\"elementor-widget-wrap\">\n\t\t\t\t\t\t<div class=\"elementor-element elementor-element-e1e6e29 elementor-widget elementor-widget-eltdf_single_image\" data-id=\"e1e6e29\" data-element_type=\"widget\" data-widget_type=\"eltdf_single_image.default\">\n\t\t\t\t<div class=\"elementor-widget-container\">\n\t\t\t<div class=\"eltdf-single-image-holder     eltdf-image-appear-from-top\">\n    <div class=\"eltdf-si-inner\" >\n                                                        <img loading=\"lazy\" decoding=\"async\" width=\"1500\" height=\"1000\" src=\"https:\/\/pegasrestaurant.md\/wp-content\/uploads\/2021\/05\/white-hall.jpg\" class=\"attachment-full size-full\" alt=\"White Hall Pegas Restaurant\" srcset=\"https:\/\/pegasrestaurant.md\/wp-content\/uploads\/2021\/05\/white-hall.jpg 1500w, https:\/\/pegasrestaurant.md\/wp-content\/uploads\/2021\/05\/white-hall-300x200.jpg 300w, https:\/\/pegasrestaurant.md\/wp-content\/uploads\/2021\/05\/white-hall-1024x683.jpg 1024w, https:\/\/pegasrestaurant.md\/wp-content\/uploads\/2021\/05\/white-hall-768x512.jpg 768w, https:\/\/pegasrestaurant.md\/wp-content\/uploads\/2021\/05\/white-hall-1000x667.jpg 1000w\" sizes=\"auto, (max-width: 1500px) 100vw, 1500px\" \/>                                                <\/div>\n<\/div>\t\t<\/div>\n\t\t\t\t<\/div>\n\t\t\t\t\t\t<\/div>\n\t\t\t\t\t<\/div>\n\t\t<\/div>\n\t\t\t\t\t\t\t\t<\/div>\n\t\t\t\t\t<\/div>\n\t\t<\/section>\n\t\t\t\t<section class=\"elementor-section elementor-top-section elementor-element elementor-element-f10dad0 elementor-section-boxed elementor-section-height-default elementor-section-height-default eltdf-parallax-row-no eltdf-content-aligment-left eltdf-elementor-row-grid-no eltdf-disabled-bg-image-bellow-no\" data-id=\"f10dad0\" data-element_type=\"section\">\n\t\t\t\t\t\t<div class=\"elementor-container elementor-column-gap-default\">\n\t\t\t\t\t\t\t<div class=\"elementor-row\">\n\t\t\t\t\t<div class=\"elementor-column elementor-col-100 elementor-top-column elementor-element elementor-element-96c7941\" data-id=\"96c7941\" data-element_type=\"column\">\n\t\t\t<div class=\"elementor-column-wrap elementor-element-populated\">\n\t\t\t\t\t\t\t<div class=\"elementor-widget-wrap\">\n\t\t\t\t\t\t<div class=\"elementor-element elementor-element-baf8590 elementor-widget elementor-widget-eltdf_section_title\" data-id=\"baf8590\" data-element_type=\"widget\" data-widget_type=\"eltdf_section_title.default\">\n\t\t\t\t<div class=\"elementor-widget-container\">\n\t\t\t<div class=\"eltdf-section-title-holder    \" style=\"text-align: center\">\n\t<div class=\"eltdf-st-inner\">\n        \t\t            <div class=\"eltdf-st-title-holder\">\n                                    <div class=\"decor\"><svg xmlns=\"http:\/\/www.w3.org\/2000\/svg\" width=\"41.125\" height=\"9.146\">\n                            <path fill=\"none\" stroke=\"#9C7C57\" stroke-miterlimit=\"10\" d=\"M40.881 8.576L20.562.591.244 8.576\"\/>\n                            <path fill=\"none\" stroke=\"#9C7C57\" stroke-miterlimit=\"10\" d=\"M40.881.591L20.562 8.576.243.591\"\/>\n                        <\/svg><\/div>\n                                <h3 class=\"eltdf-st-title\" >\n                    White hall \u00een Chi\u0219in\u0103u                <\/h3>\n                                    <div class=\"decor\"><svg xmlns=\"http:\/\/www.w3.org\/2000\/svg\" width=\"41.125\" height=\"9.146\">\n                            <path fill=\"none\" stroke=\"#9C7C57\" stroke-miterlimit=\"10\" d=\"M40.881 8.576L20.562.591.244 8.576\"\/>\n                            <path fill=\"none\" stroke=\"#9C7C57\" stroke-miterlimit=\"10\" d=\"M40.881.591L20.562 8.576.243.591\"\/>\n                        <\/svg><\/div>\n                            <\/div>\n\t\t\t\t\t\t\t<\/div>\n<\/div>\t\t<\/div>\n\t\t\t\t<\/div>\n\t\t\t\t\t\t<\/div>\n\t\t\t\t\t<\/div>\n\t\t<\/div>\n\t\t\t\t\t\t\t\t<\/div>\n\t\t\t\t\t<\/div>\n\t\t<\/section>\n\t\t\t\t<section class=\"elementor-section elementor-top-section elementor-element elementor-element-613bcc7 elementor-section-boxed elementor-section-height-default elementor-section-height-default eltdf-parallax-row-no eltdf-content-aligment-left eltdf-elementor-row-grid-no eltdf-disabled-bg-image-bellow-no\" data-id=\"613bcc7\" data-element_type=\"section\">\n\t\t\t\t\t\t<div class=\"elementor-container elementor-column-gap-default\">\n\t\t\t\t\t\t\t<div class=\"elementor-row\">\n\t\t\t\t\t<div class=\"elementor-column elementor-col-100 elementor-top-column elementor-element elementor-element-8600178\" data-id=\"8600178\" data-element_type=\"column\">\n\t\t\t<div class=\"elementor-column-wrap elementor-element-populated\">\n\t\t\t\t\t\t\t<div class=\"elementor-widget-wrap\">\n\t\t\t\t\t\t<div class=\"elementor-element elementor-element-e7780be elementor-widget elementor-widget-text-editor\" data-id=\"e7780be\" data-element_type=\"widget\" data-widget_type=\"text-editor.default\">\n\t\t\t\t<div class=\"elementor-widget-container\">\n\t\t\t\t\t\t\t\t<div class=\"elementor-text-editor elementor-clearfix\">\n\t\t\t\t<p>White hall este o sal\u0103 alb\u0103 separat\u0103 \u00een incinta Pegas Terrace &#038; Restaurant \u0219i un local perfect pentru organizarea evenimentelor \u0219i festivit\u0103\u021bilor de orice gen. Spre deosebire de celelalte \u00eenc\u0103peri ale restaurantului, sala alb\u0103 se distinge printr-o ambian\u021b\u0103 solemn\u0103, o atmosfer\u0103 de s\u0103rb\u0103toare, \u0219i siguran\u021ba pe care o ofer\u0103 spa\u021biul privat. White hall are o capacitate de 60 locuri. <\/p>\n\t\t\t\t\t<\/div>\n\t\t\t\t\t\t<\/div>\n\t\t\t\t<\/div>\n\t\t\t\t\t\t<\/div>\n\t\t\t\t\t<\/div>\n\t\t<\/div>\n\t\t\t\t\t\t\t\t<\/div>\n\t\t\t\t\t<\/div>\n\t\t<\/section>\n\t\t\t\t<section class=\"elementor-section elementor-top-section elementor-element elementor-element-c473d0a elementor-section-boxed elementor-section-height-default elementor-section-height-default eltdf-parallax-row-no eltdf-content-aligment-left eltdf-elementor-row-grid-no eltdf-disabled-bg-image-bellow-no\" data-id=\"c473d0a\" data-element_type=\"section\">\n\t\t\t\t\t\t<div class=\"elementor-container elementor-column-gap-default\">\n\t\t\t\t\t\t\t<div class=\"elementor-row\">\n\t\t\t\t\t<div class=\"elementor-column elementor-col-100 elementor-top-column elementor-element elementor-element-cfa9107\" data-id=\"cfa9107\" data-element_type=\"column\">\n\t\t\t<div class=\"elementor-column-wrap elementor-element-populated\">\n\t\t\t\t\t\t\t<div class=\"elementor-widget-wrap\">\n\t\t\t\t\t\t<div class=\"elementor-element elementor-element-32c20db elementor-widget elementor-widget-eltdf_section_title\" data-id=\"32c20db\" data-element_type=\"widget\" data-widget_type=\"eltdf_section_title.default\">\n\t\t\t\t<div class=\"elementor-widget-container\">\n\t\t\t<div class=\"eltdf-section-title-holder    \" style=\"text-align: center\">\n\t<div class=\"eltdf-st-inner\">\n        \t\t            <div class=\"eltdf-st-title-holder\">\n                                    <div class=\"decor\"><svg xmlns=\"http:\/\/www.w3.org\/2000\/svg\" width=\"41.125\" height=\"9.146\">\n                            <path fill=\"none\" stroke=\"#9C7C57\" stroke-miterlimit=\"10\" d=\"M40.881 8.576L20.562.591.244 8.576\"\/>\n                            <path fill=\"none\" stroke=\"#9C7C57\" stroke-miterlimit=\"10\" d=\"M40.881.591L20.562 8.576.243.591\"\/>\n                        <\/svg><\/div>\n                                <h3 class=\"eltdf-st-title\" >\n                    Banchete                <\/h3>\n                                    <div class=\"decor\"><svg xmlns=\"http:\/\/www.w3.org\/2000\/svg\" width=\"41.125\" height=\"9.146\">\n                            <path fill=\"none\" stroke=\"#9C7C57\" stroke-miterlimit=\"10\" d=\"M40.881 8.576L20.562.591.244 8.576\"\/>\n                            <path fill=\"none\" stroke=\"#9C7C57\" stroke-miterlimit=\"10\" d=\"M40.881.591L20.562 8.576.243.591\"\/>\n                        <\/svg><\/div>\n                            <\/div>\n\t\t\t\t\t\t\t<\/div>\n<\/div>\t\t<\/div>\n\t\t\t\t<\/div>\n\t\t\t\t\t\t<\/div>\n\t\t\t\t\t<\/div>\n\t\t<\/div>\n\t\t\t\t\t\t\t\t<\/div>\n\t\t\t\t\t<\/div>\n\t\t<\/section>\n\t\t\t\t<section class=\"elementor-section elementor-top-section elementor-element elementor-element-6b70b07 elementor-section-boxed elementor-section-height-default elementor-section-height-default eltdf-parallax-row-no eltdf-content-aligment-left eltdf-elementor-row-grid-no eltdf-disabled-bg-image-bellow-no\" data-id=\"6b70b07\" data-element_type=\"section\">\n\t\t\t\t\t\t<div class=\"elementor-container elementor-column-gap-default\">\n\t\t\t\t\t\t\t<div class=\"elementor-row\">\n\t\t\t\t\t<div class=\"elementor-column elementor-col-100 elementor-top-column elementor-element elementor-element-32c9343\" data-id=\"32c9343\" data-element_type=\"column\">\n\t\t\t<div class=\"elementor-column-wrap elementor-element-populated\">\n\t\t\t\t\t\t\t<div class=\"elementor-widget-wrap\">\n\t\t\t\t\t\t<div class=\"elementor-element elementor-element-06a057e elementor-widget elementor-widget-text-editor\" data-id=\"06a057e\" data-element_type=\"widget\" data-widget_type=\"text-editor.default\">\n\t\t\t\t<div class=\"elementor-widget-container\">\n\t\t\t\t\t\t\t\t<div class=\"elementor-text-editor elementor-clearfix\">\n\t\t\t\t<p>\u00cen oferta noastr\u0103 ve\u021bi g\u0103si un meniu deosebit pentru banchete, de asemenea putem \u00eentocmi un meniu individual pentru Dvs. \u0219i pentru oaspe\u021bii Dvs., care se va potrivi cel mai bine evenimentului. Un meniu personalizat pentru o zi de na\u0219tere, aniversare, sau nunt\u0103 este o posibilitate perfect\u0103 pentru a sublinia importan\u021ba \u0219i exclusivitatea unui eveniment.<\/p>\n\t\t\t\t\t<\/div>\n\t\t\t\t\t\t<\/div>\n\t\t\t\t<\/div>\n\t\t\t\t\t\t<\/div>\n\t\t\t\t\t<\/div>\n\t\t<\/div>\n\t\t\t\t\t\t\t\t<\/div>\n\t\t\t\t\t<\/div>\n\t\t<\/section>\n\t\t\t\t<section class=\"elementor-section elementor-top-section elementor-element elementor-element-13996f4 elementor-section-boxed elementor-section-height-default elementor-section-height-default eltdf-parallax-row-no eltdf-content-aligment-left eltdf-elementor-row-grid-no eltdf-disabled-bg-image-bellow-no\" data-id=\"13996f4\" data-element_type=\"section\">\n\t\t\t\t\t\t<div class=\"elementor-container elementor-column-gap-default\">\n\t\t\t\t\t\t\t<div class=\"elementor-row\">\n\t\t\t\t\t<div class=\"elementor-column elementor-col-100 elementor-top-column elementor-element elementor-element-533f146\" data-id=\"533f146\" data-element_type=\"column\">\n\t\t\t<div class=\"elementor-column-wrap elementor-element-populated\">\n\t\t\t\t\t\t\t<div class=\"elementor-widget-wrap\">\n\t\t\t\t\t\t<div class=\"elementor-element elementor-element-3882c57 elementor-widget elementor-widget-eltdf_section_title\" data-id=\"3882c57\" data-element_type=\"widget\" data-widget_type=\"eltdf_section_title.default\">\n\t\t\t\t<div class=\"elementor-widget-container\">\n\t\t\t<div class=\"eltdf-section-title-holder    \" style=\"text-align: center\">\n\t<div class=\"eltdf-st-inner\">\n        \t\t            <div class=\"eltdf-st-title-holder\">\n                                    <div class=\"decor\"><svg xmlns=\"http:\/\/www.w3.org\/2000\/svg\" width=\"41.125\" height=\"9.146\">\n                            <path fill=\"none\" stroke=\"#9C7C57\" stroke-miterlimit=\"10\" d=\"M40.881 8.576L20.562.591.244 8.576\"\/>\n                            <path fill=\"none\" stroke=\"#9C7C57\" stroke-miterlimit=\"10\" d=\"M40.881.591L20.562 8.576.243.591\"\/>\n                        <\/svg><\/div>\n                                <h3 class=\"eltdf-st-title\" >\n                    Private events                <\/h3>\n                                    <div class=\"decor\"><svg xmlns=\"http:\/\/www.w3.org\/2000\/svg\" width=\"41.125\" height=\"9.146\">\n                            <path fill=\"none\" stroke=\"#9C7C57\" stroke-miterlimit=\"10\" d=\"M40.881 8.576L20.562.591.244 8.576\"\/>\n                            <path fill=\"none\" stroke=\"#9C7C57\" stroke-miterlimit=\"10\" d=\"M40.881.591L20.562 8.576.243.591\"\/>\n                        <\/svg><\/div>\n                            <\/div>\n\t\t\t\t\t\t\t<\/div>\n<\/div>\t\t<\/div>\n\t\t\t\t<\/div>\n\t\t\t\t\t\t<\/div>\n\t\t\t\t\t<\/div>\n\t\t<\/div>\n\t\t\t\t\t\t\t\t<\/div>\n\t\t\t\t\t<\/div>\n\t\t<\/section>\n\t\t\t\t<section class=\"elementor-section elementor-top-section elementor-element elementor-element-25af695 elementor-section-boxed elementor-section-height-default elementor-section-height-default eltdf-parallax-row-no eltdf-content-aligment-left eltdf-elementor-row-grid-no eltdf-disabled-bg-image-bellow-no\" data-id=\"25af695\" data-element_type=\"section\">\n\t\t\t\t\t\t<div class=\"elementor-container elementor-column-gap-default\">\n\t\t\t\t\t\t\t<div class=\"elementor-row\">\n\t\t\t\t\t<div class=\"elementor-column elementor-col-100 elementor-top-column elementor-element elementor-element-25b7572\" data-id=\"25b7572\" data-element_type=\"column\">\n\t\t\t<div class=\"elementor-column-wrap elementor-element-populated\">\n\t\t\t\t\t\t\t<div class=\"elementor-widget-wrap\">\n\t\t\t\t\t\t<div class=\"elementor-element elementor-element-a97d0b9 elementor-widget elementor-widget-text-editor\" data-id=\"a97d0b9\" data-element_type=\"widget\" data-widget_type=\"text-editor.default\">\n\t\t\t\t<div class=\"elementor-widget-container\">\n\t\t\t\t\t\t\t\t<div class=\"elementor-text-editor elementor-clearfix\">\n\t\t\t\t<p>Pentru a g\u0103zdui un eveniment privat, Pegas Terrace &#038; Restaurant ofer\u0103 serviciul sal\u0103 alb\u0103 \u00eenchis\u0103. V\u0103 oferim deservire, m\u00e2ncare \u0219i o sal\u0103 care va fi exclusiv la dispozi\u021bia Dvs.<\/p>\n<p>White hall este folosit\u0103 ca sal\u0103 de restaurant obi\u0219nuit\u0103 \u00een zilele \u00een care \u00een ea nu au loc evenimente private \u0219i banchete. Acest lucru \u00eenseamn\u0103 c\u0103 pute\u021bi servi pr\u00e2nzul sau cina \u00eentr-o ambian\u021b\u0103 pl\u0103cut\u0103, savur\u00e2nd cu pl\u0103cere aroma \u0219i gustul bucatelor gustoase a restaurantului.<\/p>\n\t\t\t\t\t<\/div>\n\t\t\t\t\t\t<\/div>\n\t\t\t\t<\/div>\n\t\t\t\t\t\t<\/div>\n\t\t\t\t\t<\/div>\n\t\t<\/div>\n\t\t\t\t\t\t\t\t<\/div>\n\t\t\t\t\t<\/div>\n\t\t<\/section>\n\t\t\t\t\t\t\t\t\t<\/div>\n\t\t\t<\/div>\n\t\t\t\t\t<\/div>\n\t\t","protected":false},"excerpt":{"rendered":"<p>White hall \u00een Chi\u0219in\u0103u White hall este o sal\u0103 alb\u0103 separat\u0103 \u00een incinta Pegas Terrace &#038; Restaurant \u0219i un local perfect pentru organizarea evenimentelor \u0219i festivit\u0103\u021bilor de orice gen. Spre deosebire de celelalte \u00eenc\u0103peri ale restaurantului, sala alb\u0103 se distinge printr-o ambian\u021b\u0103 solemn\u0103, o atmosfer\u0103 de s\u0103rb\u0103toare, \u0219i siguran\u021ba pe care o ofer\u0103 spa\u021biul privat. White hall are o capacitate [&hellip;]<\/p>\n","protected":false},"author":1,"featured_media":0,"parent":0,"menu_order":0,"comment_status":"closed","ping_status":"closed","template":"","meta":{"inline_featured_image":false,"footnotes":""},"class_list":["post-8621","page","type-page","status-publish","hentry"],"yoast_head":"<!-- This site is optimized with the Yoast SEO plugin v19.6.1 - https:\/\/yoast.com\/wordpress\/plugins\/seo\/ -->\n<title>White hall | Sala Pegas cu capacitatea de p\u00e2n\u0103 la 60 locuri<\/title>\n<meta name=\"description\" content=\"Orice eveniment festiv este o ocazie de a aduna prieteni \u00een White hall. Banchete \u0219i evenimente private. Practicat ca sal\u0103 obi\u0219nuit\u0103.\" \/>\n<meta name=\"robots\" content=\"index, follow, max-snippet:-1, max-image-preview:large, max-video-preview:-1\" \/>\n<link rel=\"canonical\" href=\"https:\/\/pegasrestaurant.md\/ro\/white-hall\/\" \/>\n<meta property=\"og:locale\" content=\"ro_RO\" \/>\n<meta property=\"og:type\" content=\"article\" \/>\n<meta property=\"og:title\" content=\"White hall | Sala Pegas cu capacitatea de p\u00e2n\u0103 la 60 locuri\" \/>\n<meta property=\"og:description\" content=\"Orice eveniment festiv este o ocazie de a aduna prieteni \u00een White hall. Banchete \u0219i evenimente private. Practicat ca sal\u0103 obi\u0219nuit\u0103.\" \/>\n<meta property=\"og:url\" content=\"https:\/\/pegasrestaurant.md\/ro\/white-hall\/\" \/>\n<meta property=\"og:site_name\" content=\"Pegas Terrace &amp; Restaurant\" \/>\n<meta property=\"article:modified_time\" content=\"2021-05-24T10:46:25+00:00\" \/>\n<meta property=\"og:image\" content=\"https:\/\/pegasrestaurant.md\/wp-content\/uploads\/2021\/05\/white-hall.jpg\" \/>\n<meta name=\"twitter:card\" content=\"summary_large_image\" \/>\n<meta name=\"twitter:label1\" content=\"Timp estimat pentru citire\" \/>\n\t<meta name=\"twitter:data1\" content=\"2 minute\" \/>\n<script type=\"application\/ld+json\" class=\"yoast-schema-graph\">{\"@context\":\"https:\/\/schema.org\",\"@graph\":[{\"@type\":\"WebPage\",\"@id\":\"https:\/\/pegasrestaurant.md\/ro\/white-hall\/\",\"url\":\"https:\/\/pegasrestaurant.md\/ro\/white-hall\/\",\"name\":\"White hall | Sala Pegas cu capacitatea de p\u00e2n\u0103 la 60 locuri\",\"isPartOf\":{\"@id\":\"https:\/\/pegasrestaurant.md\/en\/#website\"},\"datePublished\":\"2021-04-29T06:26:33+00:00\",\"dateModified\":\"2021-05-24T10:46:25+00:00\",\"description\":\"Orice eveniment festiv este o ocazie de a aduna prieteni \u00een White hall. Banchete \u0219i evenimente private. Practicat ca sal\u0103 obi\u0219nuit\u0103.\",\"breadcrumb\":{\"@id\":\"https:\/\/pegasrestaurant.md\/ro\/white-hall\/#breadcrumb\"},\"inLanguage\":\"ro-RO\",\"potentialAction\":[{\"@type\":\"ReadAction\",\"target\":[\"https:\/\/pegasrestaurant.md\/ro\/white-hall\/\"]}]},{\"@type\":\"BreadcrumbList\",\"@id\":\"https:\/\/pegasrestaurant.md\/ro\/white-hall\/#breadcrumb\",\"itemListElement\":[{\"@type\":\"ListItem\",\"position\":1,\"name\":\"\u0413\u043b\u0430\u0432\u043d\u0430\u044f \u0441\u0442\u0440\u0430\u043d\u0438\u0446\u0430\",\"item\":\"https:\/\/pegasrestaurant.md\/ro\/\"},{\"@type\":\"ListItem\",\"position\":2,\"name\":\"White hall\"}]},{\"@type\":\"WebSite\",\"@id\":\"https:\/\/pegasrestaurant.md\/en\/#website\",\"url\":\"https:\/\/pegasrestaurant.md\/en\/\",\"name\":\"Pegas Terrace &amp; Restaurant\",\"description\":\"\",\"potentialAction\":[{\"@type\":\"SearchAction\",\"target\":{\"@type\":\"EntryPoint\",\"urlTemplate\":\"https:\/\/pegasrestaurant.md\/en\/?s={search_term_string}\"},\"query-input\":\"required name=search_term_string\"}],\"inLanguage\":\"ro-RO\"}]}<\/script>\n<!-- \/ Yoast SEO plugin. -->","yoast_head_json":{"title":"White hall | Sala Pegas cu capacitatea de p\u00e2n\u0103 la 60 locuri","description":"Orice eveniment festiv este o ocazie de a aduna prieteni \u00een White hall. Banchete \u0219i evenimente private. Practicat ca sal\u0103 obi\u0219nuit\u0103.","robots":{"index":"index","follow":"follow","max-snippet":"max-snippet:-1","max-image-preview":"max-image-preview:large","max-video-preview":"max-video-preview:-1"},"canonical":"https:\/\/pegasrestaurant.md\/ro\/white-hall\/","og_locale":"ro_RO","og_type":"article","og_title":"White hall | Sala Pegas cu capacitatea de p\u00e2n\u0103 la 60 locuri","og_description":"Orice eveniment festiv este o ocazie de a aduna prieteni \u00een White hall. Banchete \u0219i evenimente private. Practicat ca sal\u0103 obi\u0219nuit\u0103.","og_url":"https:\/\/pegasrestaurant.md\/ro\/white-hall\/","og_site_name":"Pegas Terrace &amp; Restaurant","article_modified_time":"2021-05-24T10:46:25+00:00","og_image":[{"url":"https:\/\/pegasrestaurant.md\/wp-content\/uploads\/2021\/05\/white-hall.jpg"}],"twitter_card":"summary_large_image","twitter_misc":{"Timp estimat pentru citire":"2 minute"},"schema":{"@context":"https:\/\/schema.org","@graph":[{"@type":"WebPage","@id":"https:\/\/pegasrestaurant.md\/ro\/white-hall\/","url":"https:\/\/pegasrestaurant.md\/ro\/white-hall\/","name":"White hall | Sala Pegas cu capacitatea de p\u00e2n\u0103 la 60 locuri","isPartOf":{"@id":"https:\/\/pegasrestaurant.md\/en\/#website"},"datePublished":"2021-04-29T06:26:33+00:00","dateModified":"2021-05-24T10:46:25+00:00","description":"Orice eveniment festiv este o ocazie de a aduna prieteni \u00een White hall. Banchete \u0219i evenimente private. Practicat ca sal\u0103 obi\u0219nuit\u0103.","breadcrumb":{"@id":"https:\/\/pegasrestaurant.md\/ro\/white-hall\/#breadcrumb"},"inLanguage":"ro-RO","potentialAction":[{"@type":"ReadAction","target":["https:\/\/pegasrestaurant.md\/ro\/white-hall\/"]}]},{"@type":"BreadcrumbList","@id":"https:\/\/pegasrestaurant.md\/ro\/white-hall\/#breadcrumb","itemListElement":[{"@type":"ListItem","position":1,"name":"\u0413\u043b\u0430\u0432\u043d\u0430\u044f \u0441\u0442\u0440\u0430\u043d\u0438\u0446\u0430","item":"https:\/\/pegasrestaurant.md\/ro\/"},{"@type":"ListItem","position":2,"name":"White hall"}]},{"@type":"WebSite","@id":"https:\/\/pegasrestaurant.md\/en\/#website","url":"https:\/\/pegasrestaurant.md\/en\/","name":"Pegas Terrace &amp; Restaurant","description":"","potentialAction":[{"@type":"SearchAction","target":{"@type":"EntryPoint","urlTemplate":"https:\/\/pegasrestaurant.md\/en\/?s={search_term_string}"},"query-input":"required name=search_term_string"}],"inLanguage":"ro-RO"}]}},"_links":{"self":[{"href":"https:\/\/pegasrestaurant.md\/ro\/wp-json\/wp\/v2\/pages\/8621","targetHints":{"allow":["GET"]}}],"collection":[{"href":"https:\/\/pegasrestaurant.md\/ro\/wp-json\/wp\/v2\/pages"}],"about":[{"href":"https:\/\/pegasrestaurant.md\/ro\/wp-json\/wp\/v2\/types\/page"}],"author":[{"embeddable":true,"href":"https:\/\/pegasrestaurant.md\/ro\/wp-json\/wp\/v2\/users\/1"}],"replies":[{"embeddable":true,"href":"https:\/\/pegasrestaurant.md\/ro\/wp-json\/wp\/v2\/comments?post=8621"}],"version-history":[{"count":0,"href":"https:\/\/pegasrestaurant.md\/ro\/wp-json\/wp\/v2\/pages\/8621\/revisions"}],"wp:attachment":[{"href":"https:\/\/pegasrestaurant.md\/ro\/wp-json\/wp\/v2\/media?parent=8621"}],"curies":[{"name":"wp","href":"https:\/\/api.w.org\/{rel}","templated":true}]}}