{"id":8165,"date":"2021-04-27T12:45:07","date_gmt":"2021-04-27T09:45:07","guid":{"rendered":"https:\/\/dev.pegasrestaurant.md\/achitare-si-livrare\/"},"modified":"2022-03-28T11:36:35","modified_gmt":"2022-03-28T08:36:35","slug":"achitare-si-livrare","status":"publish","type":"page","link":"https:\/\/pegasrestaurant.md\/ro\/achitare-si-livrare\/","title":{"rendered":"Achitare \u0219i livrare"},"content":{"rendered":"\t\t<div data-elementor-type=\"wp-page\" data-elementor-id=\"8165\" class=\"elementor elementor-8165 elementor-6460\">\n\t\t\t\t\t\t<div class=\"elementor-inner\">\n\t\t\t\t<div class=\"elementor-section-wrap\">\n\t\t\t\t\t\t\t\t\t<section class=\"elementor-section elementor-top-section elementor-element elementor-element-34fa5b9 elementor-section-boxed elementor-section-height-default elementor-section-height-default eltdf-parallax-row-no eltdf-content-aligment-left eltdf-elementor-row-grid-no eltdf-disabled-bg-image-bellow-no\" data-id=\"34fa5b9\" data-element_type=\"section\">\n\t\t\t\t\t\t<div class=\"elementor-container elementor-column-gap-default\">\n\t\t\t\t\t\t\t<div class=\"elementor-row\">\n\t\t\t\t\t<div class=\"elementor-column elementor-col-100 elementor-top-column elementor-element elementor-element-44b3fa0\" data-id=\"44b3fa0\" data-element_type=\"column\">\n\t\t\t<div class=\"elementor-column-wrap elementor-element-populated\">\n\t\t\t\t\t\t\t<div class=\"elementor-widget-wrap\">\n\t\t\t\t\t\t<div class=\"elementor-element elementor-element-622e3ab elementor-widget elementor-widget-eltdf_section_title\" data-id=\"622e3ab\" data-element_type=\"widget\" data-widget_type=\"eltdf_section_title.default\">\n\t\t\t\t<div class=\"elementor-widget-container\">\n\t\t\t<div class=\"eltdf-section-title-holder    \" style=\"text-align: center\">\n\t<div class=\"eltdf-st-inner\">\n        \t\t            <div class=\"eltdf-st-title-holder\">\n                                    <div class=\"decor\"><svg xmlns=\"http:\/\/www.w3.org\/2000\/svg\" width=\"41.125\" height=\"9.146\">\n                            <path fill=\"none\" stroke=\"#9C7C57\" stroke-miterlimit=\"10\" d=\"M40.881 8.576L20.562.591.244 8.576\"\/>\n                            <path fill=\"none\" stroke=\"#9C7C57\" stroke-miterlimit=\"10\" d=\"M40.881.591L20.562 8.576.243.591\"\/>\n                        <\/svg><\/div>\n                                <h2 class=\"eltdf-st-title\" >\n                    Condi\u021bii de plat\u0103 \u0219i livrare                <\/h2>\n                                    <div class=\"decor\"><svg xmlns=\"http:\/\/www.w3.org\/2000\/svg\" width=\"41.125\" height=\"9.146\">\n                            <path fill=\"none\" stroke=\"#9C7C57\" stroke-miterlimit=\"10\" d=\"M40.881 8.576L20.562.591.244 8.576\"\/>\n                            <path fill=\"none\" stroke=\"#9C7C57\" stroke-miterlimit=\"10\" d=\"M40.881.591L20.562 8.576.243.591\"\/>\n                        <\/svg><\/div>\n                            <\/div>\n\t\t\t\t\t\t\t<\/div>\n<\/div>\t\t<\/div>\n\t\t\t\t<\/div>\n\t\t\t\t\t\t<\/div>\n\t\t\t\t\t<\/div>\n\t\t<\/div>\n\t\t\t\t\t\t\t\t<\/div>\n\t\t\t\t\t<\/div>\n\t\t<\/section>\n\t\t\t\t<section class=\"elementor-section elementor-top-section elementor-element elementor-element-bb0a532 elementor-section-boxed elementor-section-height-default elementor-section-height-default eltdf-parallax-row-no eltdf-content-aligment-left eltdf-elementor-row-grid-no eltdf-disabled-bg-image-bellow-no\" data-id=\"bb0a532\" data-element_type=\"section\">\n\t\t\t\t\t\t<div class=\"elementor-container elementor-column-gap-default\">\n\t\t\t\t\t\t\t<div class=\"elementor-row\">\n\t\t\t\t\t<div class=\"elementor-column elementor-col-100 elementor-top-column elementor-element elementor-element-564f546\" data-id=\"564f546\" data-element_type=\"column\">\n\t\t\t<div class=\"elementor-column-wrap elementor-element-populated\">\n\t\t\t\t\t\t\t<div class=\"elementor-widget-wrap\">\n\t\t\t\t\t\t<div class=\"elementor-element elementor-element-90dd784 elementor-widget elementor-widget-text-editor\" data-id=\"90dd784\" data-element_type=\"widget\" data-widget_type=\"text-editor.default\">\n\t\t\t\t<div class=\"elementor-widget-container\">\n\t\t\t\t\t\t\t\t<div class=\"elementor-text-editor elementor-clearfix\">\n\t\t\t\t<p><span style=\"font-weight: 400;\">Livrarea comenzilor la domiciliu este temporar suspendat\u0103.<\/span><br \/>\n<span style=\"font-weight: 400;\">Pute\u021bi \u00een continuare s\u0103 plasa\u021bi comanda online \u0219i s\u0103 o ridica\u021bi din restaurant la ora convenit\u0103 cu operatorul.<br \/>\n<\/span><\/p>\n<p><span style=\"font-weight: 400;\">Plata poate fi efectuat\u0103 la primirea comenzii din restaurant \u00een numerar sau cu cardul bancar.<\/span><\/p>\n<h4>Plasarea comenzii prin telefon<\/h4>\n<p><span style=\"font-weight: 400;\">Pentru a plasa o comand\u0103 prin telefon, contacta\u021bi operatorul call centrului la nr. de telefon <a href=\"tel:+37322274713\">+373 (22) 27 47 13<\/a> sau <a href=\"tel:+37378800600\">+373 (78) 80 06 00<\/a>.<\/span><\/p>\n<h4>Primirea comenzii<\/h4>\n<p>Odat\u0103 cu comanda, primi\u021bi un cec sau un bon (\u00een cazul achit\u0103rii cu cardul bancar). Dac\u0103 ave\u021bi nevoie de documente suplimentare, l\u0103sa\u021bi un comentariu \u00een c\u00e2mpul \u201eNot\u0103 la comand\u0103\u201d la plasarea comenzii.\n<\/p>\n<p><span style=\"color: #c9ab81;\" data-darkreader-inline-color=\"\"><b>Aten\u021bie! <\/b>La primirea comenzii, v\u0103 rug\u0103m s\u0103 verifica\u021bi cantitatea \u0219i sortimentul.<\/span><\/p>\n\t\t\t\t\t<\/div>\n\t\t\t\t\t\t<\/div>\n\t\t\t\t<\/div>\n\t\t\t\t\t\t<\/div>\n\t\t\t\t\t<\/div>\n\t\t<\/div>\n\t\t\t\t\t\t\t\t<\/div>\n\t\t\t\t\t<\/div>\n\t\t<\/section>\n\t\t\t\t\t\t\t\t\t<\/div>\n\t\t\t<\/div>\n\t\t\t\t\t<\/div>\n\t\t","protected":false},"excerpt":{"rendered":"<p>Condi\u021bii de plat\u0103 \u0219i livrare Livrarea comenzilor la domiciliu este temporar suspendat\u0103. Pute\u021bi \u00een continuare s\u0103 plasa\u021bi comanda online \u0219i s\u0103 o ridica\u021bi din restaurant la ora convenit\u0103 cu operatorul. Plata poate fi efectuat\u0103 la primirea comenzii din restaurant \u00een numerar sau cu cardul bancar. Plasarea comenzii prin telefon Pentru a plasa o comand\u0103 prin telefon, contacta\u021bi operatorul call centrului [&hellip;]<\/p>\n","protected":false},"author":1,"featured_media":0,"parent":0,"menu_order":0,"comment_status":"closed","ping_status":"closed","template":"full-width.php","meta":{"inline_featured_image":false,"footnotes":""},"class_list":["post-8165","page","type-page","status-publish","hentry"],"yoast_head":"<!-- This site is optimized with the Yoast SEO plugin v19.6.1 - https:\/\/yoast.com\/wordpress\/plugins\/seo\/ -->\n<title>Condi\u021bii de achitare \u0219i livrare | Pegas Terrace &amp; Restaurant<\/title>\n<meta name=\"description\" content=\"Livrare - 1.5 or\u0103 \u00een Chi\u0219in\u0103u (60-80 lei). De la 10:00-21:00. Plata \u00een numerar \u0219i cu card bancar. +373 (22) 27 47 13.\" \/>\n<meta name=\"robots\" content=\"index, follow, max-snippet:-1, max-image-preview:large, max-video-preview:-1\" \/>\n<link rel=\"canonical\" href=\"https:\/\/pegasrestaurant.md\/ro\/achitare-si-livrare\/\" \/>\n<meta property=\"og:locale\" content=\"ro_RO\" \/>\n<meta property=\"og:type\" content=\"article\" \/>\n<meta property=\"og:title\" content=\"Condi\u021bii de achitare \u0219i livrare | Pegas Terrace &amp; Restaurant\" \/>\n<meta property=\"og:description\" content=\"Livrare - 1.5 or\u0103 \u00een Chi\u0219in\u0103u (60-80 lei). De la 10:00-21:00. Plata \u00een numerar \u0219i cu card bancar. +373 (22) 27 47 13.\" \/>\n<meta property=\"og:url\" content=\"https:\/\/pegasrestaurant.md\/ro\/achitare-si-livrare\/\" \/>\n<meta property=\"og:site_name\" content=\"Pegas Terrace &amp; Restaurant\" \/>\n<meta property=\"article:modified_time\" content=\"2022-03-28T08:36:35+00:00\" \/>\n<meta name=\"twitter:card\" content=\"summary_large_image\" \/>\n<meta name=\"twitter:label1\" content=\"Timp estimat pentru citire\" \/>\n\t<meta name=\"twitter:data1\" content=\"1 minut\" \/>\n<script type=\"application\/ld+json\" class=\"yoast-schema-graph\">{\"@context\":\"https:\/\/schema.org\",\"@graph\":[{\"@type\":\"WebPage\",\"@id\":\"https:\/\/pegasrestaurant.md\/ro\/achitare-si-livrare\/\",\"url\":\"https:\/\/pegasrestaurant.md\/ro\/achitare-si-livrare\/\",\"name\":\"Condi\u021bii de achitare \u0219i livrare | Pegas Terrace & Restaurant\",\"isPartOf\":{\"@id\":\"https:\/\/pegasrestaurant.md\/en\/#website\"},\"datePublished\":\"2021-04-27T09:45:07+00:00\",\"dateModified\":\"2022-03-28T08:36:35+00:00\",\"description\":\"Livrare - 1.5 or\u0103 \u00een Chi\u0219in\u0103u (60-80 lei). De la 10:00-21:00. Plata \u00een numerar \u0219i cu card bancar. +373 (22) 27 47 13.\",\"breadcrumb\":{\"@id\":\"https:\/\/pegasrestaurant.md\/ro\/achitare-si-livrare\/#breadcrumb\"},\"inLanguage\":\"ro-RO\",\"potentialAction\":[{\"@type\":\"ReadAction\",\"target\":[\"https:\/\/pegasrestaurant.md\/ro\/achitare-si-livrare\/\"]}]},{\"@type\":\"BreadcrumbList\",\"@id\":\"https:\/\/pegasrestaurant.md\/ro\/achitare-si-livrare\/#breadcrumb\",\"itemListElement\":[{\"@type\":\"ListItem\",\"position\":1,\"name\":\"\u0413\u043b\u0430\u0432\u043d\u0430\u044f \u0441\u0442\u0440\u0430\u043d\u0438\u0446\u0430\",\"item\":\"https:\/\/pegasrestaurant.md\/ro\/\"},{\"@type\":\"ListItem\",\"position\":2,\"name\":\"Achitare \u0219i livrare\"}]},{\"@type\":\"WebSite\",\"@id\":\"https:\/\/pegasrestaurant.md\/en\/#website\",\"url\":\"https:\/\/pegasrestaurant.md\/en\/\",\"name\":\"Pegas Terrace &amp; Restaurant\",\"description\":\"\",\"potentialAction\":[{\"@type\":\"SearchAction\",\"target\":{\"@type\":\"EntryPoint\",\"urlTemplate\":\"https:\/\/pegasrestaurant.md\/en\/?s={search_term_string}\"},\"query-input\":\"required name=search_term_string\"}],\"inLanguage\":\"ro-RO\"}]}<\/script>\n<!-- \/ Yoast SEO plugin. -->","yoast_head_json":{"title":"Condi\u021bii de achitare \u0219i livrare | Pegas Terrace & Restaurant","description":"Livrare - 1.5 or\u0103 \u00een Chi\u0219in\u0103u (60-80 lei). De la 10:00-21:00. Plata \u00een numerar \u0219i cu card bancar. +373 (22) 27 47 13.","robots":{"index":"index","follow":"follow","max-snippet":"max-snippet:-1","max-image-preview":"max-image-preview:large","max-video-preview":"max-video-preview:-1"},"canonical":"https:\/\/pegasrestaurant.md\/ro\/achitare-si-livrare\/","og_locale":"ro_RO","og_type":"article","og_title":"Condi\u021bii de achitare \u0219i livrare | Pegas Terrace & Restaurant","og_description":"Livrare - 1.5 or\u0103 \u00een Chi\u0219in\u0103u (60-80 lei). De la 10:00-21:00. Plata \u00een numerar \u0219i cu card bancar. +373 (22) 27 47 13.","og_url":"https:\/\/pegasrestaurant.md\/ro\/achitare-si-livrare\/","og_site_name":"Pegas Terrace &amp; Restaurant","article_modified_time":"2022-03-28T08:36:35+00:00","twitter_card":"summary_large_image","twitter_misc":{"Timp estimat pentru citire":"1 minut"},"schema":{"@context":"https:\/\/schema.org","@graph":[{"@type":"WebPage","@id":"https:\/\/pegasrestaurant.md\/ro\/achitare-si-livrare\/","url":"https:\/\/pegasrestaurant.md\/ro\/achitare-si-livrare\/","name":"Condi\u021bii de achitare \u0219i livrare | Pegas Terrace & Restaurant","isPartOf":{"@id":"https:\/\/pegasrestaurant.md\/en\/#website"},"datePublished":"2021-04-27T09:45:07+00:00","dateModified":"2022-03-28T08:36:35+00:00","description":"Livrare - 1.5 or\u0103 \u00een Chi\u0219in\u0103u (60-80 lei). De la 10:00-21:00. Plata \u00een numerar \u0219i cu card bancar. +373 (22) 27 47 13.","breadcrumb":{"@id":"https:\/\/pegasrestaurant.md\/ro\/achitare-si-livrare\/#breadcrumb"},"inLanguage":"ro-RO","potentialAction":[{"@type":"ReadAction","target":["https:\/\/pegasrestaurant.md\/ro\/achitare-si-livrare\/"]}]},{"@type":"BreadcrumbList","@id":"https:\/\/pegasrestaurant.md\/ro\/achitare-si-livrare\/#breadcrumb","itemListElement":[{"@type":"ListItem","position":1,"name":"\u0413\u043b\u0430\u0432\u043d\u0430\u044f \u0441\u0442\u0440\u0430\u043d\u0438\u0446\u0430","item":"https:\/\/pegasrestaurant.md\/ro\/"},{"@type":"ListItem","position":2,"name":"Achitare \u0219i livrare"}]},{"@type":"WebSite","@id":"https:\/\/pegasrestaurant.md\/en\/#website","url":"https:\/\/pegasrestaurant.md\/en\/","name":"Pegas Terrace &amp; Restaurant","description":"","potentialAction":[{"@type":"SearchAction","target":{"@type":"EntryPoint","urlTemplate":"https:\/\/pegasrestaurant.md\/en\/?s={search_term_string}"},"query-input":"required name=search_term_string"}],"inLanguage":"ro-RO"}]}},"_links":{"self":[{"href":"https:\/\/pegasrestaurant.md\/ro\/wp-json\/wp\/v2\/pages\/8165","targetHints":{"allow":["GET"]}}],"collection":[{"href":"https:\/\/pegasrestaurant.md\/ro\/wp-json\/wp\/v2\/pages"}],"about":[{"href":"https:\/\/pegasrestaurant.md\/ro\/wp-json\/wp\/v2\/types\/page"}],"author":[{"embeddable":true,"href":"https:\/\/pegasrestaurant.md\/ro\/wp-json\/wp\/v2\/users\/1"}],"replies":[{"embeddable":true,"href":"https:\/\/pegasrestaurant.md\/ro\/wp-json\/wp\/v2\/comments?post=8165"}],"version-history":[{"count":0,"href":"https:\/\/pegasrestaurant.md\/ro\/wp-json\/wp\/v2\/pages\/8165\/revisions"}],"wp:attachment":[{"href":"https:\/\/pegasrestaurant.md\/ro\/wp-json\/wp\/v2\/media?parent=8165"}],"curies":[{"name":"wp","href":"https:\/\/api.w.org\/{rel}","templated":true}]}}