{"id":18509,"date":"2026-03-02T16:32:13","date_gmt":"2026-03-02T13:32:13","guid":{"rendered":"https:\/\/pegasrestaurant.md\/cakes\/"},"modified":"2026-03-29T14:51:24","modified_gmt":"2026-03-29T11:51:24","slug":"cakes","status":"publish","type":"page","link":"https:\/\/pegasrestaurant.md\/ro\/cakes\/","title":{"rendered":"Torturi"},"content":{"rendered":"\t\t<div data-elementor-type=\"wp-page\" data-elementor-id=\"18509\" class=\"elementor elementor-18509 elementor-18399\">\n\t\t\t\t\t\t<div class=\"elementor-inner\">\n\t\t\t\t<div class=\"elementor-section-wrap\">\n\t\t\t\t\t\t\t\t\t<section class=\"elementor-section elementor-top-section elementor-element elementor-element-8120c3b elementor-section-stretched sp_torts_main_img elementor-section-boxed elementor-section-height-default elementor-section-height-default eltdf-parallax-row-no eltdf-content-aligment-left eltdf-elementor-row-grid-no eltdf-disabled-bg-image-bellow-no\" data-id=\"8120c3b\" data-element_type=\"section\" data-settings=\"{&quot;stretch_section&quot;:&quot;section-stretched&quot;}\">\n\t\t\t\t\t\t<div class=\"elementor-container elementor-column-gap-default\">\n\t\t\t\t\t\t\t<div class=\"elementor-row\">\n\t\t\t\t\t<div class=\"elementor-column elementor-col-100 elementor-top-column elementor-element elementor-element-6370a9a\" data-id=\"6370a9a\" data-element_type=\"column\">\n\t\t\t<div class=\"elementor-column-wrap elementor-element-populated\">\n\t\t\t\t\t\t\t<div class=\"elementor-widget-wrap\">\n\t\t\t\t\t\t<div class=\"elementor-element elementor-element-be7cd01 elementor-widget elementor-widget-image\" data-id=\"be7cd01\" data-element_type=\"widget\" data-widget_type=\"image.default\">\n\t\t\t\t<div class=\"elementor-widget-container\">\n\t\t\t\t\t\t\t\t<div class=\"elementor-image\">\n\t\t\t\t\t\t\t\t\t\t\t\t<img loading=\"lazy\" decoding=\"async\" width=\"935\" height=\"1024\" src=\"https:\/\/pegasrestaurant.md\/wp-content\/uploads\/2026\/03\/fotor-20260326192121-scaled-1-935x1024.avif\" class=\"attachment-large size-large\" alt=\"\" srcset=\"https:\/\/pegasrestaurant.md\/wp-content\/uploads\/2026\/03\/fotor-20260326192121-scaled-1-935x1024.avif 935w, https:\/\/pegasrestaurant.md\/wp-content\/uploads\/2026\/03\/fotor-20260326192121-scaled-1-274x300.avif 274w, https:\/\/pegasrestaurant.md\/wp-content\/uploads\/2026\/03\/fotor-20260326192121-scaled-1-768x841.avif 768w, https:\/\/pegasrestaurant.md\/wp-content\/uploads\/2026\/03\/fotor-20260326192121-scaled-1-1402x1536.avif 1402w, https:\/\/pegasrestaurant.md\/wp-content\/uploads\/2026\/03\/fotor-20260326192121-scaled-1-1870x2048.avif 1870w, https:\/\/pegasrestaurant.md\/wp-content\/uploads\/2026\/03\/fotor-20260326192121-scaled-1-1000x1095.avif 1000w\" sizes=\"auto, (max-width: 935px) 100vw, 935px\" \/>\t\t\t\t\t\t\t\t\t\t\t\t\t\t<\/div>\n\t\t\t\t\t\t<\/div>\n\t\t\t\t<\/div>\n\t\t\t\t\t\t<\/div>\n\t\t\t\t\t<\/div>\n\t\t<\/div>\n\t\t\t\t\t\t\t\t<\/div>\n\t\t\t\t\t<\/div>\n\t\t<\/section>\n\t\t\t\t<section class=\"elementor-section elementor-top-section elementor-element elementor-element-adfed4d elementor-section-stretched elementor-section-boxed elementor-section-height-default elementor-section-height-default eltdf-parallax-row-no eltdf-content-aligment-left eltdf-elementor-row-grid-no eltdf-disabled-bg-image-bellow-no\" data-id=\"adfed4d\" data-element_type=\"section\" data-settings=\"{&quot;stretch_section&quot;:&quot;section-stretched&quot;}\">\n\t\t\t\t\t\t<div class=\"elementor-container elementor-column-gap-default\">\n\t\t\t\t\t\t\t<div class=\"elementor-row\">\n\t\t\t\t\t<div class=\"elementor-column elementor-col-100 elementor-top-column elementor-element elementor-element-43a28e3\" data-id=\"43a28e3\" data-element_type=\"column\">\n\t\t\t<div class=\"elementor-column-wrap elementor-element-populated\">\n\t\t\t\t\t\t\t<div class=\"elementor-widget-wrap\">\n\t\t\t\t\t\t<div class=\"elementor-element elementor-element-1f1b7a1 elementor-widget elementor-widget-text-editor\" data-id=\"1f1b7a1\" data-element_type=\"widget\" data-widget_type=\"text-editor.default\">\n\t\t\t\t<div class=\"elementor-widget-container\">\n\t\t\t\t\t\t\t\t<div class=\"elementor-text-editor elementor-clearfix\">\n\t\t\t\tInspira\u021bie \u00een fiecare firimitur\u0103 <br><br>\nNu doar coacem, ci cre\u0103m o atmosfer\u0103 minunat\u0103. Brut\u0103ria noastr\u0103 este un loc unde untul natural, ciocolata belgian\u0103 \u0219i fructele de p\u0103dure proaspete sunt transformate \u00een capodopere culinare. Oferim doar produse lucrate manual, o abordare personalizat\u0103 a fiec\u0103rei comenzi \u0219i o pasiune pentru me\u0219te\u0219ugul nostru.<br><br>\n\nCofet\u0103ria este ca muzica. Chiar \u0219i aceea\u0219i re\u021bet\u0103 va suna diferit \u00een m\u00e2inile diferi\u021bilor cofetari. De aceea, atunci c\u00e2nd alege\u021bi un tort de la noi, primi\u021bi \u00eentotdeauna o crea\u021bie exclusiv\u0103, specific\u0103 proprietarului.<br><br>\n\nPentru a plasa o comand\u0103, v\u0103 rug\u0103m s\u0103 ne contacta\u021bi la nr. <a href=\"tel:+37378800600\">078800600<\/a>\t\t\t\t\t<\/div>\n\t\t\t\t\t\t<\/div>\n\t\t\t\t<\/div>\n\t\t\t\t\t\t<\/div>\n\t\t\t\t\t<\/div>\n\t\t<\/div>\n\t\t\t\t\t\t\t\t<\/div>\n\t\t\t\t\t<\/div>\n\t\t<\/section>\n\t\t\t\t<section class=\"elementor-section elementor-top-section elementor-element elementor-element-e27d47e sp_torts elementor-section-boxed elementor-section-height-default elementor-section-height-default eltdf-parallax-row-no eltdf-content-aligment-left eltdf-elementor-row-grid-no eltdf-disabled-bg-image-bellow-no\" data-id=\"e27d47e\" data-element_type=\"section\">\n\t\t\t\t\t\t<div class=\"elementor-container elementor-column-gap-default\">\n\t\t\t\t\t\t\t<div class=\"elementor-row\">\n\t\t\t\t\t<div class=\"elementor-column elementor-col-25 elementor-top-column elementor-element elementor-element-a0c6a5b\" data-id=\"a0c6a5b\" data-element_type=\"column\">\n\t\t\t<div class=\"elementor-column-wrap elementor-element-populated\">\n\t\t\t\t\t\t\t<div class=\"elementor-widget-wrap\">\n\t\t\t\t\t\t<div class=\"elementor-element elementor-element-529d396 elementor-position-top elementor-vertical-align-top elementor-widget elementor-widget-image-box\" data-id=\"529d396\" data-element_type=\"widget\" data-widget_type=\"image-box.default\">\n\t\t\t\t<div class=\"elementor-widget-container\">\n\t\t\t<div class=\"elementor-image-box-wrapper\"><figure class=\"elementor-image-box-img\"><a href=\"\/ro\/cakes\/child-cakes\"><img loading=\"lazy\" decoding=\"async\" width=\"1600\" height=\"2133\" src=\"https:\/\/pegasrestaurant.md\/wp-content\/uploads\/2026\/03\/img_7676.webp\" class=\"attachment-full size-full\" alt=\"\" \/><\/a><\/figure><div class=\"elementor-image-box-content\"><h3 class=\"elementor-image-box-title\"><a href=\"\/ro\/cakes\/child-cakes\">Copii<\/a><\/h3><p class=\"elementor-image-box-description\">\u041f\u0440\u043e\u0441\u043d\u0443\u0432\u0448\u0438\u0441\u044c \u043e\u0434\u043d\u0430\u0436\u0434\u044b \u0443\u0442\u0440\u043e\u043c \u043f\u043e\u0441\u043b\u0435 \u0431\u0435\u0441\u043f\u043e\u043a\u043e\u0439\u043d\u043e\u0433\u043e \u0441\u043d\u0430, \u0413\u0440\u0435\u0433\u043e\u0440 \u0417\u0430\u043c\u0437\u0430 \u043e\u0431\u043d\u0430\u0440\u0443\u0436\u0438\u043b, \u0447\u0442\u043e \u043e\u043d \u0443 \u0441\u0435\u0431\u044f \u0432 \u043f\u043e\u0441\u0442\u0435\u043b\u0438 \u043f\u0440\u0435\u0432\u0440\u0430\u0442\u0438\u043b\u0441\u044f \u0432 \u0441\u0442\u0440\u0430\u0448\u043d\u043e\u0435 \u043d\u0430\u0441\u0435\u043a\u043e\u043c\u043e\u0435.<\/p><\/div><\/div>\t\t<\/div>\n\t\t\t\t<\/div>\n\t\t\t\t\t\t<\/div>\n\t\t\t\t\t<\/div>\n\t\t<\/div>\n\t\t\t\t<div class=\"elementor-column elementor-col-25 elementor-top-column elementor-element elementor-element-b82d65d\" data-id=\"b82d65d\" data-element_type=\"column\">\n\t\t\t<div class=\"elementor-column-wrap elementor-element-populated\">\n\t\t\t\t\t\t\t<div class=\"elementor-widget-wrap\">\n\t\t\t\t\t\t<div class=\"elementor-element elementor-element-f29f881 elementor-position-top elementor-vertical-align-top elementor-widget elementor-widget-image-box\" data-id=\"f29f881\" data-element_type=\"widget\" data-widget_type=\"image-box.default\">\n\t\t\t\t<div class=\"elementor-widget-container\">\n\t\t\t<div class=\"elementor-image-box-wrapper\"><figure class=\"elementor-image-box-img\"><a href=\"\/ro\/cakes\/anniversary-cakes\"><img loading=\"lazy\" decoding=\"async\" width=\"1600\" height=\"2133\" src=\"https:\/\/pegasrestaurant.md\/wp-content\/uploads\/2026\/03\/img_4031.webp\" class=\"attachment-full size-full\" alt=\"\" \/><\/a><\/figure><div class=\"elementor-image-box-content\"><h3 class=\"elementor-image-box-title\"><a href=\"\/ro\/cakes\/anniversary-cakes\">Aniversare<\/a><\/h3><p class=\"elementor-image-box-description\">\u041f\u0440\u043e\u0441\u043d\u0443\u0432\u0448\u0438\u0441\u044c \u043e\u0434\u043d\u0430\u0436\u0434\u044b \u0443\u0442\u0440\u043e\u043c \u043f\u043e\u0441\u043b\u0435 \u0431\u0435\u0441\u043f\u043e\u043a\u043e\u0439\u043d\u043e\u0433\u043e \u0441\u043d\u0430, \u0413\u0440\u0435\u0433\u043e\u0440 \u0417\u0430\u043c\u0437\u0430 \u043e\u0431\u043d\u0430\u0440\u0443\u0436\u0438\u043b, \u0447\u0442\u043e \u043e\u043d \u0443 \u0441\u0435\u0431\u044f \u0432 \u043f\u043e\u0441\u0442\u0435\u043b\u0438 \u043f\u0440\u0435\u0432\u0440\u0430\u0442\u0438\u043b\u0441\u044f \u0432 \u0441\u0442\u0440\u0430\u0448\u043d\u043e\u0435 \u043d\u0430\u0441\u0435\u043a\u043e\u043c\u043e\u0435.<\/p><\/div><\/div>\t\t<\/div>\n\t\t\t\t<\/div>\n\t\t\t\t\t\t<\/div>\n\t\t\t\t\t<\/div>\n\t\t<\/div>\n\t\t\t\t<div class=\"elementor-column elementor-col-25 elementor-top-column elementor-element elementor-element-ad0d931\" data-id=\"ad0d931\" data-element_type=\"column\">\n\t\t\t<div class=\"elementor-column-wrap elementor-element-populated\">\n\t\t\t\t\t\t\t<div class=\"elementor-widget-wrap\">\n\t\t\t\t\t\t<div class=\"elementor-element elementor-element-958b527 elementor-position-top elementor-vertical-align-top elementor-widget elementor-widget-image-box\" data-id=\"958b527\" data-element_type=\"widget\" data-widget_type=\"image-box.default\">\n\t\t\t\t<div class=\"elementor-widget-container\">\n\t\t\t<div class=\"elementor-image-box-wrapper\"><figure class=\"elementor-image-box-img\"><a href=\"\/ro\/cakes\/wedding-cakes\"><img loading=\"lazy\" decoding=\"async\" width=\"1600\" height=\"2133\" src=\"https:\/\/pegasrestaurant.md\/wp-content\/uploads\/2026\/03\/img_7141.webp\" class=\"attachment-full size-full\" alt=\"\" \/><\/a><\/figure><div class=\"elementor-image-box-content\"><h3 class=\"elementor-image-box-title\"><a href=\"\/ro\/cakes\/wedding-cakes\">Nunta<\/a><\/h3><p class=\"elementor-image-box-description\">\u041f\u0440\u043e\u0441\u043d\u0443\u0432\u0448\u0438\u0441\u044c \u043e\u0434\u043d\u0430\u0436\u0434\u044b \u0443\u0442\u0440\u043e\u043c \u043f\u043e\u0441\u043b\u0435 \u0431\u0435\u0441\u043f\u043e\u043a\u043e\u0439\u043d\u043e\u0433\u043e \u0441\u043d\u0430, \u0413\u0440\u0435\u0433\u043e\u0440 \u0417\u0430\u043c\u0437\u0430 \u043e\u0431\u043d\u0430\u0440\u0443\u0436\u0438\u043b, \u0447\u0442\u043e \u043e\u043d \u0443 \u0441\u0435\u0431\u044f \u0432 \u043f\u043e\u0441\u0442\u0435\u043b\u0438 \u043f\u0440\u0435\u0432\u0440\u0430\u0442\u0438\u043b\u0441\u044f \u0432 \u0441\u0442\u0440\u0430\u0448\u043d\u043e\u0435 \u043d\u0430\u0441\u0435\u043a\u043e\u043c\u043e\u0435.<\/p><\/div><\/div>\t\t<\/div>\n\t\t\t\t<\/div>\n\t\t\t\t\t\t<\/div>\n\t\t\t\t\t<\/div>\n\t\t<\/div>\n\t\t\t\t<div class=\"elementor-column elementor-col-25 elementor-top-column elementor-element elementor-element-6d9cd85\" data-id=\"6d9cd85\" data-element_type=\"column\">\n\t\t\t<div class=\"elementor-column-wrap elementor-element-populated\">\n\t\t\t\t\t\t\t<div class=\"elementor-widget-wrap\">\n\t\t\t\t\t\t<div class=\"elementor-element elementor-element-f34fe72 elementor-position-top elementor-vertical-align-top elementor-widget elementor-widget-image-box\" data-id=\"f34fe72\" data-element_type=\"widget\" data-widget_type=\"image-box.default\">\n\t\t\t\t<div class=\"elementor-widget-container\">\n\t\t\t<div class=\"elementor-image-box-wrapper\"><figure class=\"elementor-image-box-img\"><a href=\"\/ro\/cakes\/exclusive-cakes\"><img loading=\"lazy\" decoding=\"async\" width=\"1600\" height=\"2133\" src=\"https:\/\/pegasrestaurant.md\/wp-content\/uploads\/2026\/03\/img_1424.webp\" class=\"attachment-full size-full\" alt=\"\" \/><\/a><\/figure><div class=\"elementor-image-box-content\"><h3 class=\"elementor-image-box-title\"><a href=\"\/ro\/cakes\/exclusive-cakes\">Exclusive<\/a><\/h3><p class=\"elementor-image-box-description\">\u041f\u0440\u043e\u0441\u043d\u0443\u0432\u0448\u0438\u0441\u044c \u043e\u0434\u043d\u0430\u0436\u0434\u044b \u0443\u0442\u0440\u043e\u043c \u043f\u043e\u0441\u043b\u0435 \u0431\u0435\u0441\u043f\u043e\u043a\u043e\u0439\u043d\u043e\u0433\u043e \u0441\u043d\u0430, \u0413\u0440\u0435\u0433\u043e\u0440 \u0417\u0430\u043c\u0437\u0430 \u043e\u0431\u043d\u0430\u0440\u0443\u0436\u0438\u043b, \u0447\u0442\u043e \u043e\u043d \u0443 \u0441\u0435\u0431\u044f \u0432 \u043f\u043e\u0441\u0442\u0435\u043b\u0438 \u043f\u0440\u0435\u0432\u0440\u0430\u0442\u0438\u043b\u0441\u044f \u0432 \u0441\u0442\u0440\u0430\u0448\u043d\u043e\u0435 \u043d\u0430\u0441\u0435\u043a\u043e\u043c\u043e\u0435.<\/p><\/div><\/div>\t\t<\/div>\n\t\t\t\t<\/div>\n\t\t\t\t\t\t<\/div>\n\t\t\t\t\t<\/div>\n\t\t<\/div>\n\t\t\t\t\t\t\t\t<\/div>\n\t\t\t\t\t<\/div>\n\t\t<\/section>\n\t\t\t\t\t\t\t\t\t<\/div>\n\t\t\t<\/div>\n\t\t\t\t\t<\/div>\n\t\t","protected":false},"excerpt":{"rendered":"<p>Inspira\u021bie \u00een fiecare firimitur\u0103 Nu doar coacem, ci cre\u0103m o atmosfer\u0103 minunat\u0103. Brut\u0103ria noastr\u0103 este un loc unde untul natural, ciocolata belgian\u0103 \u0219i fructele de p\u0103dure proaspete sunt transformate \u00een capodopere culinare. Oferim doar produse lucrate manual, o abordare personalizat\u0103 a fiec\u0103rei comenzi \u0219i o pasiune pentru me\u0219te\u0219ugul nostru. Cofet\u0103ria este ca muzica. Chiar \u0219i aceea\u0219i re\u021bet\u0103 va suna diferit [&hellip;]<\/p>\n","protected":false},"author":1,"featured_media":0,"parent":0,"menu_order":0,"comment_status":"closed","ping_status":"closed","template":"","meta":{"inline_featured_image":false,"footnotes":""},"class_list":["post-18509","page","type-page","status-publish","hentry"],"yoast_head":"<!-- This site is optimized with the Yoast SEO plugin v19.6.1 - https:\/\/yoast.com\/wordpress\/plugins\/seo\/ -->\n<title>Torturi - Pegas Terrace &amp; Restaurant<\/title>\n<meta name=\"robots\" content=\"index, follow, max-snippet:-1, max-image-preview:large, max-video-preview:-1\" \/>\n<link rel=\"canonical\" href=\"https:\/\/pegasrestaurant.md\/ro\/cakes\/\" \/>\n<meta property=\"og:locale\" content=\"ro_RO\" \/>\n<meta property=\"og:type\" content=\"article\" \/>\n<meta property=\"og:title\" content=\"Torturi - Pegas Terrace &amp; Restaurant\" \/>\n<meta property=\"og:description\" content=\"Inspira\u021bie \u00een fiecare firimitur\u0103 Nu doar coacem, ci cre\u0103m o atmosfer\u0103 minunat\u0103. Brut\u0103ria noastr\u0103 este un loc unde untul natural, ciocolata belgian\u0103 \u0219i fructele de p\u0103dure proaspete sunt transformate \u00een capodopere culinare. Oferim doar produse lucrate manual, o abordare personalizat\u0103 a fiec\u0103rei comenzi \u0219i o pasiune pentru me\u0219te\u0219ugul nostru. Cofet\u0103ria este ca muzica. Chiar \u0219i aceea\u0219i re\u021bet\u0103 va suna diferit [&hellip;]\" \/>\n<meta property=\"og:url\" content=\"https:\/\/pegasrestaurant.md\/ro\/cakes\/\" \/>\n<meta property=\"og:site_name\" content=\"Pegas Terrace &amp; Restaurant\" \/>\n<meta property=\"article:modified_time\" content=\"2026-03-29T11:51:24+00:00\" \/>\n<meta property=\"og:image\" content=\"https:\/\/pegasrestaurant.md\/wp-content\/uploads\/2026\/03\/fotor-20260326192121-scaled-1-935x1024.avif\" \/>\n<meta name=\"twitter:card\" content=\"summary_large_image\" \/>\n<meta name=\"twitter:label1\" content=\"Timp estimat pentru citire\" \/>\n\t<meta name=\"twitter:data1\" content=\"2 minute\" \/>\n<script type=\"application\/ld+json\" class=\"yoast-schema-graph\">{\"@context\":\"https:\/\/schema.org\",\"@graph\":[{\"@type\":\"WebPage\",\"@id\":\"https:\/\/pegasrestaurant.md\/ro\/cakes\/\",\"url\":\"https:\/\/pegasrestaurant.md\/ro\/cakes\/\",\"name\":\"Torturi - Pegas Terrace &amp; Restaurant\",\"isPartOf\":{\"@id\":\"https:\/\/pegasrestaurant.md\/en\/#website\"},\"datePublished\":\"2026-03-02T13:32:13+00:00\",\"dateModified\":\"2026-03-29T11:51:24+00:00\",\"breadcrumb\":{\"@id\":\"https:\/\/pegasrestaurant.md\/ro\/cakes\/#breadcrumb\"},\"inLanguage\":\"ro-RO\",\"potentialAction\":[{\"@type\":\"ReadAction\",\"target\":[\"https:\/\/pegasrestaurant.md\/ro\/cakes\/\"]}]},{\"@type\":\"BreadcrumbList\",\"@id\":\"https:\/\/pegasrestaurant.md\/ro\/cakes\/#breadcrumb\",\"itemListElement\":[{\"@type\":\"ListItem\",\"position\":1,\"name\":\"\u0413\u043b\u0430\u0432\u043d\u0430\u044f \u0441\u0442\u0440\u0430\u043d\u0438\u0446\u0430\",\"item\":\"https:\/\/pegasrestaurant.md\/ro\/\"},{\"@type\":\"ListItem\",\"position\":2,\"name\":\"Torturi\"}]},{\"@type\":\"WebSite\",\"@id\":\"https:\/\/pegasrestaurant.md\/en\/#website\",\"url\":\"https:\/\/pegasrestaurant.md\/en\/\",\"name\":\"Pegas Terrace &amp; Restaurant\",\"description\":\"\",\"potentialAction\":[{\"@type\":\"SearchAction\",\"target\":{\"@type\":\"EntryPoint\",\"urlTemplate\":\"https:\/\/pegasrestaurant.md\/en\/?s={search_term_string}\"},\"query-input\":\"required name=search_term_string\"}],\"inLanguage\":\"ro-RO\"}]}<\/script>\n<!-- \/ Yoast SEO plugin. -->","yoast_head_json":{"title":"Torturi - Pegas Terrace &amp; Restaurant","robots":{"index":"index","follow":"follow","max-snippet":"max-snippet:-1","max-image-preview":"max-image-preview:large","max-video-preview":"max-video-preview:-1"},"canonical":"https:\/\/pegasrestaurant.md\/ro\/cakes\/","og_locale":"ro_RO","og_type":"article","og_title":"Torturi - Pegas Terrace &amp; Restaurant","og_description":"Inspira\u021bie \u00een fiecare firimitur\u0103 Nu doar coacem, ci cre\u0103m o atmosfer\u0103 minunat\u0103. Brut\u0103ria noastr\u0103 este un loc unde untul natural, ciocolata belgian\u0103 \u0219i fructele de p\u0103dure proaspete sunt transformate \u00een capodopere culinare. Oferim doar produse lucrate manual, o abordare personalizat\u0103 a fiec\u0103rei comenzi \u0219i o pasiune pentru me\u0219te\u0219ugul nostru. Cofet\u0103ria este ca muzica. Chiar \u0219i aceea\u0219i re\u021bet\u0103 va suna diferit [&hellip;]","og_url":"https:\/\/pegasrestaurant.md\/ro\/cakes\/","og_site_name":"Pegas Terrace &amp; Restaurant","article_modified_time":"2026-03-29T11:51:24+00:00","og_image":[{"url":"https:\/\/pegasrestaurant.md\/wp-content\/uploads\/2026\/03\/fotor-20260326192121-scaled-1-935x1024.avif"}],"twitter_card":"summary_large_image","twitter_misc":{"Timp estimat pentru citire":"2 minute"},"schema":{"@context":"https:\/\/schema.org","@graph":[{"@type":"WebPage","@id":"https:\/\/pegasrestaurant.md\/ro\/cakes\/","url":"https:\/\/pegasrestaurant.md\/ro\/cakes\/","name":"Torturi - Pegas Terrace &amp; Restaurant","isPartOf":{"@id":"https:\/\/pegasrestaurant.md\/en\/#website"},"datePublished":"2026-03-02T13:32:13+00:00","dateModified":"2026-03-29T11:51:24+00:00","breadcrumb":{"@id":"https:\/\/pegasrestaurant.md\/ro\/cakes\/#breadcrumb"},"inLanguage":"ro-RO","potentialAction":[{"@type":"ReadAction","target":["https:\/\/pegasrestaurant.md\/ro\/cakes\/"]}]},{"@type":"BreadcrumbList","@id":"https:\/\/pegasrestaurant.md\/ro\/cakes\/#breadcrumb","itemListElement":[{"@type":"ListItem","position":1,"name":"\u0413\u043b\u0430\u0432\u043d\u0430\u044f \u0441\u0442\u0440\u0430\u043d\u0438\u0446\u0430","item":"https:\/\/pegasrestaurant.md\/ro\/"},{"@type":"ListItem","position":2,"name":"Torturi"}]},{"@type":"WebSite","@id":"https:\/\/pegasrestaurant.md\/en\/#website","url":"https:\/\/pegasrestaurant.md\/en\/","name":"Pegas Terrace &amp; Restaurant","description":"","potentialAction":[{"@type":"SearchAction","target":{"@type":"EntryPoint","urlTemplate":"https:\/\/pegasrestaurant.md\/en\/?s={search_term_string}"},"query-input":"required name=search_term_string"}],"inLanguage":"ro-RO"}]}},"_links":{"self":[{"href":"https:\/\/pegasrestaurant.md\/ro\/wp-json\/wp\/v2\/pages\/18509","targetHints":{"allow":["GET"]}}],"collection":[{"href":"https:\/\/pegasrestaurant.md\/ro\/wp-json\/wp\/v2\/pages"}],"about":[{"href":"https:\/\/pegasrestaurant.md\/ro\/wp-json\/wp\/v2\/types\/page"}],"author":[{"embeddable":true,"href":"https:\/\/pegasrestaurant.md\/ro\/wp-json\/wp\/v2\/users\/1"}],"replies":[{"embeddable":true,"href":"https:\/\/pegasrestaurant.md\/ro\/wp-json\/wp\/v2\/comments?post=18509"}],"version-history":[{"count":33,"href":"https:\/\/pegasrestaurant.md\/ro\/wp-json\/wp\/v2\/pages\/18509\/revisions"}],"predecessor-version":[{"id":20363,"href":"https:\/\/pegasrestaurant.md\/ro\/wp-json\/wp\/v2\/pages\/18509\/revisions\/20363"}],"wp:attachment":[{"href":"https:\/\/pegasrestaurant.md\/ro\/wp-json\/wp\/v2\/media?parent=18509"}],"curies":[{"name":"wp","href":"https:\/\/api.w.org\/{rel}","templated":true}]}}