{"id":16674,"date":"2023-11-30T16:39:38","date_gmt":"2023-11-30T13:39:38","guid":{"rendered":"https:\/\/pegasrestaurant.md\/product\/salmone-al-forno-con-salsa-berblan\/"},"modified":"2023-12-01T12:00:04","modified_gmt":"2023-12-01T09:00:04","slug":"salmone-al-forno-con-salsa-berblan","status":"publish","type":"product","link":"https:\/\/pegasrestaurant.md\/it\/prodotto\/salmone-al-forno-con-salsa-berblan\/","title":{"rendered":"Salmone al forno con salsa berblan"},"content":{"rendered":"<p>Il Salmone al forno con salsa berblanc \u00e8 un filetto di salmone perfettamente cotto al forno con una crosta dorata e croccante e una carne rosa e succosa all&#8217;interno. Il salmone \u00e8 servito con ptiptim, una guarnizione di grano fine che aggiunge consistenza e nutrimento. Ma la vera chicca del piatto \u00e8 la salsa al berblanc: ricca, cremosa e con una leggera acidit\u00e0. Una scelta perfetta!<\/p>\n","protected":false},"excerpt":{"rendered":"<p><span style=\"color: #c9ab81;\"><strong>Porzione:<\/strong><\/span> 1\/320 g<\/p>\n<p>&nbsp;<\/p>\n<p><span style=\"color: #c9ab81;\"><strong>Ingredienti: <\/strong><\/span>Filetto di salmone, piptim, salsa berblan<\/p>\n","protected":false},"featured_media":8326,"template":"","meta":{"inline_featured_image":false},"product_cat":[103],"product_tag":[],"class_list":["post-16674","product","type-product","status-publish","has-post-thumbnail","hentry","product_cat-pesce"],"yoast_head":"<!-- This site is optimized with the Yoast SEO plugin v19.6.1 - https:\/\/yoast.com\/wordpress\/plugins\/seo\/ -->\n<title>Salmone al forno con salsa berblanc | Pegas Terrace &amp; Restaurant<\/title>\n<meta name=\"description\" content=\"Tenero salmone con salsa e ptiptim alla Terrazza Pegas. Una scelta da veri intenditori di piatti gourmet!\" \/>\n<meta name=\"robots\" content=\"index, follow, max-snippet:-1, max-image-preview:large, max-video-preview:-1\" \/>\n<link rel=\"canonical\" href=\"https:\/\/pegasrestaurant.md\/it\/prodotto\/salmone-al-forno-con-salsa-berblan\/\" \/>\n<meta property=\"og:locale\" content=\"it_IT\" \/>\n<meta property=\"og:type\" content=\"article\" \/>\n<meta property=\"og:title\" content=\"Salmone al forno con salsa berblanc | Pegas Terrace &amp; Restaurant\" \/>\n<meta property=\"og:description\" content=\"Tenero salmone con salsa e ptiptim alla Terrazza Pegas. Una scelta da veri intenditori di piatti gourmet!\" \/>\n<meta property=\"og:url\" content=\"https:\/\/pegasrestaurant.md\/it\/prodotto\/salmone-al-forno-con-salsa-berblan\/\" \/>\n<meta property=\"og:site_name\" content=\"Pegas Terrace &amp; Restaurant\" \/>\n<meta property=\"article:modified_time\" content=\"2023-12-01T09:00:04+00:00\" \/>\n<meta property=\"og:image\" content=\"https:\/\/pegasrestaurant.md\/wp-content\/uploads\/2021\/04\/no-product.jpg\" \/>\n\t<meta property=\"og:image:width\" content=\"1000\" \/>\n\t<meta property=\"og:image:height\" content=\"1000\" \/>\n\t<meta property=\"og:image:type\" content=\"image\/jpeg\" \/>\n<meta name=\"twitter:card\" content=\"summary_large_image\" \/>\n<script type=\"application\/ld+json\" class=\"yoast-schema-graph\">{\"@context\":\"https:\/\/schema.org\",\"@graph\":[{\"@type\":\"WebPage\",\"@id\":\"https:\/\/pegasrestaurant.md\/it\/prodotto\/salmone-al-forno-con-salsa-berblan\/\",\"url\":\"https:\/\/pegasrestaurant.md\/it\/prodotto\/salmone-al-forno-con-salsa-berblan\/\",\"name\":\"Salmone al forno con salsa berblanc | Pegas Terrace & Restaurant\",\"isPartOf\":{\"@id\":\"https:\/\/pegasrestaurant.md\/en\/#website\"},\"datePublished\":\"2023-11-30T13:39:38+00:00\",\"dateModified\":\"2023-12-01T09:00:04+00:00\",\"description\":\"Tenero salmone con salsa e ptiptim alla Terrazza Pegas. Una scelta da veri intenditori di piatti gourmet!\",\"breadcrumb\":{\"@id\":\"https:\/\/pegasrestaurant.md\/it\/prodotto\/salmone-al-forno-con-salsa-berblan\/#breadcrumb\"},\"inLanguage\":\"it-IT\",\"potentialAction\":[{\"@type\":\"ReadAction\",\"target\":[\"https:\/\/pegasrestaurant.md\/it\/prodotto\/salmone-al-forno-con-salsa-berblan\/\"]}]},{\"@type\":\"BreadcrumbList\",\"@id\":\"https:\/\/pegasrestaurant.md\/it\/prodotto\/salmone-al-forno-con-salsa-berblan\/#breadcrumb\",\"itemListElement\":[{\"@type\":\"ListItem\",\"position\":1,\"name\":\"\u0413\u043b\u0430\u0432\u043d\u0430\u044f \u0441\u0442\u0440\u0430\u043d\u0438\u0446\u0430\",\"item\":\"https:\/\/pegasrestaurant.md\/it\/\"},{\"@type\":\"ListItem\",\"position\":2,\"name\":\"Acquista online\",\"item\":\"https:\/\/pegasrestaurant.md\/it\/acquista-online\/\"},{\"@type\":\"ListItem\",\"position\":3,\"name\":\"Salmone al forno con salsa berblan\"}]},{\"@type\":\"WebSite\",\"@id\":\"https:\/\/pegasrestaurant.md\/en\/#website\",\"url\":\"https:\/\/pegasrestaurant.md\/en\/\",\"name\":\"Pegas Terrace &amp; Restaurant\",\"description\":\"\",\"potentialAction\":[{\"@type\":\"SearchAction\",\"target\":{\"@type\":\"EntryPoint\",\"urlTemplate\":\"https:\/\/pegasrestaurant.md\/en\/?s={search_term_string}\"},\"query-input\":\"required name=search_term_string\"}],\"inLanguage\":\"it-IT\"}]}<\/script>\n<!-- \/ Yoast SEO plugin. -->","yoast_head_json":{"title":"Salmone al forno con salsa berblanc | Pegas Terrace & Restaurant","description":"Tenero salmone con salsa e ptiptim alla Terrazza Pegas. Una scelta da veri intenditori di piatti gourmet!","robots":{"index":"index","follow":"follow","max-snippet":"max-snippet:-1","max-image-preview":"max-image-preview:large","max-video-preview":"max-video-preview:-1"},"canonical":"https:\/\/pegasrestaurant.md\/it\/prodotto\/salmone-al-forno-con-salsa-berblan\/","og_locale":"it_IT","og_type":"article","og_title":"Salmone al forno con salsa berblanc | Pegas Terrace & Restaurant","og_description":"Tenero salmone con salsa e ptiptim alla Terrazza Pegas. Una scelta da veri intenditori di piatti gourmet!","og_url":"https:\/\/pegasrestaurant.md\/it\/prodotto\/salmone-al-forno-con-salsa-berblan\/","og_site_name":"Pegas Terrace &amp; Restaurant","article_modified_time":"2023-12-01T09:00:04+00:00","og_image":[{"width":1000,"height":1000,"url":"https:\/\/pegasrestaurant.md\/wp-content\/uploads\/2021\/04\/no-product.jpg","type":"image\/jpeg"}],"twitter_card":"summary_large_image","schema":{"@context":"https:\/\/schema.org","@graph":[{"@type":"WebPage","@id":"https:\/\/pegasrestaurant.md\/it\/prodotto\/salmone-al-forno-con-salsa-berblan\/","url":"https:\/\/pegasrestaurant.md\/it\/prodotto\/salmone-al-forno-con-salsa-berblan\/","name":"Salmone al forno con salsa berblanc | Pegas Terrace & Restaurant","isPartOf":{"@id":"https:\/\/pegasrestaurant.md\/en\/#website"},"datePublished":"2023-11-30T13:39:38+00:00","dateModified":"2023-12-01T09:00:04+00:00","description":"Tenero salmone con salsa e ptiptim alla Terrazza Pegas. Una scelta da veri intenditori di piatti gourmet!","breadcrumb":{"@id":"https:\/\/pegasrestaurant.md\/it\/prodotto\/salmone-al-forno-con-salsa-berblan\/#breadcrumb"},"inLanguage":"it-IT","potentialAction":[{"@type":"ReadAction","target":["https:\/\/pegasrestaurant.md\/it\/prodotto\/salmone-al-forno-con-salsa-berblan\/"]}]},{"@type":"BreadcrumbList","@id":"https:\/\/pegasrestaurant.md\/it\/prodotto\/salmone-al-forno-con-salsa-berblan\/#breadcrumb","itemListElement":[{"@type":"ListItem","position":1,"name":"\u0413\u043b\u0430\u0432\u043d\u0430\u044f \u0441\u0442\u0440\u0430\u043d\u0438\u0446\u0430","item":"https:\/\/pegasrestaurant.md\/it\/"},{"@type":"ListItem","position":2,"name":"Acquista online","item":"https:\/\/pegasrestaurant.md\/it\/acquista-online\/"},{"@type":"ListItem","position":3,"name":"Salmone al forno con salsa berblan"}]},{"@type":"WebSite","@id":"https:\/\/pegasrestaurant.md\/en\/#website","url":"https:\/\/pegasrestaurant.md\/en\/","name":"Pegas Terrace &amp; Restaurant","description":"","potentialAction":[{"@type":"SearchAction","target":{"@type":"EntryPoint","urlTemplate":"https:\/\/pegasrestaurant.md\/en\/?s={search_term_string}"},"query-input":"required name=search_term_string"}],"inLanguage":"it-IT"}]}},"_links":{"self":[{"href":"https:\/\/pegasrestaurant.md\/it\/wp-json\/wp\/v2\/product\/16674","targetHints":{"allow":["GET"]}}],"collection":[{"href":"https:\/\/pegasrestaurant.md\/it\/wp-json\/wp\/v2\/product"}],"about":[{"href":"https:\/\/pegasrestaurant.md\/it\/wp-json\/wp\/v2\/types\/product"}],"version-history":[{"count":0,"href":"https:\/\/pegasrestaurant.md\/it\/wp-json\/wp\/v2\/product\/16674\/revisions"}],"wp:featuredmedia":[{"embeddable":true,"href":"https:\/\/pegasrestaurant.md\/it\/wp-json\/wp\/v2\/media\/8326"}],"wp:attachment":[{"href":"https:\/\/pegasrestaurant.md\/it\/wp-json\/wp\/v2\/media?parent=16674"}],"wp:term":[{"taxonomy":"product_cat","embeddable":true,"href":"https:\/\/pegasrestaurant.md\/it\/wp-json\/wp\/v2\/product_cat?post=16674"},{"taxonomy":"product_tag","embeddable":true,"href":"https:\/\/pegasrestaurant.md\/it\/wp-json\/wp\/v2\/product_tag?post=16674"}],"curies":[{"name":"wp","href":"https:\/\/api.w.org\/{rel}","templated":true}]}}