{"id":16276,"date":"2023-05-26T10:52:52","date_gmt":"2023-05-26T07:52:52","guid":{"rendered":"https:\/\/pegasrestaurant.md\/product\/sate-di-frutti-di-mare\/"},"modified":"2023-05-26T10:52:52","modified_gmt":"2023-05-26T07:52:52","slug":"sate-di-frutti-di-mare","status":"publish","type":"product","link":"https:\/\/pegasrestaurant.md\/it\/prodotto\/sate-di-frutti-di-mare\/","title":{"rendered":"Sat\u00e9 di frutti di mare"},"content":{"rendered":"<p>Sapevate che al Pegas Terrace &amp; Restaurant prepariamo il saut\u00e9 di frutti di mare con il sapore dell&#8217;estate? Sono la salsa piccante, la baguette fresca e ovviamente i frutti di mare a renderlo cosi. \u00c8 possibile rivivere le vacanze senza uscire di casa, ordinando i frutti di mare.<\/p>\n","protected":false},"excerpt":{"rendered":"<p><span style=\"color: #c9ab81;\"><strong>\u0412\u0435\u0441:<\/strong><\/span> 1\/350 g<\/p>\n<p><span style=\"color: #c9ab81;\"><strong>\u0418\u043d\u0433\u0440\u0435\u0434\u0438\u0435\u043d\u0442\u044b: <\/strong><\/span>Capasanta, gamberetti, calamari, aglio, peperoncino, burro, brodo<\/p>\n","protected":false},"featured_media":0,"template":"","meta":{"inline_featured_image":false},"product_cat":[103],"product_tag":[],"class_list":["post-16276","product","type-product","status-publish","hentry","product_cat-pesce"],"yoast_head":"<!-- This site is optimized with the Yoast SEO plugin v19.6.1 - https:\/\/yoast.com\/wordpress\/plugins\/seo\/ -->\n<title>Saut\u00e9 di frutti di mare | Piatti di pesce di Pegas [Men\u00f9 2023]<\/title>\n<meta name=\"description\" content=\"Saut\u00e9 dal chef Pegas. Capesante, calamari, gamberi, brodo. Piatti freddi e caldi di pesce e frutti di mare al ristorante Pegas\" \/>\n<meta name=\"robots\" content=\"index, follow, max-snippet:-1, max-image-preview:large, max-video-preview:-1\" \/>\n<link rel=\"canonical\" href=\"https:\/\/pegasrestaurant.md\/it\/prodotto\/sate-di-frutti-di-mare\/\" \/>\n<meta property=\"og:locale\" content=\"it_IT\" \/>\n<meta property=\"og:type\" content=\"article\" \/>\n<meta property=\"og:title\" content=\"Saut\u00e9 di frutti di mare | Piatti di pesce di Pegas [Men\u00f9 2023]\" \/>\n<meta property=\"og:description\" content=\"Saut\u00e9 dal chef Pegas. Capesante, calamari, gamberi, brodo. Piatti freddi e caldi di pesce e frutti di mare al ristorante Pegas\" \/>\n<meta property=\"og:url\" content=\"https:\/\/pegasrestaurant.md\/it\/prodotto\/sate-di-frutti-di-mare\/\" \/>\n<meta property=\"og:site_name\" content=\"Pegas Terrace &amp; Restaurant\" \/>\n<meta name=\"twitter:card\" content=\"summary_large_image\" \/>\n<script type=\"application\/ld+json\" class=\"yoast-schema-graph\">{\"@context\":\"https:\/\/schema.org\",\"@graph\":[{\"@type\":\"WebPage\",\"@id\":\"https:\/\/pegasrestaurant.md\/it\/prodotto\/sate-di-frutti-di-mare\/\",\"url\":\"https:\/\/pegasrestaurant.md\/it\/prodotto\/sate-di-frutti-di-mare\/\",\"name\":\"Saut\u00e9 di frutti di mare | Piatti di pesce di Pegas [Men\u00f9 2023]\",\"isPartOf\":{\"@id\":\"https:\/\/pegasrestaurant.md\/en\/#website\"},\"datePublished\":\"2023-05-26T07:52:52+00:00\",\"dateModified\":\"2023-05-26T07:52:52+00:00\",\"description\":\"Saut\u00e9 dal chef Pegas. Capesante, calamari, gamberi, brodo. Piatti freddi e caldi di pesce e frutti di mare al ristorante Pegas\",\"breadcrumb\":{\"@id\":\"https:\/\/pegasrestaurant.md\/it\/prodotto\/sate-di-frutti-di-mare\/#breadcrumb\"},\"inLanguage\":\"it-IT\",\"potentialAction\":[{\"@type\":\"ReadAction\",\"target\":[\"https:\/\/pegasrestaurant.md\/it\/prodotto\/sate-di-frutti-di-mare\/\"]}]},{\"@type\":\"BreadcrumbList\",\"@id\":\"https:\/\/pegasrestaurant.md\/it\/prodotto\/sate-di-frutti-di-mare\/#breadcrumb\",\"itemListElement\":[{\"@type\":\"ListItem\",\"position\":1,\"name\":\"\u0413\u043b\u0430\u0432\u043d\u0430\u044f \u0441\u0442\u0440\u0430\u043d\u0438\u0446\u0430\",\"item\":\"https:\/\/pegasrestaurant.md\/it\/\"},{\"@type\":\"ListItem\",\"position\":2,\"name\":\"Acquista online\",\"item\":\"https:\/\/pegasrestaurant.md\/it\/acquista-online\/\"},{\"@type\":\"ListItem\",\"position\":3,\"name\":\"Sat\u00e9 di frutti di mare\"}]},{\"@type\":\"WebSite\",\"@id\":\"https:\/\/pegasrestaurant.md\/en\/#website\",\"url\":\"https:\/\/pegasrestaurant.md\/en\/\",\"name\":\"Pegas Terrace &amp; Restaurant\",\"description\":\"\",\"potentialAction\":[{\"@type\":\"SearchAction\",\"target\":{\"@type\":\"EntryPoint\",\"urlTemplate\":\"https:\/\/pegasrestaurant.md\/en\/?s={search_term_string}\"},\"query-input\":\"required name=search_term_string\"}],\"inLanguage\":\"it-IT\"}]}<\/script>\n<!-- \/ Yoast SEO plugin. -->","yoast_head_json":{"title":"Saut\u00e9 di frutti di mare | Piatti di pesce di Pegas [Men\u00f9 2023]","description":"Saut\u00e9 dal chef Pegas. Capesante, calamari, gamberi, brodo. Piatti freddi e caldi di pesce e frutti di mare al ristorante Pegas","robots":{"index":"index","follow":"follow","max-snippet":"max-snippet:-1","max-image-preview":"max-image-preview:large","max-video-preview":"max-video-preview:-1"},"canonical":"https:\/\/pegasrestaurant.md\/it\/prodotto\/sate-di-frutti-di-mare\/","og_locale":"it_IT","og_type":"article","og_title":"Saut\u00e9 di frutti di mare | Piatti di pesce di Pegas [Men\u00f9 2023]","og_description":"Saut\u00e9 dal chef Pegas. Capesante, calamari, gamberi, brodo. Piatti freddi e caldi di pesce e frutti di mare al ristorante Pegas","og_url":"https:\/\/pegasrestaurant.md\/it\/prodotto\/sate-di-frutti-di-mare\/","og_site_name":"Pegas Terrace &amp; Restaurant","twitter_card":"summary_large_image","schema":{"@context":"https:\/\/schema.org","@graph":[{"@type":"WebPage","@id":"https:\/\/pegasrestaurant.md\/it\/prodotto\/sate-di-frutti-di-mare\/","url":"https:\/\/pegasrestaurant.md\/it\/prodotto\/sate-di-frutti-di-mare\/","name":"Saut\u00e9 di frutti di mare | Piatti di pesce di Pegas [Men\u00f9 2023]","isPartOf":{"@id":"https:\/\/pegasrestaurant.md\/en\/#website"},"datePublished":"2023-05-26T07:52:52+00:00","dateModified":"2023-05-26T07:52:52+00:00","description":"Saut\u00e9 dal chef Pegas. Capesante, calamari, gamberi, brodo. Piatti freddi e caldi di pesce e frutti di mare al ristorante Pegas","breadcrumb":{"@id":"https:\/\/pegasrestaurant.md\/it\/prodotto\/sate-di-frutti-di-mare\/#breadcrumb"},"inLanguage":"it-IT","potentialAction":[{"@type":"ReadAction","target":["https:\/\/pegasrestaurant.md\/it\/prodotto\/sate-di-frutti-di-mare\/"]}]},{"@type":"BreadcrumbList","@id":"https:\/\/pegasrestaurant.md\/it\/prodotto\/sate-di-frutti-di-mare\/#breadcrumb","itemListElement":[{"@type":"ListItem","position":1,"name":"\u0413\u043b\u0430\u0432\u043d\u0430\u044f \u0441\u0442\u0440\u0430\u043d\u0438\u0446\u0430","item":"https:\/\/pegasrestaurant.md\/it\/"},{"@type":"ListItem","position":2,"name":"Acquista online","item":"https:\/\/pegasrestaurant.md\/it\/acquista-online\/"},{"@type":"ListItem","position":3,"name":"Sat\u00e9 di frutti di mare"}]},{"@type":"WebSite","@id":"https:\/\/pegasrestaurant.md\/en\/#website","url":"https:\/\/pegasrestaurant.md\/en\/","name":"Pegas Terrace &amp; Restaurant","description":"","potentialAction":[{"@type":"SearchAction","target":{"@type":"EntryPoint","urlTemplate":"https:\/\/pegasrestaurant.md\/en\/?s={search_term_string}"},"query-input":"required name=search_term_string"}],"inLanguage":"it-IT"}]}},"_links":{"self":[{"href":"https:\/\/pegasrestaurant.md\/it\/wp-json\/wp\/v2\/product\/16276","targetHints":{"allow":["GET"]}}],"collection":[{"href":"https:\/\/pegasrestaurant.md\/it\/wp-json\/wp\/v2\/product"}],"about":[{"href":"https:\/\/pegasrestaurant.md\/it\/wp-json\/wp\/v2\/types\/product"}],"version-history":[{"count":0,"href":"https:\/\/pegasrestaurant.md\/it\/wp-json\/wp\/v2\/product\/16276\/revisions"}],"wp:attachment":[{"href":"https:\/\/pegasrestaurant.md\/it\/wp-json\/wp\/v2\/media?parent=16276"}],"wp:term":[{"taxonomy":"product_cat","embeddable":true,"href":"https:\/\/pegasrestaurant.md\/it\/wp-json\/wp\/v2\/product_cat?post=16276"},{"taxonomy":"product_tag","embeddable":true,"href":"https:\/\/pegasrestaurant.md\/it\/wp-json\/wp\/v2\/product_tag?post=16276"}],"curies":[{"name":"wp","href":"https:\/\/api.w.org\/{rel}","templated":true}]}}