{"id":13773,"date":"2022-05-18T15:12:41","date_gmt":"2022-05-18T12:12:41","guid":{"rendered":"https:\/\/pegasrestaurant.md\/product\/calamaro-ripieno-ai-gamberetti-con-salsa-di-gamberi-di-fiume\/"},"modified":"2023-05-26T12:26:15","modified_gmt":"2023-05-26T09:26:15","slug":"calamaro-ripieno-ai-gamberetti-con-salsa-di-gamberi-di-fiume","status":"publish","type":"product","link":"https:\/\/pegasrestaurant.md\/it\/prodotto\/calamaro-ripieno-ai-gamberetti-con-salsa-di-gamberi-di-fiume\/","title":{"rendered":"Calamaro ripieno ai gamberetti con salsa di gamberi di fiume"},"content":{"rendered":"<p>Il calamaro ripieno ai gamberetti in salsa di gamberi di fiume, pomodori ed un contorno di soffice pur\u00e8 di patate sono un mix esplosivo per gli amanti dei frutti di mare. Ci prepariamo per Lei un piatto di mare sano ogni giorno!<\/p>\n","protected":false},"excerpt":{"rendered":"<p><span style=\"color: #c9ab81;\"><strong>Porzione:<\/strong><\/span> 200 g<\/p>\n<p>&nbsp;<\/p>\n<p><span style=\"color: #c9ab81;\"><strong>Ingredienti:<\/strong><\/span> <span data-sheets-formula-bar-text-style=\"font-size:15px;color:#000000;font-weight:normal;text-decoration:none;font-family:'Arial';font-style:normal;text-decoration-skip-ink:none;\">Calamaro, gamberetti, salsa di gamberi di fiume, pur\u00e8 di patate, pomodori<\/span><\/p>\n","protected":false},"featured_media":0,"template":"","meta":{"inline_featured_image":false},"product_cat":[103],"product_tag":[],"class_list":["post-13773","product","type-product","status-publish","hentry","product_cat-pesce"],"yoast_head":"<!-- This site is optimized with the Yoast SEO plugin v19.6.1 - https:\/\/yoast.com\/wordpress\/plugins\/seo\/ -->\n<title>Calamaro ripieno di gamberetti con salsa di gamberi di fiume e pur\u00e8 di patate: \u00e8 un pranzo sano e nutriente al Pegas Terrace &amp; Restaurant<\/title>\n<meta name=\"description\" content=\"Calamaro ripieno di gamberetti con pur\u00e8 di patate e salsa ai gamberi di fiume: l&#039;estetica del gusto dal nostro chef. Scelga questo piatto nel Pegas e rimarr\u00e0 soddisfatto!\" \/>\n<meta name=\"robots\" content=\"index, follow, max-snippet:-1, max-image-preview:large, max-video-preview:-1\" \/>\n<link rel=\"canonical\" href=\"https:\/\/pegasrestaurant.md\/it\/prodotto\/calamaro-ripieno-ai-gamberetti-con-salsa-di-gamberi-di-fiume\/\" \/>\n<meta property=\"og:locale\" content=\"it_IT\" \/>\n<meta property=\"og:type\" content=\"article\" \/>\n<meta property=\"og:title\" content=\"Calamaro ripieno di gamberetti con salsa di gamberi di fiume e pur\u00e8 di patate: \u00e8 un pranzo sano e nutriente al Pegas Terrace &amp; Restaurant\" \/>\n<meta property=\"og:description\" content=\"Calamaro ripieno di gamberetti con pur\u00e8 di patate e salsa ai gamberi di fiume: l&#039;estetica del gusto dal nostro chef. Scelga questo piatto nel Pegas e rimarr\u00e0 soddisfatto!\" \/>\n<meta property=\"og:url\" content=\"https:\/\/pegasrestaurant.md\/it\/prodotto\/calamaro-ripieno-ai-gamberetti-con-salsa-di-gamberi-di-fiume\/\" \/>\n<meta property=\"og:site_name\" content=\"Pegas Terrace &amp; Restaurant\" \/>\n<meta property=\"article:modified_time\" content=\"2023-05-26T09:26:15+00:00\" \/>\n<meta name=\"twitter:card\" content=\"summary_large_image\" \/>\n<script type=\"application\/ld+json\" class=\"yoast-schema-graph\">{\"@context\":\"https:\/\/schema.org\",\"@graph\":[{\"@type\":\"WebPage\",\"@id\":\"https:\/\/pegasrestaurant.md\/it\/prodotto\/calamaro-ripieno-ai-gamberetti-con-salsa-di-gamberi-di-fiume\/\",\"url\":\"https:\/\/pegasrestaurant.md\/it\/prodotto\/calamaro-ripieno-ai-gamberetti-con-salsa-di-gamberi-di-fiume\/\",\"name\":\"Calamaro ripieno di gamberetti con salsa di gamberi di fiume e pur\u00e8 di patate: \u00e8 un pranzo sano e nutriente al Pegas Terrace & Restaurant\",\"isPartOf\":{\"@id\":\"https:\/\/pegasrestaurant.md\/en\/#website\"},\"datePublished\":\"2022-05-18T12:12:41+00:00\",\"dateModified\":\"2023-05-26T09:26:15+00:00\",\"description\":\"Calamaro ripieno di gamberetti con pur\u00e8 di patate e salsa ai gamberi di fiume: l'estetica del gusto dal nostro chef. Scelga questo piatto nel Pegas e rimarr\u00e0 soddisfatto!\",\"breadcrumb\":{\"@id\":\"https:\/\/pegasrestaurant.md\/it\/prodotto\/calamaro-ripieno-ai-gamberetti-con-salsa-di-gamberi-di-fiume\/#breadcrumb\"},\"inLanguage\":\"it-IT\",\"potentialAction\":[{\"@type\":\"ReadAction\",\"target\":[\"https:\/\/pegasrestaurant.md\/it\/prodotto\/calamaro-ripieno-ai-gamberetti-con-salsa-di-gamberi-di-fiume\/\"]}]},{\"@type\":\"BreadcrumbList\",\"@id\":\"https:\/\/pegasrestaurant.md\/it\/prodotto\/calamaro-ripieno-ai-gamberetti-con-salsa-di-gamberi-di-fiume\/#breadcrumb\",\"itemListElement\":[{\"@type\":\"ListItem\",\"position\":1,\"name\":\"\u0413\u043b\u0430\u0432\u043d\u0430\u044f \u0441\u0442\u0440\u0430\u043d\u0438\u0446\u0430\",\"item\":\"https:\/\/pegasrestaurant.md\/it\/\"},{\"@type\":\"ListItem\",\"position\":2,\"name\":\"Acquista online\",\"item\":\"https:\/\/pegasrestaurant.md\/it\/acquista-online\/\"},{\"@type\":\"ListItem\",\"position\":3,\"name\":\"Calamaro ripieno ai gamberetti con salsa di gamberi di fiume\"}]},{\"@type\":\"WebSite\",\"@id\":\"https:\/\/pegasrestaurant.md\/en\/#website\",\"url\":\"https:\/\/pegasrestaurant.md\/en\/\",\"name\":\"Pegas Terrace &amp; Restaurant\",\"description\":\"\",\"potentialAction\":[{\"@type\":\"SearchAction\",\"target\":{\"@type\":\"EntryPoint\",\"urlTemplate\":\"https:\/\/pegasrestaurant.md\/en\/?s={search_term_string}\"},\"query-input\":\"required name=search_term_string\"}],\"inLanguage\":\"it-IT\"}]}<\/script>\n<!-- \/ Yoast SEO plugin. -->","yoast_head_json":{"title":"Calamaro ripieno di gamberetti con salsa di gamberi di fiume e pur\u00e8 di patate: \u00e8 un pranzo sano e nutriente al Pegas Terrace & Restaurant","description":"Calamaro ripieno di gamberetti con pur\u00e8 di patate e salsa ai gamberi di fiume: l'estetica del gusto dal nostro chef. Scelga questo piatto nel Pegas e rimarr\u00e0 soddisfatto!","robots":{"index":"index","follow":"follow","max-snippet":"max-snippet:-1","max-image-preview":"max-image-preview:large","max-video-preview":"max-video-preview:-1"},"canonical":"https:\/\/pegasrestaurant.md\/it\/prodotto\/calamaro-ripieno-ai-gamberetti-con-salsa-di-gamberi-di-fiume\/","og_locale":"it_IT","og_type":"article","og_title":"Calamaro ripieno di gamberetti con salsa di gamberi di fiume e pur\u00e8 di patate: \u00e8 un pranzo sano e nutriente al Pegas Terrace & Restaurant","og_description":"Calamaro ripieno di gamberetti con pur\u00e8 di patate e salsa ai gamberi di fiume: l'estetica del gusto dal nostro chef. Scelga questo piatto nel Pegas e rimarr\u00e0 soddisfatto!","og_url":"https:\/\/pegasrestaurant.md\/it\/prodotto\/calamaro-ripieno-ai-gamberetti-con-salsa-di-gamberi-di-fiume\/","og_site_name":"Pegas Terrace &amp; Restaurant","article_modified_time":"2023-05-26T09:26:15+00:00","twitter_card":"summary_large_image","schema":{"@context":"https:\/\/schema.org","@graph":[{"@type":"WebPage","@id":"https:\/\/pegasrestaurant.md\/it\/prodotto\/calamaro-ripieno-ai-gamberetti-con-salsa-di-gamberi-di-fiume\/","url":"https:\/\/pegasrestaurant.md\/it\/prodotto\/calamaro-ripieno-ai-gamberetti-con-salsa-di-gamberi-di-fiume\/","name":"Calamaro ripieno di gamberetti con salsa di gamberi di fiume e pur\u00e8 di patate: \u00e8 un pranzo sano e nutriente al Pegas Terrace & Restaurant","isPartOf":{"@id":"https:\/\/pegasrestaurant.md\/en\/#website"},"datePublished":"2022-05-18T12:12:41+00:00","dateModified":"2023-05-26T09:26:15+00:00","description":"Calamaro ripieno di gamberetti con pur\u00e8 di patate e salsa ai gamberi di fiume: l'estetica del gusto dal nostro chef. Scelga questo piatto nel Pegas e rimarr\u00e0 soddisfatto!","breadcrumb":{"@id":"https:\/\/pegasrestaurant.md\/it\/prodotto\/calamaro-ripieno-ai-gamberetti-con-salsa-di-gamberi-di-fiume\/#breadcrumb"},"inLanguage":"it-IT","potentialAction":[{"@type":"ReadAction","target":["https:\/\/pegasrestaurant.md\/it\/prodotto\/calamaro-ripieno-ai-gamberetti-con-salsa-di-gamberi-di-fiume\/"]}]},{"@type":"BreadcrumbList","@id":"https:\/\/pegasrestaurant.md\/it\/prodotto\/calamaro-ripieno-ai-gamberetti-con-salsa-di-gamberi-di-fiume\/#breadcrumb","itemListElement":[{"@type":"ListItem","position":1,"name":"\u0413\u043b\u0430\u0432\u043d\u0430\u044f \u0441\u0442\u0440\u0430\u043d\u0438\u0446\u0430","item":"https:\/\/pegasrestaurant.md\/it\/"},{"@type":"ListItem","position":2,"name":"Acquista online","item":"https:\/\/pegasrestaurant.md\/it\/acquista-online\/"},{"@type":"ListItem","position":3,"name":"Calamaro ripieno ai gamberetti con salsa di gamberi di fiume"}]},{"@type":"WebSite","@id":"https:\/\/pegasrestaurant.md\/en\/#website","url":"https:\/\/pegasrestaurant.md\/en\/","name":"Pegas Terrace &amp; Restaurant","description":"","potentialAction":[{"@type":"SearchAction","target":{"@type":"EntryPoint","urlTemplate":"https:\/\/pegasrestaurant.md\/en\/?s={search_term_string}"},"query-input":"required name=search_term_string"}],"inLanguage":"it-IT"}]}},"_links":{"self":[{"href":"https:\/\/pegasrestaurant.md\/it\/wp-json\/wp\/v2\/product\/13773","targetHints":{"allow":["GET"]}}],"collection":[{"href":"https:\/\/pegasrestaurant.md\/it\/wp-json\/wp\/v2\/product"}],"about":[{"href":"https:\/\/pegasrestaurant.md\/it\/wp-json\/wp\/v2\/types\/product"}],"version-history":[{"count":0,"href":"https:\/\/pegasrestaurant.md\/it\/wp-json\/wp\/v2\/product\/13773\/revisions"}],"wp:attachment":[{"href":"https:\/\/pegasrestaurant.md\/it\/wp-json\/wp\/v2\/media?parent=13773"}],"wp:term":[{"taxonomy":"product_cat","embeddable":true,"href":"https:\/\/pegasrestaurant.md\/it\/wp-json\/wp\/v2\/product_cat?post=13773"},{"taxonomy":"product_tag","embeddable":true,"href":"https:\/\/pegasrestaurant.md\/it\/wp-json\/wp\/v2\/product_tag?post=13773"}],"curies":[{"name":"wp","href":"https:\/\/api.w.org\/{rel}","templated":true}]}}