{"id":9038,"date":"2021-05-04T10:07:15","date_gmt":"2021-05-04T07:07:15","guid":{"rendered":"https:\/\/pegasrestaurant.md\/politica-di-protezione\/"},"modified":"2021-05-04T10:19:08","modified_gmt":"2021-05-04T07:19:08","slug":"politica-di-protezione","status":"publish","type":"page","link":"https:\/\/pegasrestaurant.md\/it\/politica-di-protezione\/","title":{"rendered":"Politica di protezione"},"content":{"rendered":"<h2>Politica di protezione dei dati di carattere personale<\/h2>\n<p>Pegas-RT SRL (Pegas Terrace &amp; Restaurant), con sede in: Chisinau, Ul. Albisoara 20\/1, comunica che i dati personali vengono elaborati dalla societ\u00e0 Pegas-RT SRL (Pegas Terrace &amp; Restaurant) (di seguito la \u201csociet\u00e0\u201d, il \u201cristorante) in conformit\u00e0 con la presente politica di protezione dei dati di carattere personale (di seguito la \u201cpolitica\u201d o la \u201cpolitica di protezione dei dati\u201d).<br \/>\nLa presente politica \u00e8 stata redatta secondo e in conformit\u00e0 con i requisiti dell\u2019ordinamento vigente in materia di protezione dati di carattere personale ed \u00e8 estesa all\u2019elaborazione di tutte le informazioni che si trovano sul dominio Pegasterstaurant.md (di seguito il \u201cSito\u201d), che il ristorante riceve dall\u2019Utente durante la sua visita del suddetto sito e quando effettua qualsiasi azione sul Sito.<br \/>\nDisposizioni generali<\/p>\n<p>1.1. Ai sensi del regolamento nazionale (Decreto Esecutivo n. 1123 del 14 dicembre 2019 sull\u2019omologazione dei requisiti per la garanzia della sicurezza dei dati personali elaborati nei sistemi informatici di dati personali) e il regolamento europeo (Convenzione del consiglio europeo n. 108 sulla protezione dei privati in relazione all\u2019elaborazione automatica dei dati di carattere personale del 28 gennaio 1981), la Societ\u00e0 \u00e8 obbligata ad elaborare i dati di carattere personale ad essa inviati in modo sicuro e solo per scopi specifici.<\/p>\n<p>1.2. L\u2019accesso alla politica di protezione dei dati \u00e8 concesso a tutti i soggetti titolari di dati personali.<br \/>\nPrincipi e condizioni dell\u2019elaborazione dei dati di carattere personale da parte della societ\u00e0<\/p>\n<p>2.1. La societ\u00e0 elabora i dati di carattere personale in conformit\u00e0 con i seguenti principi:<\/p>\n<ul>\n<li>Ai sensi del regolamento in materia di protezione, riservatezza e dei diritti dei soggetti titolari di dati personali;<\/li>\n<li>il rispetto delle finalit\u00e0 legali e predeterminate per la raccolta e il trattamento dei dati personali;<\/li>\n<li>La prevenzione della creazione di basi dati personali condivise, la cui elaborazione non \u00e8 compatibile fra di essi;<\/li>\n<li>Per non permettere discrepanze tra le finalit\u00e0 della raccolta e dell&#8217;elaborazione dei dati, il contenuto e il volume dei dati personali raccolti e trattati;<\/li>\n<li>La presentazione di informazioni complete, accurate e aggiornate in merito all\u2019elaborazione dei dati di carattere personale e gli scopi di tale elaborazione;<\/li>\n<li>La distruzione oppure la trasformazione in forma anonima dei dati personali dopo il raggiungimento degli scopi predefiniti e la loro elaborazione, in manza di una futura necessit\u00e0 al raggiungimento di tali scopi, oppure o in caso di violazioni della protezione dei dati, se non diversamente previsto dalla legge applicabile;<\/li>\n<li>fornire informazioni complete, affidabili e accurate sui prodotti e servizi acquistati al fine di proteggere i diritti e gli interessi legittimi dell\u2019Utente.<\/li>\n<\/ul>\n<p>2.2. In che modo la societ\u00e0 raccoglie i dati di carattere personale<\/p>\n<p>Riceviamo le informazioni degli utenti quando visitano il sito del Ristorante. Durante la visita degli Utenti del sito le seguenti informazioni vengono raccolte automaticamente:<\/p>\n<ul>\n<li>Informazioni tecniche, incluso il tipo di dispositivo utilizzato, l\u2019indirizzo IP, il browser e il tipo di sistema operativo utilizzato per la connessione internet del vostro computer. Queste informazioni vengono raccolte per migliorare i servizi offerti.<\/li>\n<li>Informazioni sulla visita del sito da parte dell\u2019Utente. Per esempio, le informazioni sulle pagine del sito che vengono visitate dall\u2019Utente, e anche la durata della visita di pagine specifiche, prodotti e servizi visualizzati e cercati dall\u2019Utente, le fonti deri referral (ad esempio: come l\u2019Utente \u00e8 arrivato al sito).<\/li>\n<li>Raccogliamo ed elaboriamo i dati di carattere personale utilizzando i file cookies presenti sul sito.<\/li>\n<\/ul>\n<p>2.3. I dati di carattere personale da noi raccolti, conservati ed elaborati, vengono inviati alla Societ\u00e0 direttamente dall&#8217;Utente al momento dell&#8217;inserimento delle informazioni nel modulo di registrazione o di contatto presente sul Sito, e possono includere i seguenti dati:<\/p>\n<ul>\n<li>Il cognome, nome e patronimico dell\u2019Utente del Sito<\/li>\n<li>Il cognome, nome e patronimico dell\u2019acquirente dell\u2019ordine<\/li>\n<li>Indirizzo di consegna dei prodotti della Societ\u00e0<\/li>\n<li>Telefono di contatto<\/li>\n<li>Indirizzo di posta elettronica<\/li>\n<li>Altre informazioni fornite dall\u2019Utente<\/li>\n<\/ul>\n<p>2.4. Come e perch\u00e8 vengono utilizzate le informazioni sull\u2019Utente raccolte dalla societ\u00e0<\/p>\n<p>La societ\u00e0 ha la facolt\u00e0 di utilizzare i dati di carattere personale per vari scopi, che possono includere:<\/p>\n<ul>\n<li>La fornitura dei servizi, prodotti o le informazioni richieste dall\u2019Utente;<\/li>\n<li>L\u2019elaborazione degli ordini inviati all\u2019Utente;<\/li>\n<li>L\u2019elaborazione e la ricezione dei pagamenti dall\u2019Utente;<\/li>\n<li>Il rispetto delle obbligazioni della Societ\u00e0 in base a qualsiasi contratto stipulato tra l\u2019Utente e la Societ\u00e0;<\/li>\n<li>tenere traccia delle interazioni tra la Societ\u00e0 e l&#8217;Utente;<\/li>\n<li>Lo svolgimento delle analisi e delle ricerche di mercato con lo scopo di migliorare servizi, prodotti e informazioni della Societ\u00e0;<\/li>\n<li>L\u2019elaborazione delle richiest di partecipazione a offerte e alle competizioni organizzate dalla Societ\u00e0;<\/li>\n<li>La ricerca dei suggerimenti e dei commenti dell\u2019Utente sui servizi forniti dalla Societ\u00e0;<\/li>\n<li>Notificare al cliente della modifica dei servizi della Societ\u00e0;<\/li>\n<li>L\u2019invio dei messaggi richiesti dall\u2019Utente, che possono essere di suo interesse. Tali messaggi possono includere informazioni su campagne, eventi e anche promozioni di prodotti e servizi.<\/li>\n<\/ul>\n<p>A chi possiamo permettere l\u2019accesso ai dati dell\u2019Utente<\/p>\n<p>L\u2019accesso ai dati dell\u2019Utente della Societ\u00e0 viene permesso solo alle strutture governative autorizzate dietro loro richiesta, e nello specifico alle autorit\u00e0 giudiziarie, al servizio di informazioni e sicurezza e ail centro nazionale anticorruzione.<\/p>\n<p>Ai sensi dei requisiti di legge o sugli atti normativi in vigore, la Societ\u00e0 ha la facolt\u00e0 di divulgare i dati personali dell\u2019utente alle Autorit\u00e0 Giudiziarie, al servizio Informazioni e Sicurezza e al centro nazionale anticorruzione.<\/p>\n<p>Informazioni aggiuntive sull\u2019utilizzo da parte nostra della tecnologia per il tracciamento e la personalizzazione della pubblicit\u00e0<br \/>\nLa societ\u00e0 collabora con partner che forniscono una moltitudine di funzioni per il Sito del Ristorante, le quali utilizzano i dati sull\u2019utilizzo da parte dell\u2019utente del sito della societ\u00e0 e di altri siti. La nostra Societ\u00e0 utilizza i file cookie per i seguenti fini:<\/p>\n<ul>\n<li>Operazioni sul sito: implementazione di funzioni, necessarie per la fornitura di servizi all\u2019Utente sul sito, come l\u2019identificazione dell\u2019Utente quando accede al sistema, il tracciamento delle visualizzazioni dei contenuti e il salvataggio delle preferenze dell\u2019Utente e la quantit\u00e0 di volte in cui viene mostrata la pubblicit\u00e0 all\u2019Utente.<\/li>\n<li>Analisi: permette alla Societ\u00e0 di comprendere come vengono utilizzati i nostri servizi, di seguire la produttivit\u00e0 del sito e di apportare dei miglioramenti.<\/li>\n<li>Personalizzazione delle pubblicit\u00e0. La fornitura di pubblicit\u00e0 personalizzate secondo le preferenze o gli interessi dell\u2019Utente in merito ai servizi e ai dispositivi, e anche misurare l\u2019efficienza della pubblicit\u00e0.<\/li>\n<li>Social Media: la possibilit\u00e0 di scambiare contenuti sui servizi della Societ\u00e0 tramite i social media e altri siti.<\/li>\n<\/ul>\n<p>La maggioranza dei browser accettano automaticamente i file cookie, ma l\u2019utente, a propria discrezione, pu\u00f2 modificare le impostaizoni del browser per disabilitare o rifiutare i file cookie. Se l\u2019utente elimina il file cookie e imposta il browser in modo che rifiuti i file di cookie, alcune funzioni del sito potrebbero non essere disponibili, oppure potrebbero funzionare o non funzionare come ci si aspetta. L\u2019utente pu\u00f2 anche rifiutare il tracciamento e disabilitarlo, interagendo direttamente con terzi che tengono traccia delle informazioni sui nostri servizi.<\/p>\n<p>L\u2019utente pu\u00f2 sapere di pi\u00f9 in merito alle proprie facolt\u00e0 di rifiutarsi al tracciamento delle applicazioni mobili da parte di alcune reti pubblicitarie attraverso le impostazioni del proprio dispositivo e reimpostando l&#8217;ID dell&#8217;inserzionista sul proprio dispositivo Apple o Android.<\/p>\n<p>Opposizione all\u2019inclusione dei dati dell\u2019utente nelle mailing list<\/p>\n<p>L\u2019utente pu\u00f2 opporsi alla sua presenza nelle mailing list della Societ\u00e0 nelle modalit\u00e0 seguenti:<\/p>\n<ul>\n<li>Gestire le proprie preferenze. L\u2019utente pu\u00f2 gestire le proprie preferenze al fine di ricevere solo quelle mail che gli interessano visitando il proprio \u201cCentro Preferenze\u201d, il cui link si trova nel footer e in fondo a tutte le e-mail di marketing.<\/li>\n<li>Rifiutarsi a tutte le newsletter. Nella parte inferiore delle mail di marketing \u00e8 presente il link per l\u2019annullamento della sottoscrizione. Basta premere sul link per rimuovere la propria sottoscrizione alla newsletter, ma i propri dati rimarranno sul sistema.<\/li>\n<\/ul>\n<p>Disposizioni finali<\/p>\n<p>6.1. La societ\u00e0 pu\u00f2 apportare modifiche e aggiunte alla presente Politica in qualsiasi momento senza darne preavviso all\u2019Utente per ragioni dovute a modifiche al corrente ordinamento oppure a sua propria discrezione, nel rispetto dei diritti e degli interessi legali dell\u2019utente.<\/p>\n<p>6.2. \u00c8 responsabilit\u00e0 dell&#8217;utente assicurarsi che la Politica sia letta e compresa in modo tempestivo. La societ\u00e0 non \u00e8 responsabile per qualsiasi disagio, frustrazione o danno subito dall\u2019Utente in seguito alla sua non tempestiva familiarizzazione con la presente Politica.<\/p>\n","protected":false},"excerpt":{"rendered":"<p>Politica di protezione dei dati di carattere personale Pegas-RT SRL (Pegas Terrace &amp; Restaurant), con sede in: Chisinau, Ul. Albisoara 20\/1, comunica che i dati personali vengono elaborati dalla societ\u00e0 Pegas-RT SRL (Pegas Terrace &amp; Restaurant) (di seguito la \u201csociet\u00e0\u201d, il \u201cristorante) in conformit\u00e0 con la presente politica di protezione dei dati di carattere personale (di seguito la \u201cpolitica\u201d o [&hellip;]<\/p>\n","protected":false},"author":1,"featured_media":0,"parent":0,"menu_order":0,"comment_status":"closed","ping_status":"closed","template":"","meta":{"inline_featured_image":false,"footnotes":""},"class_list":["post-9038","page","type-page","status-publish","hentry"],"yoast_head":"<!-- This site is optimized with the Yoast SEO plugin v19.6.1 - https:\/\/yoast.com\/wordpress\/plugins\/seo\/ -->\n<title>Politica di protezione - Pegas Terrace &amp; Restaurant<\/title>\n<meta name=\"robots\" content=\"index, follow, max-snippet:-1, max-image-preview:large, max-video-preview:-1\" \/>\n<link rel=\"canonical\" href=\"https:\/\/pegasrestaurant.md\/it\/politica-di-protezione\/\" \/>\n<meta property=\"og:locale\" content=\"it_IT\" \/>\n<meta property=\"og:type\" content=\"article\" \/>\n<meta property=\"og:title\" content=\"Politica di protezione - Pegas Terrace &amp; Restaurant\" \/>\n<meta property=\"og:description\" content=\"Politica di protezione dei dati di carattere personale Pegas-RT SRL (Pegas Terrace &amp; Restaurant), con sede in: Chisinau, Ul. Albisoara 20\/1, comunica che i dati personali vengono elaborati dalla societ\u00e0 Pegas-RT SRL (Pegas Terrace &amp; Restaurant) (di seguito la \u201csociet\u00e0\u201d, il \u201cristorante) in conformit\u00e0 con la presente politica di protezione dei dati di carattere personale (di seguito la \u201cpolitica\u201d o [&hellip;]\" \/>\n<meta property=\"og:url\" content=\"https:\/\/pegasrestaurant.md\/it\/politica-di-protezione\/\" \/>\n<meta property=\"og:site_name\" content=\"Pegas Terrace &amp; Restaurant\" \/>\n<meta property=\"article:modified_time\" content=\"2021-05-04T07:19:08+00:00\" \/>\n<meta name=\"twitter:card\" content=\"summary_large_image\" \/>\n<meta name=\"twitter:label1\" content=\"Tempo di lettura stimato\" \/>\n\t<meta name=\"twitter:data1\" content=\"6 minuti\" \/>\n<script type=\"application\/ld+json\" class=\"yoast-schema-graph\">{\"@context\":\"https:\/\/schema.org\",\"@graph\":[{\"@type\":\"WebPage\",\"@id\":\"https:\/\/pegasrestaurant.md\/it\/politica-di-protezione\/\",\"url\":\"https:\/\/pegasrestaurant.md\/it\/politica-di-protezione\/\",\"name\":\"Politica di protezione - Pegas Terrace &amp; Restaurant\",\"isPartOf\":{\"@id\":\"https:\/\/pegasrestaurant.md\/en\/#website\"},\"datePublished\":\"2021-05-04T07:07:15+00:00\",\"dateModified\":\"2021-05-04T07:19:08+00:00\",\"breadcrumb\":{\"@id\":\"https:\/\/pegasrestaurant.md\/it\/politica-di-protezione\/#breadcrumb\"},\"inLanguage\":\"it-IT\",\"potentialAction\":[{\"@type\":\"ReadAction\",\"target\":[\"https:\/\/pegasrestaurant.md\/it\/politica-di-protezione\/\"]}]},{\"@type\":\"BreadcrumbList\",\"@id\":\"https:\/\/pegasrestaurant.md\/it\/politica-di-protezione\/#breadcrumb\",\"itemListElement\":[{\"@type\":\"ListItem\",\"position\":1,\"name\":\"\u0413\u043b\u0430\u0432\u043d\u0430\u044f \u0441\u0442\u0440\u0430\u043d\u0438\u0446\u0430\",\"item\":\"https:\/\/pegasrestaurant.md\/it\/\"},{\"@type\":\"ListItem\",\"position\":2,\"name\":\"Politica di protezione\"}]},{\"@type\":\"WebSite\",\"@id\":\"https:\/\/pegasrestaurant.md\/en\/#website\",\"url\":\"https:\/\/pegasrestaurant.md\/en\/\",\"name\":\"Pegas Terrace &amp; Restaurant\",\"description\":\"\",\"potentialAction\":[{\"@type\":\"SearchAction\",\"target\":{\"@type\":\"EntryPoint\",\"urlTemplate\":\"https:\/\/pegasrestaurant.md\/en\/?s={search_term_string}\"},\"query-input\":\"required name=search_term_string\"}],\"inLanguage\":\"it-IT\"}]}<\/script>\n<!-- \/ Yoast SEO plugin. -->","yoast_head_json":{"title":"Politica di protezione - Pegas Terrace &amp; Restaurant","robots":{"index":"index","follow":"follow","max-snippet":"max-snippet:-1","max-image-preview":"max-image-preview:large","max-video-preview":"max-video-preview:-1"},"canonical":"https:\/\/pegasrestaurant.md\/it\/politica-di-protezione\/","og_locale":"it_IT","og_type":"article","og_title":"Politica di protezione - Pegas Terrace &amp; Restaurant","og_description":"Politica di protezione dei dati di carattere personale Pegas-RT SRL (Pegas Terrace &amp; Restaurant), con sede in: Chisinau, Ul. Albisoara 20\/1, comunica che i dati personali vengono elaborati dalla societ\u00e0 Pegas-RT SRL (Pegas Terrace &amp; Restaurant) (di seguito la \u201csociet\u00e0\u201d, il \u201cristorante) in conformit\u00e0 con la presente politica di protezione dei dati di carattere personale (di seguito la \u201cpolitica\u201d o [&hellip;]","og_url":"https:\/\/pegasrestaurant.md\/it\/politica-di-protezione\/","og_site_name":"Pegas Terrace &amp; Restaurant","article_modified_time":"2021-05-04T07:19:08+00:00","twitter_card":"summary_large_image","twitter_misc":{"Tempo di lettura stimato":"6 minuti"},"schema":{"@context":"https:\/\/schema.org","@graph":[{"@type":"WebPage","@id":"https:\/\/pegasrestaurant.md\/it\/politica-di-protezione\/","url":"https:\/\/pegasrestaurant.md\/it\/politica-di-protezione\/","name":"Politica di protezione - Pegas Terrace &amp; Restaurant","isPartOf":{"@id":"https:\/\/pegasrestaurant.md\/en\/#website"},"datePublished":"2021-05-04T07:07:15+00:00","dateModified":"2021-05-04T07:19:08+00:00","breadcrumb":{"@id":"https:\/\/pegasrestaurant.md\/it\/politica-di-protezione\/#breadcrumb"},"inLanguage":"it-IT","potentialAction":[{"@type":"ReadAction","target":["https:\/\/pegasrestaurant.md\/it\/politica-di-protezione\/"]}]},{"@type":"BreadcrumbList","@id":"https:\/\/pegasrestaurant.md\/it\/politica-di-protezione\/#breadcrumb","itemListElement":[{"@type":"ListItem","position":1,"name":"\u0413\u043b\u0430\u0432\u043d\u0430\u044f \u0441\u0442\u0440\u0430\u043d\u0438\u0446\u0430","item":"https:\/\/pegasrestaurant.md\/it\/"},{"@type":"ListItem","position":2,"name":"Politica di protezione"}]},{"@type":"WebSite","@id":"https:\/\/pegasrestaurant.md\/en\/#website","url":"https:\/\/pegasrestaurant.md\/en\/","name":"Pegas Terrace &amp; Restaurant","description":"","potentialAction":[{"@type":"SearchAction","target":{"@type":"EntryPoint","urlTemplate":"https:\/\/pegasrestaurant.md\/en\/?s={search_term_string}"},"query-input":"required name=search_term_string"}],"inLanguage":"it-IT"}]}},"_links":{"self":[{"href":"https:\/\/pegasrestaurant.md\/it\/wp-json\/wp\/v2\/pages\/9038","targetHints":{"allow":["GET"]}}],"collection":[{"href":"https:\/\/pegasrestaurant.md\/it\/wp-json\/wp\/v2\/pages"}],"about":[{"href":"https:\/\/pegasrestaurant.md\/it\/wp-json\/wp\/v2\/types\/page"}],"author":[{"embeddable":true,"href":"https:\/\/pegasrestaurant.md\/it\/wp-json\/wp\/v2\/users\/1"}],"replies":[{"embeddable":true,"href":"https:\/\/pegasrestaurant.md\/it\/wp-json\/wp\/v2\/comments?post=9038"}],"version-history":[{"count":0,"href":"https:\/\/pegasrestaurant.md\/it\/wp-json\/wp\/v2\/pages\/9038\/revisions"}],"wp:attachment":[{"href":"https:\/\/pegasrestaurant.md\/it\/wp-json\/wp\/v2\/media?parent=9038"}],"curies":[{"name":"wp","href":"https:\/\/api.w.org\/{rel}","templated":true}]}}