{"id":18508,"date":"2026-03-02T16:32:13","date_gmt":"2026-03-02T13:32:13","guid":{"rendered":"https:\/\/pegasrestaurant.md\/cakes\/"},"modified":"2026-03-29T14:53:25","modified_gmt":"2026-03-29T11:53:25","slug":"cakes","status":"publish","type":"page","link":"https:\/\/pegasrestaurant.md\/it\/cakes\/","title":{"rendered":"Torta"},"content":{"rendered":"\t\t<div data-elementor-type=\"wp-page\" data-elementor-id=\"18508\" class=\"elementor elementor-18508 elementor-18399\">\n\t\t\t\t\t\t<div class=\"elementor-inner\">\n\t\t\t\t<div class=\"elementor-section-wrap\">\n\t\t\t\t\t\t\t\t\t<section class=\"elementor-section elementor-top-section elementor-element elementor-element-49c3d5c elementor-section-stretched sp_torts_main_img elementor-section-boxed elementor-section-height-default elementor-section-height-default eltdf-parallax-row-no eltdf-content-aligment-left eltdf-elementor-row-grid-no eltdf-disabled-bg-image-bellow-no\" data-id=\"49c3d5c\" data-element_type=\"section\" data-settings=\"{&quot;stretch_section&quot;:&quot;section-stretched&quot;}\">\n\t\t\t\t\t\t<div class=\"elementor-container elementor-column-gap-default\">\n\t\t\t\t\t\t\t<div class=\"elementor-row\">\n\t\t\t\t\t<div class=\"elementor-column elementor-col-100 elementor-top-column elementor-element elementor-element-df7f312\" data-id=\"df7f312\" data-element_type=\"column\">\n\t\t\t<div class=\"elementor-column-wrap elementor-element-populated\">\n\t\t\t\t\t\t\t<div class=\"elementor-widget-wrap\">\n\t\t\t\t\t\t<div class=\"elementor-element elementor-element-736f501 elementor-widget elementor-widget-image\" data-id=\"736f501\" data-element_type=\"widget\" data-widget_type=\"image.default\">\n\t\t\t\t<div class=\"elementor-widget-container\">\n\t\t\t\t\t\t\t\t<div class=\"elementor-image\">\n\t\t\t\t\t\t\t\t\t\t\t\t<img loading=\"lazy\" decoding=\"async\" width=\"935\" height=\"1024\" src=\"https:\/\/pegasrestaurant.md\/wp-content\/uploads\/2026\/03\/fotor-20260326192121-scaled-1-935x1024.avif\" class=\"attachment-large size-large\" alt=\"\" srcset=\"https:\/\/pegasrestaurant.md\/wp-content\/uploads\/2026\/03\/fotor-20260326192121-scaled-1-935x1024.avif 935w, https:\/\/pegasrestaurant.md\/wp-content\/uploads\/2026\/03\/fotor-20260326192121-scaled-1-274x300.avif 274w, https:\/\/pegasrestaurant.md\/wp-content\/uploads\/2026\/03\/fotor-20260326192121-scaled-1-768x841.avif 768w, https:\/\/pegasrestaurant.md\/wp-content\/uploads\/2026\/03\/fotor-20260326192121-scaled-1-1402x1536.avif 1402w, https:\/\/pegasrestaurant.md\/wp-content\/uploads\/2026\/03\/fotor-20260326192121-scaled-1-1870x2048.avif 1870w, https:\/\/pegasrestaurant.md\/wp-content\/uploads\/2026\/03\/fotor-20260326192121-scaled-1-1000x1095.avif 1000w\" sizes=\"auto, (max-width: 935px) 100vw, 935px\" \/>\t\t\t\t\t\t\t\t\t\t\t\t\t\t<\/div>\n\t\t\t\t\t\t<\/div>\n\t\t\t\t<\/div>\n\t\t\t\t\t\t<\/div>\n\t\t\t\t\t<\/div>\n\t\t<\/div>\n\t\t\t\t\t\t\t\t<\/div>\n\t\t\t\t\t<\/div>\n\t\t<\/section>\n\t\t\t\t<section class=\"elementor-section elementor-top-section elementor-element elementor-element-5584af3 elementor-section-stretched elementor-section-boxed elementor-section-height-default elementor-section-height-default eltdf-parallax-row-no eltdf-content-aligment-left eltdf-elementor-row-grid-no eltdf-disabled-bg-image-bellow-no\" data-id=\"5584af3\" data-element_type=\"section\" data-settings=\"{&quot;stretch_section&quot;:&quot;section-stretched&quot;}\">\n\t\t\t\t\t\t<div class=\"elementor-container elementor-column-gap-default\">\n\t\t\t\t\t\t\t<div class=\"elementor-row\">\n\t\t\t\t\t<div class=\"elementor-column elementor-col-100 elementor-top-column elementor-element elementor-element-2314a30\" data-id=\"2314a30\" data-element_type=\"column\">\n\t\t\t<div class=\"elementor-column-wrap elementor-element-populated\">\n\t\t\t\t\t\t\t<div class=\"elementor-widget-wrap\">\n\t\t\t\t\t\t<div class=\"elementor-element elementor-element-702b528 elementor-widget elementor-widget-text-editor\" data-id=\"702b528\" data-element_type=\"widget\" data-widget_type=\"text-editor.default\">\n\t\t\t\t<div class=\"elementor-widget-container\">\n\t\t\t\t\t\t\t\t<div class=\"elementor-text-editor elementor-clearfix\">\n\t\t\t\tIspirazione in ogni briciola <br><br>\nNon ci limitiamo a sfornare, creiamo un&#8217;atmosfera meravigliosa. Il nostro panificio \u00e8 un luogo dove burro naturale, cioccolato belga e frutti di bosco freschi si trasformano in capolavori culinari. Offriamo solo prodotti artigianali, un approccio personalizzato per ogni ordine e una grande passione per il nostro lavoro. <br><br>\n\nLa pasticceria \u00e8 come la musica. Anche la stessa ricetta suoner\u00e0 diversa nelle mani di pasticceri diversi. Ecco perch\u00e9, quando scegliete una torta da noi, avrete sempre una creazione esclusiva e inimitabile. <br><br>\n\nPer effettuare un ordine, contattaci all&#8217;indirizzo <a href=\"tel:+37378800600\">078800600<\/a>\t\t\t\t\t<\/div>\n\t\t\t\t\t\t<\/div>\n\t\t\t\t<\/div>\n\t\t\t\t\t\t<\/div>\n\t\t\t\t\t<\/div>\n\t\t<\/div>\n\t\t\t\t\t\t\t\t<\/div>\n\t\t\t\t\t<\/div>\n\t\t<\/section>\n\t\t\t\t<section class=\"elementor-section elementor-top-section elementor-element elementor-element-e27d47e sp_torts elementor-section-boxed elementor-section-height-default elementor-section-height-default eltdf-parallax-row-no eltdf-content-aligment-left eltdf-elementor-row-grid-no eltdf-disabled-bg-image-bellow-no\" data-id=\"e27d47e\" data-element_type=\"section\">\n\t\t\t\t\t\t<div class=\"elementor-container elementor-column-gap-default\">\n\t\t\t\t\t\t\t<div class=\"elementor-row\">\n\t\t\t\t\t<div class=\"elementor-column elementor-col-25 elementor-top-column elementor-element elementor-element-a0c6a5b\" data-id=\"a0c6a5b\" data-element_type=\"column\">\n\t\t\t<div class=\"elementor-column-wrap elementor-element-populated\">\n\t\t\t\t\t\t\t<div class=\"elementor-widget-wrap\">\n\t\t\t\t\t\t<div class=\"elementor-element elementor-element-529d396 elementor-position-top elementor-vertical-align-top elementor-widget elementor-widget-image-box\" data-id=\"529d396\" data-element_type=\"widget\" data-widget_type=\"image-box.default\">\n\t\t\t\t<div class=\"elementor-widget-container\">\n\t\t\t<div class=\"elementor-image-box-wrapper\"><figure class=\"elementor-image-box-img\"><a href=\"\/it\/cakes\/child-cakes\"><img loading=\"lazy\" decoding=\"async\" width=\"1600\" height=\"2133\" src=\"https:\/\/pegasrestaurant.md\/wp-content\/uploads\/2026\/03\/img_7676.webp\" class=\"attachment-full size-full\" alt=\"\" \/><\/a><\/figure><div class=\"elementor-image-box-content\"><h3 class=\"elementor-image-box-title\"><a href=\"\/it\/cakes\/child-cakes\">Bambini<\/a><\/h3><p class=\"elementor-image-box-description\">\u041f\u0440\u043e\u0441\u043d\u0443\u0432\u0448\u0438\u0441\u044c \u043e\u0434\u043d\u0430\u0436\u0434\u044b \u0443\u0442\u0440\u043e\u043c \u043f\u043e\u0441\u043b\u0435 \u0431\u0435\u0441\u043f\u043e\u043a\u043e\u0439\u043d\u043e\u0433\u043e \u0441\u043d\u0430, \u0413\u0440\u0435\u0433\u043e\u0440 \u0417\u0430\u043c\u0437\u0430 \u043e\u0431\u043d\u0430\u0440\u0443\u0436\u0438\u043b, \u0447\u0442\u043e \u043e\u043d \u0443 \u0441\u0435\u0431\u044f \u0432 \u043f\u043e\u0441\u0442\u0435\u043b\u0438 \u043f\u0440\u0435\u0432\u0440\u0430\u0442\u0438\u043b\u0441\u044f \u0432 \u0441\u0442\u0440\u0430\u0448\u043d\u043e\u0435 \u043d\u0430\u0441\u0435\u043a\u043e\u043c\u043e\u0435.<\/p><\/div><\/div>\t\t<\/div>\n\t\t\t\t<\/div>\n\t\t\t\t\t\t<\/div>\n\t\t\t\t\t<\/div>\n\t\t<\/div>\n\t\t\t\t<div class=\"elementor-column elementor-col-25 elementor-top-column elementor-element elementor-element-b82d65d\" data-id=\"b82d65d\" data-element_type=\"column\">\n\t\t\t<div class=\"elementor-column-wrap elementor-element-populated\">\n\t\t\t\t\t\t\t<div class=\"elementor-widget-wrap\">\n\t\t\t\t\t\t<div class=\"elementor-element elementor-element-f29f881 elementor-position-top elementor-vertical-align-top elementor-widget elementor-widget-image-box\" data-id=\"f29f881\" data-element_type=\"widget\" data-widget_type=\"image-box.default\">\n\t\t\t\t<div class=\"elementor-widget-container\">\n\t\t\t<div class=\"elementor-image-box-wrapper\"><figure class=\"elementor-image-box-img\"><a href=\"\/it\/cakes\/anniversary-cakes\"><img loading=\"lazy\" decoding=\"async\" width=\"1600\" height=\"2133\" src=\"https:\/\/pegasrestaurant.md\/wp-content\/uploads\/2026\/03\/img_4031.webp\" class=\"attachment-full size-full\" alt=\"\" \/><\/a><\/figure><div class=\"elementor-image-box-content\"><h3 class=\"elementor-image-box-title\"><a href=\"\/it\/cakes\/anniversary-cakes\">Anniversario<\/a><\/h3><p class=\"elementor-image-box-description\">\u041f\u0440\u043e\u0441\u043d\u0443\u0432\u0448\u0438\u0441\u044c \u043e\u0434\u043d\u0430\u0436\u0434\u044b \u0443\u0442\u0440\u043e\u043c \u043f\u043e\u0441\u043b\u0435 \u0431\u0435\u0441\u043f\u043e\u043a\u043e\u0439\u043d\u043e\u0433\u043e \u0441\u043d\u0430, \u0413\u0440\u0435\u0433\u043e\u0440 \u0417\u0430\u043c\u0437\u0430 \u043e\u0431\u043d\u0430\u0440\u0443\u0436\u0438\u043b, \u0447\u0442\u043e \u043e\u043d \u0443 \u0441\u0435\u0431\u044f \u0432 \u043f\u043e\u0441\u0442\u0435\u043b\u0438 \u043f\u0440\u0435\u0432\u0440\u0430\u0442\u0438\u043b\u0441\u044f \u0432 \u0441\u0442\u0440\u0430\u0448\u043d\u043e\u0435 \u043d\u0430\u0441\u0435\u043a\u043e\u043c\u043e\u0435.<\/p><\/div><\/div>\t\t<\/div>\n\t\t\t\t<\/div>\n\t\t\t\t\t\t<\/div>\n\t\t\t\t\t<\/div>\n\t\t<\/div>\n\t\t\t\t<div class=\"elementor-column elementor-col-25 elementor-top-column elementor-element elementor-element-ad0d931\" data-id=\"ad0d931\" data-element_type=\"column\">\n\t\t\t<div class=\"elementor-column-wrap elementor-element-populated\">\n\t\t\t\t\t\t\t<div class=\"elementor-widget-wrap\">\n\t\t\t\t\t\t<div class=\"elementor-element elementor-element-958b527 elementor-position-top elementor-vertical-align-top elementor-widget elementor-widget-image-box\" data-id=\"958b527\" data-element_type=\"widget\" data-widget_type=\"image-box.default\">\n\t\t\t\t<div class=\"elementor-widget-container\">\n\t\t\t<div class=\"elementor-image-box-wrapper\"><figure class=\"elementor-image-box-img\"><a href=\"\/it\/cakes\/wedding-cakes\"><img loading=\"lazy\" decoding=\"async\" width=\"1600\" height=\"2133\" src=\"https:\/\/pegasrestaurant.md\/wp-content\/uploads\/2026\/03\/img_7141.webp\" class=\"attachment-full size-full\" alt=\"\" \/><\/a><\/figure><div class=\"elementor-image-box-content\"><h3 class=\"elementor-image-box-title\"><a href=\"\/it\/cakes\/wedding-cakes\">Nozze<\/a><\/h3><p class=\"elementor-image-box-description\">\u041f\u0440\u043e\u0441\u043d\u0443\u0432\u0448\u0438\u0441\u044c \u043e\u0434\u043d\u0430\u0436\u0434\u044b \u0443\u0442\u0440\u043e\u043c \u043f\u043e\u0441\u043b\u0435 \u0431\u0435\u0441\u043f\u043e\u043a\u043e\u0439\u043d\u043e\u0433\u043e \u0441\u043d\u0430, \u0413\u0440\u0435\u0433\u043e\u0440 \u0417\u0430\u043c\u0437\u0430 \u043e\u0431\u043d\u0430\u0440\u0443\u0436\u0438\u043b, \u0447\u0442\u043e \u043e\u043d \u0443 \u0441\u0435\u0431\u044f \u0432 \u043f\u043e\u0441\u0442\u0435\u043b\u0438 \u043f\u0440\u0435\u0432\u0440\u0430\u0442\u0438\u043b\u0441\u044f \u0432 \u0441\u0442\u0440\u0430\u0448\u043d\u043e\u0435 \u043d\u0430\u0441\u0435\u043a\u043e\u043c\u043e\u0435.<\/p><\/div><\/div>\t\t<\/div>\n\t\t\t\t<\/div>\n\t\t\t\t\t\t<\/div>\n\t\t\t\t\t<\/div>\n\t\t<\/div>\n\t\t\t\t<div class=\"elementor-column elementor-col-25 elementor-top-column elementor-element elementor-element-6d9cd85\" data-id=\"6d9cd85\" data-element_type=\"column\">\n\t\t\t<div class=\"elementor-column-wrap elementor-element-populated\">\n\t\t\t\t\t\t\t<div class=\"elementor-widget-wrap\">\n\t\t\t\t\t\t<div class=\"elementor-element elementor-element-f34fe72 elementor-position-top elementor-vertical-align-top elementor-widget elementor-widget-image-box\" data-id=\"f34fe72\" data-element_type=\"widget\" data-widget_type=\"image-box.default\">\n\t\t\t\t<div class=\"elementor-widget-container\">\n\t\t\t<div class=\"elementor-image-box-wrapper\"><figure class=\"elementor-image-box-img\"><a href=\"\/it\/cakes\/exclusive-cakes\"><img loading=\"lazy\" decoding=\"async\" width=\"1600\" height=\"2133\" src=\"https:\/\/pegasrestaurant.md\/wp-content\/uploads\/2026\/03\/img_1424.webp\" class=\"attachment-full size-full\" alt=\"\" \/><\/a><\/figure><div class=\"elementor-image-box-content\"><h3 class=\"elementor-image-box-title\"><a href=\"\/it\/cakes\/exclusive-cakes\">Esclusivo<\/a><\/h3><p class=\"elementor-image-box-description\">\u041f\u0440\u043e\u0441\u043d\u0443\u0432\u0448\u0438\u0441\u044c \u043e\u0434\u043d\u0430\u0436\u0434\u044b \u0443\u0442\u0440\u043e\u043c \u043f\u043e\u0441\u043b\u0435 \u0431\u0435\u0441\u043f\u043e\u043a\u043e\u0439\u043d\u043e\u0433\u043e \u0441\u043d\u0430, \u0413\u0440\u0435\u0433\u043e\u0440 \u0417\u0430\u043c\u0437\u0430 \u043e\u0431\u043d\u0430\u0440\u0443\u0436\u0438\u043b, \u0447\u0442\u043e \u043e\u043d \u0443 \u0441\u0435\u0431\u044f \u0432 \u043f\u043e\u0441\u0442\u0435\u043b\u0438 \u043f\u0440\u0435\u0432\u0440\u0430\u0442\u0438\u043b\u0441\u044f \u0432 \u0441\u0442\u0440\u0430\u0448\u043d\u043e\u0435 \u043d\u0430\u0441\u0435\u043a\u043e\u043c\u043e\u0435.<\/p><\/div><\/div>\t\t<\/div>\n\t\t\t\t<\/div>\n\t\t\t\t\t\t<\/div>\n\t\t\t\t\t<\/div>\n\t\t<\/div>\n\t\t\t\t\t\t\t\t<\/div>\n\t\t\t\t\t<\/div>\n\t\t<\/section>\n\t\t\t\t\t\t\t\t\t<\/div>\n\t\t\t<\/div>\n\t\t\t\t\t<\/div>\n\t\t","protected":false},"excerpt":{"rendered":"<p>Ispirazione in ogni briciola Non ci limitiamo a sfornare, creiamo un&#8217;atmosfera meravigliosa. Il nostro panificio \u00e8 un luogo dove burro naturale, cioccolato belga e frutti di bosco freschi si trasformano in capolavori culinari. Offriamo solo prodotti artigianali, un approccio personalizzato per ogni ordine e una grande passione per il nostro lavoro. La pasticceria \u00e8 come la musica. Anche la stessa [&hellip;]<\/p>\n","protected":false},"author":1,"featured_media":0,"parent":0,"menu_order":0,"comment_status":"closed","ping_status":"closed","template":"","meta":{"inline_featured_image":false,"footnotes":""},"class_list":["post-18508","page","type-page","status-publish","hentry"],"yoast_head":"<!-- This site is optimized with the Yoast SEO plugin v19.6.1 - https:\/\/yoast.com\/wordpress\/plugins\/seo\/ -->\n<title>Torta - Pegas Terrace &amp; Restaurant<\/title>\n<meta name=\"robots\" content=\"index, follow, max-snippet:-1, max-image-preview:large, max-video-preview:-1\" \/>\n<link rel=\"canonical\" href=\"https:\/\/pegasrestaurant.md\/it\/cakes\/\" \/>\n<meta property=\"og:locale\" content=\"it_IT\" \/>\n<meta property=\"og:type\" content=\"article\" \/>\n<meta property=\"og:title\" content=\"Torta - Pegas Terrace &amp; Restaurant\" \/>\n<meta property=\"og:description\" content=\"Ispirazione in ogni briciola Non ci limitiamo a sfornare, creiamo un&#8217;atmosfera meravigliosa. Il nostro panificio \u00e8 un luogo dove burro naturale, cioccolato belga e frutti di bosco freschi si trasformano in capolavori culinari. Offriamo solo prodotti artigianali, un approccio personalizzato per ogni ordine e una grande passione per il nostro lavoro. La pasticceria \u00e8 come la musica. Anche la stessa [&hellip;]\" \/>\n<meta property=\"og:url\" content=\"https:\/\/pegasrestaurant.md\/it\/cakes\/\" \/>\n<meta property=\"og:site_name\" content=\"Pegas Terrace &amp; Restaurant\" \/>\n<meta property=\"article:modified_time\" content=\"2026-03-29T11:53:25+00:00\" \/>\n<meta property=\"og:image\" content=\"https:\/\/pegasrestaurant.md\/wp-content\/uploads\/2026\/03\/fotor-20260326192121-scaled-1-935x1024.avif\" \/>\n<meta name=\"twitter:card\" content=\"summary_large_image\" \/>\n<meta name=\"twitter:label1\" content=\"Tempo di lettura stimato\" \/>\n\t<meta name=\"twitter:data1\" content=\"2 minuti\" \/>\n<script type=\"application\/ld+json\" class=\"yoast-schema-graph\">{\"@context\":\"https:\/\/schema.org\",\"@graph\":[{\"@type\":\"WebPage\",\"@id\":\"https:\/\/pegasrestaurant.md\/it\/cakes\/\",\"url\":\"https:\/\/pegasrestaurant.md\/it\/cakes\/\",\"name\":\"Torta - Pegas Terrace &amp; Restaurant\",\"isPartOf\":{\"@id\":\"https:\/\/pegasrestaurant.md\/en\/#website\"},\"datePublished\":\"2026-03-02T13:32:13+00:00\",\"dateModified\":\"2026-03-29T11:53:25+00:00\",\"breadcrumb\":{\"@id\":\"https:\/\/pegasrestaurant.md\/it\/cakes\/#breadcrumb\"},\"inLanguage\":\"it-IT\",\"potentialAction\":[{\"@type\":\"ReadAction\",\"target\":[\"https:\/\/pegasrestaurant.md\/it\/cakes\/\"]}]},{\"@type\":\"BreadcrumbList\",\"@id\":\"https:\/\/pegasrestaurant.md\/it\/cakes\/#breadcrumb\",\"itemListElement\":[{\"@type\":\"ListItem\",\"position\":1,\"name\":\"\u0413\u043b\u0430\u0432\u043d\u0430\u044f \u0441\u0442\u0440\u0430\u043d\u0438\u0446\u0430\",\"item\":\"https:\/\/pegasrestaurant.md\/it\/\"},{\"@type\":\"ListItem\",\"position\":2,\"name\":\"Torta\"}]},{\"@type\":\"WebSite\",\"@id\":\"https:\/\/pegasrestaurant.md\/en\/#website\",\"url\":\"https:\/\/pegasrestaurant.md\/en\/\",\"name\":\"Pegas Terrace &amp; Restaurant\",\"description\":\"\",\"potentialAction\":[{\"@type\":\"SearchAction\",\"target\":{\"@type\":\"EntryPoint\",\"urlTemplate\":\"https:\/\/pegasrestaurant.md\/en\/?s={search_term_string}\"},\"query-input\":\"required name=search_term_string\"}],\"inLanguage\":\"it-IT\"}]}<\/script>\n<!-- \/ Yoast SEO plugin. -->","yoast_head_json":{"title":"Torta - Pegas Terrace &amp; Restaurant","robots":{"index":"index","follow":"follow","max-snippet":"max-snippet:-1","max-image-preview":"max-image-preview:large","max-video-preview":"max-video-preview:-1"},"canonical":"https:\/\/pegasrestaurant.md\/it\/cakes\/","og_locale":"it_IT","og_type":"article","og_title":"Torta - Pegas Terrace &amp; Restaurant","og_description":"Ispirazione in ogni briciola Non ci limitiamo a sfornare, creiamo un&#8217;atmosfera meravigliosa. Il nostro panificio \u00e8 un luogo dove burro naturale, cioccolato belga e frutti di bosco freschi si trasformano in capolavori culinari. Offriamo solo prodotti artigianali, un approccio personalizzato per ogni ordine e una grande passione per il nostro lavoro. La pasticceria \u00e8 come la musica. Anche la stessa [&hellip;]","og_url":"https:\/\/pegasrestaurant.md\/it\/cakes\/","og_site_name":"Pegas Terrace &amp; Restaurant","article_modified_time":"2026-03-29T11:53:25+00:00","og_image":[{"url":"https:\/\/pegasrestaurant.md\/wp-content\/uploads\/2026\/03\/fotor-20260326192121-scaled-1-935x1024.avif"}],"twitter_card":"summary_large_image","twitter_misc":{"Tempo di lettura stimato":"2 minuti"},"schema":{"@context":"https:\/\/schema.org","@graph":[{"@type":"WebPage","@id":"https:\/\/pegasrestaurant.md\/it\/cakes\/","url":"https:\/\/pegasrestaurant.md\/it\/cakes\/","name":"Torta - Pegas Terrace &amp; Restaurant","isPartOf":{"@id":"https:\/\/pegasrestaurant.md\/en\/#website"},"datePublished":"2026-03-02T13:32:13+00:00","dateModified":"2026-03-29T11:53:25+00:00","breadcrumb":{"@id":"https:\/\/pegasrestaurant.md\/it\/cakes\/#breadcrumb"},"inLanguage":"it-IT","potentialAction":[{"@type":"ReadAction","target":["https:\/\/pegasrestaurant.md\/it\/cakes\/"]}]},{"@type":"BreadcrumbList","@id":"https:\/\/pegasrestaurant.md\/it\/cakes\/#breadcrumb","itemListElement":[{"@type":"ListItem","position":1,"name":"\u0413\u043b\u0430\u0432\u043d\u0430\u044f \u0441\u0442\u0440\u0430\u043d\u0438\u0446\u0430","item":"https:\/\/pegasrestaurant.md\/it\/"},{"@type":"ListItem","position":2,"name":"Torta"}]},{"@type":"WebSite","@id":"https:\/\/pegasrestaurant.md\/en\/#website","url":"https:\/\/pegasrestaurant.md\/en\/","name":"Pegas Terrace &amp; Restaurant","description":"","potentialAction":[{"@type":"SearchAction","target":{"@type":"EntryPoint","urlTemplate":"https:\/\/pegasrestaurant.md\/en\/?s={search_term_string}"},"query-input":"required name=search_term_string"}],"inLanguage":"it-IT"}]}},"_links":{"self":[{"href":"https:\/\/pegasrestaurant.md\/it\/wp-json\/wp\/v2\/pages\/18508","targetHints":{"allow":["GET"]}}],"collection":[{"href":"https:\/\/pegasrestaurant.md\/it\/wp-json\/wp\/v2\/pages"}],"about":[{"href":"https:\/\/pegasrestaurant.md\/it\/wp-json\/wp\/v2\/types\/page"}],"author":[{"embeddable":true,"href":"https:\/\/pegasrestaurant.md\/it\/wp-json\/wp\/v2\/users\/1"}],"replies":[{"embeddable":true,"href":"https:\/\/pegasrestaurant.md\/it\/wp-json\/wp\/v2\/comments?post=18508"}],"version-history":[{"count":35,"href":"https:\/\/pegasrestaurant.md\/it\/wp-json\/wp\/v2\/pages\/18508\/revisions"}],"predecessor-version":[{"id":20366,"href":"https:\/\/pegasrestaurant.md\/it\/wp-json\/wp\/v2\/pages\/18508\/revisions\/20366"}],"wp:attachment":[{"href":"https:\/\/pegasrestaurant.md\/it\/wp-json\/wp\/v2\/media?parent=18508"}],"curies":[{"name":"wp","href":"https:\/\/api.w.org\/{rel}","templated":true}]}}